{"id":3968,"date":"2025-07-15T19:43:29","date_gmt":"2025-07-15T19:43:29","guid":{"rendered":"https:\/\/dolartube.com\/?page_id=3968"},"modified":"2025-07-29T13:10:04","modified_gmt":"2025-07-29T13:10:04","slug":"shorts_creator","status":"publish","type":"page","link":"https:\/\/dolartube.com\/ja\/shorts_creator\/","title":{"rendered":"\u30b7\u30e7\u30fc\u30c8\u30af\u30ea\u30a8\u30a4\u30bf\u30fc\u30d7\u30e9\u30b9\u30de\u30b9\u30bf\u30fc"},"content":{"rendered":"<div data-elementor-type=\"wp-page\" data-elementor-id=\"3968\" class=\"elementor elementor-3968\" data-elementor-post-type=\"page\">\n\t\t\t\t<div data-particle_enable=\"false\" data-particle-mobile-disabled=\"false\" class=\"elementor-element elementor-element-fde1eaf e-con-full e-flex e-con e-parent\" data-id=\"fde1eaf\" data-element_type=\"container\" data-e-type=\"container\">\n\t\t\t\t<div class=\"elementor-element elementor-element-6a0c66f elementor-widget elementor-widget-html\" data-id=\"6a0c66f\" data-element_type=\"widget\" data-e-type=\"widget\" data-widget_type=\"html.default\">\n\t\t\t\t<div class=\"elementor-widget-container\">\n\t\t\t\t\t<!DOCTYPE html>\r\n<html lang=\"pt-BR\">\r\n<head>\r\n    <meta charset=\"UTF-8\">\r\n    <meta name=\"viewport\" content=\"width=device-width, initial-scale=1.0\">\r\n    <title>\u30d0\u30a4\u30e9\u30eb\u30b7\u30e7\u30fc\u30c8\u30af\u30ea\u30a8\u30a4\u30bf\u30fc4.0 - \u30d0\u30a4\u30e9\u30eb\u30d3\u30c7\u30aa\u30de\u30b7\u30f3<\/title>\r\n    <link rel=\"preconnect\" href=\"https:\/\/fonts.googleapis.com\">\r\n    <link rel=\"preconnect\" href=\"https:\/\/fonts.gstatic.com\" crossorigin>\r\n    <link href=\"https:\/\/fonts.googleapis.com\/css2?family=Poppins:wght@400;700;900&display=swap\" rel=\"stylesheet\">\r\n    <link rel=\"stylesheet\" href=\"https:\/\/cdnjs.cloudflare.com\/ajax\/libs\/font-awesome\/5.15.4\/css\/all.min.css\">\r\n    <style>\r\n        :root {\r\n            --primary-color: #6a11cb;\r\n            --secondary-color: #2575fc;\r\n            --cta-color: #28a745;\r\n            --cta-hover-color: #218838;\r\n            --text-color: #333;\r\n            --light-text-color: #fff;\r\n            --bg-color: #f4f7fc;\r\n        }\r\n\r\n        body {\r\n            font-family: 'Poppins', sans-serif;\r\n            line-height: 1.7;\r\n            margin: 0;\r\n            padding: 0;\r\n            background-color: var(--bg-color);\r\n            color: var(--text-color);\r\n        }\r\n\r\n        .container {\r\n            width: 90%;\r\n            max-width: 1100px;\r\n            margin: auto;\r\n            padding: 20px 0;\r\n        }\r\n\r\n        \/* --- Se\u00e7\u00e3o Her\u00f3i --- *\/\r\n        .hero {\r\n            background: linear-gradient(135deg, var(--primary-color), var(--secondary-color));\r\n            color: var(--light-text-color);\r\n            padding: 60px 20px 80px 20px;\r\n            text-align: center;\r\n        }\r\n        .hero h1 {\r\n            font-size: 3.5rem;\r\n            margin-bottom: 15px;\r\n            font-weight: 900;\r\n            text-shadow: 2px 2px 4px rgba(0,0,0,0.2);\r\n        }\r\n        .hero .subtitle {\r\n            font-size: 1.3rem;\r\n            max-width: 700px;\r\n            margin: 0 auto 30px auto;\r\n        }\r\n        .video-container {\r\n            max-width: 800px;\r\n            margin: 40px auto;\r\n            box-shadow: 0 10px 30px rgba(0,0,0,0.3);\r\n            border-radius: 15px;\r\n            overflow: hidden;\r\n            position: relative;\r\n            padding-top: 56.25%; \/* Propor\u00e7\u00e3o 16:9 *\/\r\n        }\r\n        .video-container iframe {\r\n            position: absolute;\r\n            top: 0;\r\n            left: 0;\r\n            width: 100%;\r\n            height: 100%;\r\n            border: 0;\r\n        }\r\n        \r\n        .cta-button {\r\n            display: inline-block;\r\n            background: var(--cta-color);\r\n            color: var(--light-text-color);\r\n            padding: 20px 40px;\r\n            text-decoration: none;\r\n            border-radius: 50px;\r\n            font-size: 1.5rem;\r\n            font-weight: 700;\r\n            text-transform: uppercase;\r\n            box-shadow: 0 5px 15px rgba(0,0,0,0.2);\r\n            transition: transform 0.2s ease, background-color 0.2s ease;\r\n            margin-top: 30px;\r\n        }\r\n        .cta-button:hover {\r\n            background: var(--cta-hover-color);\r\n            transform: scale(1.05);\r\n        }\r\n\r\n        \/* --- Se\u00e7\u00f5es Gerais --- *\/\r\n        .section {\r\n            padding: 60px 20px;\r\n            text-align: center;\r\n        }\r\n        .section-title {\r\n            font-size: 2.5rem;\r\n            font-weight: 700;\r\n            margin-bottom: 40px;\r\n            position: relative;\r\n        }\r\n        .section-title::after {\r\n            content: '';\r\n            width: 80px;\r\n            height: 4px;\r\n            background: var(--primary-color);\r\n            position: absolute;\r\n            bottom: -10px;\r\n            left: 50%;\r\n            transform: translateX(-50%);\r\n            border-radius: 2px;\r\n        }\r\n\r\n        \/* --- Se\u00e7\u00e3o de Dores --- *\/\r\n        .pain-points {\r\n            display: flex;\r\n            justify-content: space-around;\r\n            flex-wrap: wrap;\r\n            gap: 20px;\r\n        }\r\n        .pain-point {\r\n            background: #fff;\r\n            padding: 25px;\r\n            border-radius: 10px;\r\n            box-shadow: 0 4px 20px rgba(0,0,0,0.08);\r\n            width: 220px;\r\n            transition: transform 0.2s;\r\n        }\r\n        .pain-point:hover {\r\n            transform: translateY(-10px);\r\n        }\r\n        .pain-point i {\r\n            font-size: 2.5rem;\r\n            color: var(--primary-color);\r\n            margin-bottom: 15px;\r\n        }\r\n\r\n        \/* --- Se\u00e7\u00e3o de Benef\u00edcios --- *\/\r\n        .features-grid {\r\n            display: grid;\r\n            grid-template-columns: repeat(auto-fit, minmax(300px, 1fr));\r\n            gap: 30px;\r\n            text-align: left;\r\n        }\r\n        .feature-card {\r\n            background: #fff;\r\n            padding: 30px;\r\n            border-radius: 10px;\r\n            box-shadow: 0 4px 20px rgba(0,0,0,0.08);\r\n            border-top: 5px solid var(--secondary-color);\r\n        }\r\n        .feature-card h3 {\r\n            font-size: 1.5rem;\r\n            color: var(--primary-color);\r\n            margin-top: 0;\r\n        }\r\n        .feature-card i {\r\n            margin-right: 10px;\r\n            color: var(--secondary-color);\r\n        }\r\n        \r\n        \/* --- Se\u00e7\u00e3o da Oferta (Stack) --- *\/\r\n        .offer-stack {\r\n            background: #fff;\r\n            padding: 40px;\r\n            border-radius: 15px;\r\n            box-shadow: 0 10px 30px rgba(0,0,0,0.1);\r\n            max-width: 800px;\r\n            margin: 0 auto;\r\n        }\r\n        .offer-item {\r\n            display: flex;\r\n            justify-content: space-between;\r\n            align-items: center;\r\n            padding: 15px 0;\r\n            border-bottom: 1px dashed #ccc;\r\n            font-size: 1.1rem;\r\n        }\r\n        .offer-item:last-child {\r\n            border-bottom: none;\r\n        }\r\n        .item-value {\r\n            font-weight: 700;\r\n            color: #777;\r\n            text-decoration: line-through;\r\n        }\r\n        .total-value {\r\n            text-align: right;\r\n            margin-top: 20px;\r\n            font-size: 1.2rem;\r\n        }\r\n        .final-price {\r\n            font-size: 3rem;\r\n            font-weight: 900;\r\n            color: var(--cta-color);\r\n            margin: 20px 0;\r\n        }\r\n        \r\n        \/* --- FAQ --- *\/\r\n        .faq-item {\r\n            background: #fff;\r\n            margin-bottom: 10px;\r\n            padding: 20px;\r\n            border-radius: 5px;\r\n            text-align: left;\r\n        }\r\n        .faq-item summary {\r\n            font-weight: 700;\r\n            cursor: pointer;\r\n            list-style: none; \/* Remove a seta padr\u00e3o *\/\r\n        }\r\n        .faq-item summary::-webkit-details-marker {\r\n            display: none;\r\n        }\r\n        \r\n        \/* --- Footer --- *\/\r\n        .footer {\r\n            background: #333;\r\n            color: #aaa;\r\n            padding: 40px 20px;\r\n            text-align: center;\r\n        }\r\n\r\n        @media (max-width: 768px) {\r\n            .hero h1 { font-size: 2.5rem; }\r\n            .hero .subtitle { font-size: 1.1rem; }\r\n            .section-title { font-size: 2rem; }\r\n            .cta-button { font-size: 1.2rem; padding: 15px 30px; }\r\n        }\r\n    <\/style>\r\n<\/head>\r\n<body>\r\n    \r\n    <header class=\"hero\">\r\n        <div class=\"container\">\r\n            <h1>\u3042\u306a\u305f\u306e\u305f\u3081\u306b\u50cd\u304f\u30d0\u30a4\u30e9\u30eb\u30b7\u30e7\u30fc\u30c4\u30de\u30b7\u30f3\uff01<\/h1>\r\n            <p class=\"subtitle\">\u3042\u3089\u3086\u308b\u30a2\u30a4\u30c7\u30a2\u3092\u3001\u308f\u305a\u304b\u6570\u5206\u3067\u9b45\u529b\u7684\u3067\u77ed\u3044\u52d5\u753b\u306b\u5909\u3048\u308b\u65b9\u6cd5\u3092\u3054\u7d39\u4ecb\u3057\u307e\u3059\u3002100%\u306e\u81ea\u52d5\u5316\u6280\u8853\u3092\u3054\u89a7\u304f\u3060\u3055\u3044\u3002\u52d5\u753b\u3067\u81ea\u52d5\u5316\u306e\u5a01\u529b\u3092\u5b9f\u611f\u3057\u3066\u304f\u3060\u3055\u3044\uff01<\/p>\r\n            \r\n            <div class=\"video-container\">\r\n                <iframe width=\"560\" height=\"315\" src=\"https:\/\/www.youtube.com\/embed\/McxFxb_b4xA?si=MyLJBSYeLG2B_ANz\" title=\"YouTube\u30d3\u30c7\u30aa\u30d7\u30ec\u30fc\u30e4\u30fc\" frameborder=\"0\" allow=\"accelerometer; autoplay; clipboard-write; encrypted-media; gyroscope; picture-in-picture; web-share\" referrerpolicy=\"strict-origin-when-cross-origin\" allowfullscreen><\/iframe>\r\n            <\/div>\r\n\r\n            <a href=\"https:\/\/pay.hotmart.com\/P100845896H?off=25wlu86v\" class=\"cta-button\">\u4eca\u3059\u3050\u30d0\u30a4\u30e9\u30eb\u306b\u306a\u308a\u305f\u3044\uff01<\/a>\r\n        <\/div>\r\n    <\/header>\r\n\r\n    <main>\r\n        <section class=\"section\">\r\n            <div class=\"container\">\r\n                <h2 class=\"section-title\">\u3042\u306a\u305f\u306f\u3053\u308c\u3089\u306e\u554f\u984c\u306e\u3044\u305a\u308c\u304b\u306b\u5f53\u3066\u306f\u307e\u308b\u3068\u601d\u3044\u307e\u3059\u304b?<\/h2>\r\n                <div class=\"pain-points\">\r\n                    <div class=\"pain-point\">\r\n                        <i class=\"fas fa-clock\"><\/i>\r\n                        <h4>\u5931\u308f\u308c\u305f\u6642\u9593<\/h4>\r\n                        <p>\u4f5c\u6210\u3088\u308a\u3082\u7de8\u96c6\u306b\u591a\u304f\u306e\u6642\u9593\u3092\u8cbb\u3084\u3057\u3066\u3044\u307e\u3059\u304b?<\/p>\r\n                    <\/div>\r\n                    <div class=\"pain-point\">\r\n                        <i class=\"fas fa-lightbulb\"><\/i>\r\n                        <h4>\u30a2\u30a4\u30c7\u30a2\u4e0d\u8db3<\/h4>\r\n                        <p>\u9b45\u529b\u7684\u306a\u65c5\u7a0b\u306e\u30a2\u30a4\u30c7\u30a2\u304c\u601d\u3044\u6d6e\u304b\u3073\u307e\u305b\u3093\u304b?<\/p>\r\n                    <\/div>\r\n                    <div class=\"pain-point\">\r\n                        <i class=\"fas fa-dollar-sign\"><\/i>\r\n                        <h4>\u9ad8\u30b3\u30b9\u30c8<\/h4>\r\n                        <p>\u9ad8\u4fa1\u306a\u30c4\u30fc\u30eb\u3084\u30d5\u30ea\u30fc\u30e9\u30f3\u30b5\u30fc\u304c\u304a\u8ca1\u5e03\u306b\u8ca0\u62c5\u3092\u304b\u3051\u3066\u3044\u307e\u305b\u3093\u304b?<\/p>\r\n                    <\/div>\r\n                    <div class=\"pain-point\">\r\n                        <i class=\"fas fa-chart-line\"><\/i>\r\n                        <h4>\u95b2\u89a7\u6570\u304c\u5c11\u306a\u3044<\/h4>\r\n                        <p>\u3042\u306a\u305f\u306e\u52d5\u753b\u306f\u3042\u306a\u305f\u304c\u671b\u3080\u8996\u8074\u8005\u306b\u5c4a\u3044\u3066\u3044\u307e\u305b\u3093\u304b?<\/p>\r\n                    <\/div>\r\n                <\/div>\r\n            <\/div>\r\n        <\/section>\r\n\r\n        <section class=\"section\" style=\"background: #fff;\">\r\n            <div class=\"container\">\r\n                <h2 class=\"section-title\">\u7a76\u6975\u306e\u30bd\u30ea\u30e5\u30fc\u30b7\u30e7\u30f3\u306e\u3054\u7d39\u4ecb<\/h2>\r\n                <p style=\"max-width: 800px; margin: 0 auto 40px auto;\">\u30b6 <strong>\u30d0\u30a4\u30e9\u30eb\u30b7\u30e7\u30fc\u30c8\u30af\u30ea\u30a8\u30a4\u30bf\u30fc4.0\u30de\u30b9\u30bf\u30fc<\/strong> \u3053\u308c\u307e\u3067\u3042\u306a\u305f\u306e\u6b66\u5668\u5eab\u306b\u6b20\u3051\u3066\u3044\u305f\u30c4\u30fc\u30eb\u3067\u3059\u3002\u52d5\u753b\u3092\u4f5c\u6210\u3059\u308b\u3060\u3051\u3067\u306a\u304f\u3001\u3042\u306a\u305f\u3068\u4f55\u767e\u4e07\u3082\u306e\u8996\u8074\u56de\u6570\u3092\u3064\u306a\u3050\u67b6\u3051\u6a4b\u3092\u7bc9\u304d\u307e\u3059\u3002\u3082\u3046\u624b\u4f5c\u696d\u3084\u30b9\u30c8\u30ec\u30b9\u304b\u3089\u89e3\u653e\u3055\u308c\u307e\u3059\u3002\u81ea\u52d5\u5316\u3001\u30d0\u30a4\u30e9\u30eb\u5316\u3001\u305d\u3057\u3066\u53ce\u76ca\u5316\u306e\u6642\u4ee3\u304c\u5230\u6765\u3057\u307e\u3057\u305f\u3002\r\n<p>&nbsp;<\/p>\r\n<iframe width=\"560\" height=\"315\" src=\"https:\/\/www.youtube.com\/embed\/8opq1k2C5X4?si=0ZM-V4NBXAC4G_-E\" title=\"YouTube\u30d3\u30c7\u30aa\u30d7\u30ec\u30fc\u30e4\u30fc\" frameborder=\"0\" allow=\"accelerometer; autoplay; clipboard-write; encrypted-media; gyroscope; picture-in-picture; web-share\" referrerpolicy=\"strict-origin-when-cross-origin\" allowfullscreen><\/iframe>\r\n<p>&nbsp;<\/p>\r\n<iframe width=\"560\" height=\"315\" src=\"https:\/\/www.youtube.com\/embed\/1c__DaKC-i0?si=Yrt6yk9ZquVPhc2t\" title=\"YouTube\u30d3\u30c7\u30aa\u30d7\u30ec\u30fc\u30e4\u30fc\" frameborder=\"0\" allow=\"accelerometer; autoplay; clipboard-write; encrypted-media; gyroscope; picture-in-picture; web-share\" referrerpolicy=\"strict-origin-when-cross-origin\" allowfullscreen><\/iframe>\r\n<p>&nbsp;<\/p>\r\n<iframe width=\"560\" height=\"315\" src=\"https:\/\/www.youtube.com\/embed\/nf3noTOk39U?si=b-qIKxWm64tKzwCY\" title=\"YouTube\u30d3\u30c7\u30aa\u30d7\u30ec\u30fc\u30e4\u30fc\" frameborder=\"0\" allow=\"accelerometer; autoplay; clipboard-write; encrypted-media; gyroscope; picture-in-picture; web-share\" referrerpolicy=\"strict-origin-when-cross-origin\" allowfullscreen><\/iframe>\r\n<\/p>\r\n                <div class=\"features-grid\">\r\n                    <div class=\"feature-card\">\r\n                        <h3><i class=\"fas fa-robot\"><\/i> \u5b8c\u5168\u306a\u5275\u9020\u306e\u81ea\u7531<\/h3>\r\n                        <p>\u8907\u6570\u306eAPI\uff08 <strong>\u7121\u6599\u306eQwen<\/strong>\uff09\u306a\u3089\u3001\u30b3\u30b9\u30c8\u3068\u54c1\u8cea\u3092\u5b8c\u5168\u306b\u30b3\u30f3\u30c8\u30ed\u30fc\u30eb\u3067\u304d\u307e\u3059\u3002\u6700\u9ad8\u306e\u30c6\u30af\u30ce\u30ed\u30b8\u30fc\u3092\u4e00\u5207\u8cbb\u7528\u3092\u304b\u3051\u305a\u306b\u4f7f\u3044\u305f\u3044\u3068\u601d\u3044\u307e\u305b\u3093\u304b\uff1f \u307e\u3055\u306b\u305d\u308c\u304c\u53ef\u80fd\u3067\u3059\uff01<\/p>\r\n                    <\/div>\r\n                    <div class=\"feature-card\">\r\n                        <h3><i class=\"fas fa-image\"><\/i> \u6620\u753b\u306e\u753b\u50cf\u3001\u30bc\u30ed\u30b3\u30b9\u30c8<\/h3>\r\n                        <p>\u9ad8\u4fa1\u306a\u753b\u50cf\u30d0\u30f3\u30af\u306f\u3082\u3046\u4e0d\u8981\u3002\u5f53\u793e\u306e\u30b7\u30b9\u30c6\u30e0\u306a\u3089 <strong>\u53d7\u7c89<\/strong> \u8ffd\u52a0\u6599\u91d1\u306a\u3057\u3067\u3001\u30b9\u30af\u30ea\u30d7\u30c8\u306b\u57fa\u3065\u3044\u3066\u7121\u5236\u9650\u306e\u9ad8\u54c1\u8cea\u306e\u753b\u50cf\u3092\u751f\u6210\u3057\u307e\u3059\u3002<\/p>\r\n                    <\/div>\r\n                    <div class=\"feature-card\">\r\n                        <h3><i class=\"fas fa-microphone-alt\"><\/i> \u9b45\u4e86\u3057\u3001\u8a18\u61b6\u306b\u6b8b\u308b\u58f0<\/h3>\r\n                        <p>\u591a\u69d8\u306a\u58f0\u3001\u30a2\u30af\u30bb\u30f3\u30c8\u3001\u8a00\u8a9e\u3092\u4f7f\u3063\u305f\u30ca\u30ec\u30fc\u30b7\u30e7\u30f3\u3092\u6d3b\u7528\u3057\u307e\u3057\u3087\u3046\u3002\u6700\u521d\u304b\u3089\u6700\u5f8c\u307e\u3067\u8996\u8074\u8005\u3092\u9b45\u4e86\u3059\u308b\u30c0\u30a4\u30ca\u30df\u30c3\u30af\u306a\u30bb\u30ea\u30d5\u3092\u4f5c\u6210\u3057\u3001\u52d5\u753b\u306e\u8a18\u61b6\u529b\u3092\u5927\u5e45\u306b\u5411\u4e0a\u3055\u305b\u307e\u3059\u3002<\/p>\r\n                    <\/div>\r\n                    <div class=\"feature-card\">\r\n                        <h3><i class=\"fas fa-bullhorn\"><\/i> \u4f5c\u6210\u3057\u305f\u30b7\u30e7\u30fc\u30c8\u52d5\u753b\u3092\u53ce\u76ca\u5316<\/h3>\r\n                        <p>\u306e\u30ea\u30bd\u30fc\u30b9\u3067 <strong>CTA\uff08\u884c\u52d5\u559a\u8d77\uff09<\/strong> \u3053\u306e\u30d1\u30fc\u30bd\u30ca\u30e9\u30a4\u30ba\u3055\u308c\u305f\u52d5\u753b\u3092\u4f7f\u3048\u3070\u3001\u52d5\u753b\u5185\u3067\u5546\u54c1\u3001\u30b5\u30fc\u30d3\u30b9\u3001\u30a2\u30d5\u30a3\u30ea\u30a8\u30a4\u30c8\u30ea\u30f3\u30af\u3092\u76f4\u63a5\u5ba3\u4f1d\u3067\u304d\u307e\u3059\u3002\u8996\u8074\u56de\u6570\u3092\u58f2\u4e0a\u306b\u3064\u306a\u3052\u307e\u3057\u3087\u3046\uff01<\/p>\r\n                    <\/div>\r\n                <\/div>\r\n            <\/div>\r\n        <\/section>\r\n\r\n        <section class=\"section\">\r\n             <div class=\"container\">\r\n                <h2 class=\"section-title\">\u4eca\u65e5\u3042\u306a\u305f\u304c\u6442\u53d6\u3059\u308b\u3082\u306e\u3059\u3079\u3066<\/h2>\r\n                <div class=\"offer-stack\">\r\n                    <div class=\"offer-item\">\r\n                        <span>\u2705 <strong>\u30d0\u30a4\u30e9\u30eb\u30b7\u30e7\u30fc\u30c8\u30af\u30ea\u30a8\u30a4\u30bf\u30fc4.0\u30de\u30b9\u30bf\u30fc<\/strong><\/span>\r\n                        <span class=\"item-value\">R$ 297.00<\/span>\r\n                    <\/div>\r\n                    <div class=\"offer-item\">\r\n                        <span>\ud83c\udf81 <strong>#1 \u30dc\u30fc\u30ca\u30b9:<\/strong> \u7121\u5236\u9650\u306e\u753b\u50cf\u30b8\u30a7\u30cd\u30ec\u30fc\u30bf\u30fc\uff08\u30dd\u30ea\u30cd\u30fc\u30b7\u30e7\u30f3\uff09<\/span>\r\n                        <span class=\"item-value\">R$ 197.00<\/span>\r\n                    <\/div>\r\n                    <div class=\"offer-item\">\r\n                        <span>\ud83c\udf81 <strong>\u30dc\u30fc\u30ca\u30b9#2:<\/strong> \u30d0\u30a4\u30e9\u30eb\u30d0\u30c3\u30af\u30b0\u30e9\u30a6\u30f3\u30c9\u30df\u30e5\u30fc\u30b8\u30c3\u30af\u30d1\u30c3\u30af<\/span>\r\n                        <span class=\"item-value\">R$ 97.00<\/span>\r\n                    <\/div>\r\n                    <div class=\"offer-item\">\r\n                        <span>\ud83c\udf81 <strong>\u30dc\u30fc\u30ca\u30b9#3:<\/strong> \u8aac\u5f97\u529b\u306e\u3042\u308b\u52b9\u679c\u97f3\u30d1\u30c3\u30af<\/span>\r\n                        <span class=\"item-value\">R$ 97.00<\/span>\r\n                    <\/div>\r\n                    <div class=\"total-value\">\r\n                        <p>\u5408\u8a08\u91d1\u984d: <span style=\"text-decoration: line-through;\">R$ 688.00<\/span><\/p>\r\n                    <\/div>\r\n                    <p style=\"text-align: center;\">\u4eca\u3059\u3050\u3059\u3079\u3066\u5165\u624b:<\/p>\r\n                    <h3 class=\"final-price\">R$ 15.20\u306e12\u500d <br> <span style=\"font-size: 1.5rem; font-weight: 400;\">\u307e\u305f\u306f R$ 147.00 \u73fe\u91d1<\/span><\/h3>\r\n                    <div style=\"text-align: center;\">\r\n                        <a href=\"https:\/\/pay.hotmart.com\/P100845896H?off=25wlu86v\" class=\"cta-button\">\u4eca\u3059\u3050\u5272\u5f15\u3067\u8cfc\u5165\u3057\u307e\u3057\u3087\u3046!<\/a>\r\n                        <p style=\"margin-top: 15px;\"><i class=\"fas fa-shield-alt\"><\/i> 100% \u3092 7 \u65e5\u9593\u4fdd\u8a3c\u4ed8\u304d\u3067\u5b89\u5168\u306b\u3054\u8cfc\u5165\u3044\u305f\u3060\u3051\u307e\u3059\u3002<\/p>\r\n                    <\/div>\r\n                <\/div>\r\n            <\/div>\r\n        <\/section>\r\n        \r\n        <section class=\"section\" style=\"background: #fff;\">\r\n            <div class=\"container\">\r\n                <h2 class=\"section-title\">\u3088\u304f\u3042\u308b\u8cea\u554f\uff08FAQ\uff09<\/h2>\r\n                <details class=\"faq-item\">\r\n                    <summary>\u4e00\u5ea6\u3060\u3051\u306e\u652f\u6255\u3044\u3067\u3059\u304b\u3001\u305d\u308c\u3068\u3082\u6708\u984d\u6599\u91d1\u3067\u3059\u304b?<\/summary>\r\n                    <p style=\"margin-top: 10px;\">\u5e74\u9593\u6255\u3044\uff01\u30bd\u30d5\u30c8\u30a6\u30a7\u30a2\u3092\u8cfc\u5165\u3059\u308b\u3068\u30011\u5e74\u9593\u3054\u5229\u7528\u3044\u305f\u3060\u3051\u307e\u3059\u3002\u307e\u305f\u3001\u4eca\u5f8c\u30d0\u30fc\u30b8\u30e7\u30f34.0\u306b\u30a2\u30c3\u30d7\u30c7\u30fc\u30c8\u3059\u308b\u3053\u3068\u3082\u53ef\u80fd\u3067\u3059\u3002<\/p>\r\n                <\/details>\r\n                 <details class=\"faq-item\">\r\n                    <summary>\u6280\u8853\u7684\u306a\u77e5\u8b58\u306f\u5fc5\u8981\u3067\u3059\u304b?<\/summary>\r\n                    <p style=\"margin-top: 10px;\">\u3044\u3044\u3048\uff01\u3053\u306e\u30c4\u30fc\u30eb\u306f\u975e\u5e38\u306b\u7c21\u5358\u306b\u4f7f\u3048\u308b\u3088\u3046\u306b\u8a2d\u8a08\u3055\u308c\u3066\u3044\u307e\u3059\u3002\u30b3\u30d4\u30fc\uff06\u30da\u30fc\u30b9\u30c8\u306e\u65b9\u6cd5\u3092\u77e5\u3063\u3066\u3044\u308c\u3070\u3001API\u30ad\u30fc\u3060\u3051\u304c\u5fc5\u8981\u3067\u3059\u3002\u4f7f\u3044\u65b9\u3092\u8aac\u660e\u3059\u308b\u30c1\u30e5\u30fc\u30c8\u30ea\u30a2\u30eb\u304c\u3042\u308b\u306e\u3067\u3001\u3059\u3050\u306b\u304a\u4f7f\u3044\u3044\u305f\u3060\u3051\u307e\u3059\u3002API\u306e\u521d\u671f\u8a2d\u5b9a\u306b\u3064\u3044\u3066\u306f\u3001\u30d3\u30c7\u30aa\u30c1\u30e5\u30fc\u30c8\u30ea\u30a2\u30eb\u3082\u3054\u7528\u610f\u3057\u3066\u3044\u307e\u3059\u3002<\/p>\r\n                <\/details>\r\n                <details class=\"faq-item\">\r\n                    <summary>\u79c1\u306e\u30b3\u30f3\u30d4\u30e5\u30fc\u30bf\u30fc\u3067\u3082\u52d5\u4f5c\u3057\u307e\u3059\u304b?<\/summary>\r\n                    <p style=\"margin-top: 10px;\">\u3053\u306e\u30bd\u30d5\u30c8\u30a6\u30a7\u30a2\u306fWindows 11 64\u30d3\u30c3\u30c8\u7248\u306b\u6700\u9069\u5316\u3055\u308c\u3066\u304a\u308a\u3001Windows 10\u3067\u3082\u554f\u984c\u306a\u304f\u52d5\u4f5c\u3059\u308b\u3068\u601d\u308f\u308c\u307e\u3059\u3002Intel\u30d7\u30ed\u30bb\u30c3\u30b5\u3068NVIDIA\u30b0\u30e9\u30d5\u30a3\u30c3\u30af\u30ab\u30fc\u30c9\u3092\u642d\u8f09\u3057\u305f\u30b3\u30f3\u30d4\u30e5\u30fc\u30bf\u30fc\u3067\u30c6\u30b9\u30c8\u6e08\u307f\u3067\u3001AMD\u3068\u306e\u4e92\u63db\u6027\u3092\u5411\u4e0a\u3055\u305b\u308b\u4fee\u6b63\u3082\u65bd\u3055\u308c\u3066\u3044\u307e\u3059\u3002<\/p>\r\n                <\/details>\r\n                 <details class=\"faq-item\">\r\n                    <summary>\u30bd\u30d5\u30c8\u30a6\u30a7\u30a2\u306b\u30a2\u30af\u30bb\u30b9\u3059\u308b\u306b\u306f\u3069\u3046\u3059\u308c\u3070\u3044\u3044\u3067\u3059\u304b?<\/summary>\r\n                    <p style=\"margin-top: 10px;\">\u304a\u652f\u6255\u3044\u306e\u78ba\u8a8d\u5f8c\u3059\u3050\u306b\u3001Like Points \u30c4\u30fc\u30eb \u30c0\u30c3\u30b7\u30e5\u30dc\u30fc\u30c9\u5185\u3067\u30bd\u30d5\u30c8\u30a6\u30a7\u30a2\u3092\u30c0\u30a6\u30f3\u30ed\u30fc\u30c9\u3059\u308b\u305f\u3081\u306e\u624b\u9806\u304c\u8a18\u8f09\u3055\u308c\u305f\u30e1\u30fc\u30eb\u304c\u5c4a\u304d\u307e\u3059\u3002Like Points (Gato Coins) \u30d7\u30e9\u30c3\u30c8\u30d5\u30a9\u30fc\u30e0\u3067\u5c02\u7528\u306e\u30b7\u30ea\u30a2\u30eb\u756a\u53f7\u304c\u63d0\u4f9b\u3055\u308c\u307e\u3059\u3002<\/p>\r\n                <\/details>\r\n            <\/div>\r\n        <\/section>\r\n\r\n    <\/main>\r\n\r\n    <footer class=\"footer\">\r\n        <div class=\"container\">\r\n            <p><strong>\u6cd5\u7684\u901a\u77e5:<\/strong> \u3053\u306e\u88fd\u54c1\u306f\u30b3\u30f3\u30c6\u30f3\u30c4\u4f5c\u6210\u3092\u652f\u63f4\u3059\u308b\u30c4\u30fc\u30eb\u3067\u3059\u3002\u8996\u8074\u8005\u6570\u3084\u53ce\u76ca\u5316\u306e\u7d50\u679c\u306f\u3001\u30cb\u30c3\u30c1\u3001\u4e00\u8cab\u6027\u3001\u30de\u30fc\u30b1\u30c6\u30a3\u30f3\u30b0\u6226\u7565\u306a\u3069\u3001\u8907\u6570\u306e\u8981\u56e0\u306b\u5de6\u53f3\u3055\u308c\u3001\u4fdd\u8a3c\u3055\u308c\u308b\u3082\u306e\u3067\u306f\u3042\u308a\u307e\u305b\u3093\u3002<\/p>\r\n            <p>\u00a9 2025 Viral Shorts Creator - \u7121\u65ad\u8907\u5199\u30fb\u8ee2\u8f09\u3092\u7981\u3058\u307e\u3059\u3002<\/p>\r\n        <\/div>\r\n    <\/footer>\r\n\r\n<\/body>\r\n<\/html>\t\t\t\t<\/div>\n\t\t\t\t<\/div>\n\t\t\t\t<\/div>\n\t\t\t\t<\/div>","protected":false},"excerpt":{"rendered":"<p>Viral Shorts Creator 4.0 &#8211; A M\u00e1quina de V\u00eddeos Virais A M\u00e1quina de Criar Shorts Virais que Trabalha por Voc\u00ea! Descubra como transformar qualquer ideia em v\u00eddeos curtos e viciantes em minutos, 100% no autom\u00e1tico. Assista ao v\u00eddeo e veja o poder da automa\u00e7\u00e3o! QUERO VIRALIZAR AGORA! Voc\u00ea se identifica com algum destes problemas? Horas Perdidas Passa mais tempo editando do que criando? Falta de Ideias Sem inspira\u00e7\u00e3o para roteiros que engajam? Custos Altos Ferramentas caras e freelancers pesam no bolso? Poucos Views Seus v\u00eddeos n\u00e3o atingem o p\u00fablico que voc\u00ea deseja? Apresentando a Solu\u00e7\u00e3o Definitiva O Viral Shorts Creator 4.0 MASTER \u00e9 a ferramenta que faltava no seu arsenal. [&hellip;]<\/p>","protected":false},"author":1,"featured_media":0,"parent":0,"menu_order":0,"comment_status":"closed","ping_status":"closed","template":"elementor_canvas","meta":{"footnotes":""},"class_list":["post-3968","page","type-page","status-publish","hentry"],"_links":{"self":[{"href":"https:\/\/dolartube.com\/ja\/wp-json\/wp\/v2\/pages\/3968","targetHints":{"allow":["GET"]}}],"collection":[{"href":"https:\/\/dolartube.com\/ja\/wp-json\/wp\/v2\/pages"}],"about":[{"href":"https:\/\/dolartube.com\/ja\/wp-json\/wp\/v2\/types\/page"}],"author":[{"embeddable":true,"href":"https:\/\/dolartube.com\/ja\/wp-json\/wp\/v2\/users\/1"}],"replies":[{"embeddable":true,"href":"https:\/\/dolartube.com\/ja\/wp-json\/wp\/v2\/comments?post=3968"}],"version-history":[{"count":26,"href":"https:\/\/dolartube.com\/ja\/wp-json\/wp\/v2\/pages\/3968\/revisions"}],"predecessor-version":[{"id":4134,"href":"https:\/\/dolartube.com\/ja\/wp-json\/wp\/v2\/pages\/3968\/revisions\/4134"}],"wp:attachment":[{"href":"https:\/\/dolartube.com\/ja\/wp-json\/wp\/v2\/media?parent=3968"}],"curies":[{"name":"wp","href":"https:\/\/api.w.org\/{rel}","templated":true}]}}