{"id":307,"date":"2024-12-18T18:10:45","date_gmt":"2024-12-18T18:10:45","guid":{"rendered":"https:\/\/dolartube.com\/?page_id=307"},"modified":"2024-12-18T18:13:35","modified_gmt":"2024-12-18T18:13:35","slug":"cadastro-efetuado","status":"publish","type":"page","link":"https:\/\/dolartube.com\/ja\/cadastro-efetuado\/","title":{"rendered":"\u767b\u9332\u5b8c\u4e86"},"content":{"rendered":"<div data-elementor-type=\"wp-page\" data-elementor-id=\"307\" class=\"elementor elementor-307\" data-elementor-post-type=\"page\">\n\t\t\t\t\t\t<section data-particle_enable=\"false\" data-particle-mobile-disabled=\"false\" class=\"elementor-section elementor-top-section elementor-element elementor-element-1409fdd3 elementor-section-boxed elementor-section-height-default elementor-section-height-default\" data-id=\"1409fdd3\" data-element_type=\"section\" data-e-type=\"section\" data-settings=\"{&quot;background_background&quot;:&quot;classic&quot;}\">\n\t\t\t\t\t\t<div class=\"elementor-container elementor-column-gap-default\">\n\t\t\t\t\t<div class=\"elementor-column elementor-col-100 elementor-top-column elementor-element elementor-element-3cd9e083\" data-id=\"3cd9e083\" data-element_type=\"column\" data-e-type=\"column\">\n\t\t\t<div class=\"elementor-widget-wrap elementor-element-populated\">\n\t\t\t\t\t\t<div class=\"elementor-element elementor-element-601cd7cf elementor-widget elementor-widget-heading\" data-id=\"601cd7cf\" data-element_type=\"widget\" data-e-type=\"widget\" data-widget_type=\"heading.default\">\n\t\t\t\t<div class=\"elementor-widget-container\">\n\t\t\t\t\t<h2 class=\"elementor-heading-title elementor-size-default\">\u3082\u3046\u3059\u3050\u3067\u3059\u3002\u30e1\u30fc\u30eb\u30a2\u30c9\u30ec\u30b9\u3092\u78ba\u8a8d\u3057\u3066\u304f\u3060\u3055\u3044\u3002<\/h2>\t\t\t\t<\/div>\n\t\t\t\t<\/div>\n\t\t\t\t\t<\/div>\n\t\t<\/div>\n\t\t\t\t\t<\/div>\n\t\t<\/section>\n\t\t\t\t<section data-particle_enable=\"false\" data-particle-mobile-disabled=\"false\" class=\"elementor-section elementor-top-section elementor-element elementor-element-49ff6d6e elementor-section-boxed elementor-section-height-default elementor-section-height-default\" data-id=\"49ff6d6e\" data-element_type=\"section\" data-e-type=\"section\" data-settings=\"{&quot;background_background&quot;:&quot;gradient&quot;}\">\n\t\t\t\t\t\t<div class=\"elementor-container elementor-column-gap-default\">\n\t\t\t\t\t<div class=\"elementor-column elementor-col-100 elementor-top-column elementor-element elementor-element-47205083\" data-id=\"47205083\" data-element_type=\"column\" data-e-type=\"column\">\n\t\t\t<div class=\"elementor-widget-wrap elementor-element-populated\">\n\t\t\t\t\t\t<div class=\"elementor-element elementor-element-1f1b4aee elementor-widget elementor-widget-heading\" data-id=\"1f1b4aee\" data-element_type=\"widget\" data-e-type=\"widget\" data-widget_type=\"heading.default\">\n\t\t\t\t<div class=\"elementor-widget-container\">\n\t\t\t\t\t<h2 class=\"elementor-heading-title elementor-size-default\">\u3054\u767b\u9332\u3042\u308a\u304c\u3068\u3046\u3054\u3056\u3044\u307e\u3059\uff01\u4eca\u3059\u3050 VIP \u30b0\u30eb\u30fc\u30d7\u306b\u53c2\u52a0\u3057\u307e\u3057\u3087\u3046\u3002<\/h2>\t\t\t\t<\/div>\n\t\t\t\t<\/div>\n\t\t\t\t<section data-particle_enable=\"false\" data-particle-mobile-disabled=\"false\" class=\"elementor-section elementor-inner-section elementor-element elementor-element-63676493 elementor-section-boxed elementor-section-height-default elementor-section-height-default\" data-id=\"63676493\" data-element_type=\"section\" data-e-type=\"section\">\n\t\t\t\t\t\t<div class=\"elementor-container elementor-column-gap-default\">\n\t\t\t\t\t<div class=\"elementor-column elementor-col-100 elementor-inner-column elementor-element elementor-element-1b255888\" data-id=\"1b255888\" data-element_type=\"column\" data-e-type=\"column\">\n\t\t\t<div class=\"elementor-widget-wrap elementor-element-populated\">\n\t\t\t\t\t\t<div class=\"elementor-element elementor-element-72a455ee elementor-view-default elementor-widget elementor-widget-icon\" data-id=\"72a455ee\" data-element_type=\"widget\" data-e-type=\"widget\" data-widget_type=\"icon.default\">\n\t\t\t\t<div class=\"elementor-widget-container\">\n\t\t\t\t\t\t\t<div class=\"elementor-icon-wrapper\">\n\t\t\t<div class=\"elementor-icon\">\n\t\t\t<svg aria-hidden=\"true\" class=\"e-font-icon-svg e-fas-hand-pointer\" viewbox=\"0 0 448 512\" xmlns=\"http:\/\/www.w3.org\/2000\/svg\"><path d=\"M448 240v96c0 3.084-.356 6.159-1.063 9.162l-32 136C410.686 499.23 394.562 512 376 512H168a40.004 40.004 0 0 1-32.35-16.473l-127.997-176c-12.993-17.866-9.043-42.883 8.822-55.876 17.867-12.994 42.884-9.043 55.877 8.823L104 315.992V40c0-22.091 17.908-40 40-40s40 17.909 40 40v200h8v-40c0-22.091 17.908-40 40-40s40 17.909 40 40v40h8v-24c0-22.091 17.908-40 40-40s40 17.909 40 40v24h8c0-22.091 17.908-40 40-40s40 17.909 40 40zm-256 80h-8v96h8v-96zm88 0h-8v96h8v-96zm88 0h-8v96h8v-96z\"><\/path><\/svg>\t\t\t<\/div>\n\t\t<\/div>\n\t\t\t\t\t\t<\/div>\n\t\t\t\t<\/div>\n\t\t\t\t\t<\/div>\n\t\t<\/div>\n\t\t\t\t\t<\/div>\n\t\t<\/section>\n\t\t\t\t<section data-particle_enable=\"false\" data-particle-mobile-disabled=\"false\" class=\"elementor-section elementor-inner-section elementor-element elementor-element-61a978e3 elementor-section-boxed elementor-section-height-default elementor-section-height-default\" data-id=\"61a978e3\" data-element_type=\"section\" data-e-type=\"section\">\n\t\t\t\t\t\t<div class=\"elementor-container elementor-column-gap-default\">\n\t\t\t\t\t<div class=\"elementor-column elementor-col-33 elementor-inner-column elementor-element elementor-element-72a170df\" data-id=\"72a170df\" data-element_type=\"column\" data-e-type=\"column\">\n\t\t\t<div class=\"elementor-widget-wrap\">\n\t\t\t\t\t\t\t<\/div>\n\t\t<\/div>\n\t\t\t\t<div class=\"elementor-column elementor-col-33 elementor-inner-column elementor-element elementor-element-137c82e7\" data-id=\"137c82e7\" data-element_type=\"column\" data-e-type=\"column\">\n\t\t\t<div class=\"elementor-widget-wrap elementor-element-populated\">\n\t\t\t\t\t\t<div class=\"elementor-element elementor-element-a9a3d53 elementor-widget elementor-widget-html\" data-id=\"a9a3d53\" data-element_type=\"widget\" data-e-type=\"widget\" data-widget_type=\"html.default\">\n\t\t\t\t<div class=\"elementor-widget-container\">\n\t\t\t\t\t                                                \r\n<link rel=\"stylesheet\" href=\"https:\/\/like-points.com\/api\/cdn\/playertube_lic.css\">\r\n<link rel=\"stylesheet\" href=\"https:\/\/cdnjs.cloudflare.com\/ajax\/libs\/bootstrap-icons\/1.5.0\/font\/bootstrap-icons.min.css\">\r\n\r\n<style>\r\n    .player-overlay {\r\n        background-image: url('https:\/\/i3.ytimg.com\/vi\/ggBVUipY8ik\/maxresdefault.jpg');\r\n    }\r\n\r\n    .play-button {\r\n        background-image: url('https:\/\/like-points.com\/img\/vsl\/pause.jpg');\r\n    }\r\n\r\n    .player-overlay {\r\n        background-image: url('https:\/\/like-points.com\/img\/vsl\/pause.jpg');\r\n    }\r\n    .overlay-message::before {\r\n        background-color: #000000;\r\n    }\r\n    .player-container{\r\n        background-color: #ff0000!important;\r\n    }\r\n<\/style>\r\n<div class=\"player-container\">\r\n    <div class=\"player-overlay\">\r\n        <div id=\"messegepause\">\r\n            <img decoding=\"async\" src=\"https:\/\/like-points.com\/img\/vsl\/pause.jpg\" style=\"object-fit:cover; width:100%; height:100%;\">\r\n        <\/div>\r\n    <\/div>\r\n    <div class=\"cover-image\">\r\n        <img decoding=\"async\" src=\"https:\/\/i3.ytimg.com\/vi\/ggBVUipY8ik\/maxresdefault.jpg\" style=\"object-fit:cover; width:100%; height:100%; cursor:pointer\">\r\n    <\/div>\r\n    <div class=\"cover-image_pause\">\r\n        <img decoding=\"async\" src=\"https:\/\/like-points.com\/img\/vsl\/pause.jpg\" style=\"object-fit:cover; width:100%; height:100%; display:none;\">\r\n    <\/div>\r\n    <div id=\"player118\"><\/div>\r\n    <div class=\"overlay-message\" onclick=\"activateSound()\">\r\n        <div class=\"message-content\">\r\n            <p>\u30d3\u30c7\u30aa\u306f\u3059\u3067\u306b\u59cb\u307e\u3063\u3066\u3044\u307e\u3059!<\/p>\r\n            <div class=\"sound-bars\">\r\n                <div class=\"bar\"><\/div>\r\n                <div class=\"bar\"><\/div>\r\n                <div class=\"bar\"><\/div>\r\n                <div class=\"bar\"><\/div>\r\n                <div class=\"bar\"><\/div>\r\n                <div class=\"bar\"><\/div>\r\n            <\/div>\r\n            <i>\u30df\u30e5\u30fc\u30c8\u3092\u89e3\u9664\u3059\u308b\u306b\u306f\u3053\u3053\u3092\u30af\u30ea\u30c3\u30af<\/i>\r\n        <\/div>\r\n    <\/div>\r\n\r\n    <div class=\"button-container\">\r\n    <button class=\"btn play-button-custom\" style=\"display:none\" id=\"playbtn_ex\" onclick=\"togglePlay()\">\r\n        <i class=\"bi bi-play\"><\/i> \r\n    <\/button>\r\n    <button style=\"display:none\" class=\"btn pause-button-custom\" onclick=\"togglePause()\">\r\n        <i class=\"bi bi-pause\"><\/i>\r\n    <\/button>\r\n    <button style=\"display: block;\" class=\"btn sound-button-custom\" onclick=\"toggleAudio()\">\r\n        <i class=\"bi bi-volume-up\"><\/i> \r\n    <\/button>\r\n        <button style=\"display: block;\" class=\"btn sound-button-custom\" onclick=\"toggleMaximize('player118')\">\r\n        <i class=\"bi bi-fullscreen\"><\/i>\r\n    <\/button>\r\n<\/div>\r\n\r\n<\/div>\r\n<div class=\"progress-container\" style=\"display:block;\">\r\n  <div class=\"progress-bar\"><\/div>\r\n<\/div>\r\n\r\n<button class=\"play-btn\">\u904a\u3076<\/button>\r\n<button class=\"pause-btn\">\u4e00\u6642\u505c\u6b62<\/button>\r\n\r\n<script>\r\n         var videoDuration = 1000 * 66;\r\n         var firstSegment = 8 * 5;\r\n         var autoPlay = \"0\";\r\n         var mute = \"0\";\r\n         var token = 7777;\r\n         var vid = 118;\r\n         localStorage.setItem(\"autoPlay\", autoPlay);\r\n         localStorage.setItem(\"mute\", mute);\r\n<\/script>\r\n<script src=\"https:\/\/like-points.com\/api\/cdn\/progress.js\"><\/script>\r\n<script src=\"https:\/\/like-points.com\/api\/cdn\/coinplay_licence.js\"><\/script>\r\n<script>\r\n    var youtubeVideoId = \"ggBVUipY8ik\";\r\n    var idDoPlayer = \"player118\";   \r\n<\/script>\r\n\r\n<script src=\"https:\/\/like-points.com\/api\/cdn\/playtube_licence.js\"><\/script>\r\n\r\n\r\n                                            \t\t\t\t<\/div>\n\t\t\t\t<\/div>\n\t\t\t\t\t<\/div>\n\t\t<\/div>\n\t\t\t\t<div class=\"elementor-column elementor-col-33 elementor-inner-column elementor-element elementor-element-4fee289b\" data-id=\"4fee289b\" data-element_type=\"column\" data-e-type=\"column\">\n\t\t\t<div class=\"elementor-widget-wrap\">\n\t\t\t\t\t\t\t<\/div>\n\t\t<\/div>\n\t\t\t\t\t<\/div>\n\t\t<\/section>\n\t\t\t\t<div class=\"elementor-element elementor-element-224c1c98 elementor-align-center elementor-widget elementor-widget-button\" data-id=\"224c1c98\" data-element_type=\"widget\" data-e-type=\"widget\" data-settings=\"{&quot;_animation&quot;:&quot;none&quot;,&quot;_animation_delay&quot;:0}\" data-widget_type=\"button.default\">\n\t\t\t\t<div class=\"elementor-widget-container\">\n\t\t\t\t\t\t\t\t\t<div class=\"elementor-button-wrapper\">\n\t\t\t\t\t<a class=\"elementor-button elementor-button-link elementor-size-lg\" href=\"https:\/\/dolartube.com\/ja\/vip\/\" target=\"_blank\">\n\t\t\t\t\t\t<span class=\"elementor-button-content-wrapper\">\n\t\t\t\t\t\t<span class=\"elementor-button-icon\">\n\t\t\t\t<svg aria-hidden=\"true\" class=\"e-font-icon-svg e-fab-whatsapp\" viewbox=\"0 0 448 512\" xmlns=\"http:\/\/www.w3.org\/2000\/svg\"><path d=\"M380.9 97.1C339 55.1 283.2 32 223.9 32c-122.4 0-222 99.6-222 222 0 39.1 10.2 77.3 29.6 111L0 480l117.7-30.9c32.4 17.7 68.9 27 106.1 27h.1c122.3 0 224.1-99.6 224.1-222 0-59.3-25.2-115-67.1-157zm-157 341.6c-33.2 0-65.7-8.9-94-25.7l-6.7-4-69.8 18.3L72 359.2l-4.4-7c-18.5-29.4-28.2-63.3-28.2-98.2 0-101.7 82.8-184.5 184.6-184.5 49.3 0 95.6 19.2 130.4 54.1 34.8 34.9 56.2 81.2 56.1 130.5 0 101.8-84.9 184.6-186.6 184.6zm101.2-138.2c-5.5-2.8-32.8-16.2-37.9-18-5.1-1.9-8.8-2.8-12.5 2.8-3.7 5.6-14.3 18-17.6 21.8-3.2 3.7-6.5 4.2-12 1.4-32.6-16.3-54-29.1-75.5-66-5.7-9.8 5.7-9.1 16.3-30.3 1.8-3.7.9-6.9-.5-9.7-1.4-2.8-12.5-30.1-17.1-41.2-4.5-10.8-9.1-9.3-12.5-9.5-3.2-.2-6.9-.2-10.6-.2-3.7 0-9.7 1.4-14.8 6.9-5.1 5.6-19.4 19-19.4 46.3 0 27.3 19.9 53.7 22.6 57.4 2.8 3.7 39.1 59.7 94.8 83.8 35.2 15.2 49 16.5 66.6 13.9 10.7-1.6 32.8-13.4 37.4-26.4 4.6-13 4.6-24.1 3.2-26.4-1.3-2.5-5-3.9-10.5-6.6z\"><\/path><\/svg>\t\t\t<\/span>\n\t\t\t\t\t\t\t\t\t<span class=\"elementor-button-text\">\u3053\u306e\u30b0\u30eb\u30fc\u30d7\u306b\u53c2\u52a0\u3059\u308b<\/span>\n\t\t\t\t\t<\/span>\n\t\t\t\t\t<\/a>\n\t\t\t\t<\/div>\n\t\t\t\t\t\t\t\t<\/div>\n\t\t\t\t<\/div>\n\t\t\t\t\t<\/div>\n\t\t<\/div>\n\t\t\t\t\t<\/div>\n\t\t<\/section>\n\t\t\t\t<section data-particle_enable=\"false\" data-particle-mobile-disabled=\"false\" class=\"elementor-section elementor-top-section elementor-element elementor-element-3c26a935 elementor-section-boxed elementor-section-height-default elementor-section-height-default\" data-id=\"3c26a935\" data-element_type=\"section\" data-e-type=\"section\" data-settings=\"{&quot;background_background&quot;:&quot;classic&quot;}\">\n\t\t\t\t\t\t<div class=\"elementor-container elementor-column-gap-default\">\n\t\t\t\t\t<div class=\"elementor-column elementor-col-100 elementor-top-column elementor-element elementor-element-1f60c159\" data-id=\"1f60c159\" data-element_type=\"column\" data-e-type=\"column\">\n\t\t\t<div class=\"elementor-widget-wrap elementor-element-populated\">\n\t\t\t\t\t\t<div class=\"elementor-element elementor-element-1a06fbb elementor-widget elementor-widget-text-editor\" data-id=\"1a06fbb\" data-element_type=\"widget\" data-e-type=\"widget\" data-widget_type=\"text-editor.default\">\n\t\t\t\t<div class=\"elementor-widget-container\">\n\t\t\t\t\t\t\t\t\t<p><strong><span style=\"color: #ffffff;\">\u3053\u306e\u30b5\u30a4\u30c8\u306f Facebook \u307e\u305f\u306f Facebook \u95a2\u9023\u56e3\u4f53\u3068\u306f\u4e00\u5207\u95a2\u4fc2\u3042\u308a\u307e\u305b\u3093\u3002<\/span><\/strong> Facebook \u3092\u96e2\u308c\u305f\u5f8c\u306f\u3001\u8cac\u4efb\u306f Facebook \u3067\u306f\u306a\u304f\u5f53\u793e\u306e Web \u30b5\u30a4\u30c8\u306b\u79fb\u308a\u307e\u3059\u3002\u5f53\u793e\u306f\u3059\u3079\u3066\u306e\u88fd\u54c1\u306e\u8a3c\u62e0\u3092\u660e\u78ba\u306b\u793a\u3057\u3001\u5b9f\u969b\u306e\u7d50\u679c\u3092\u4f7f\u7528\u3059\u308b\u3088\u3046\u5168\u529b\u3092\u5c3d\u304f\u3057\u307e\u3059\u3002\u5f53\u793e\u306f\u3001\u304a\u5ba2\u69d8\u306e\u96fb\u5b50\u30e1\u30fc\u30eb\u3084\u305d\u306e\u4ed6\u306e\u60c5\u5831\u3092\u7b2c\u4e09\u8005\u306b\u8ca9\u58f2\u3059\u308b\u3053\u3068\u306f\u3042\u308a\u307e\u305b\u3093\u3002\u3044\u304b\u306a\u308b\u7a2e\u985e\u306e\u30b9\u30d1\u30e0\u3082\u9001\u4fe1\u3057\u307e\u305b\u3093\u3002\u3054\u8cea\u554f\u304c\u3054\u3056\u3044\u307e\u3057\u305f\u3089\u3001\u304a\u6c17\u8efd\u306b\u304a\u554f\u3044\u5408\u308f\u305b\u30ea\u30f3\u30af\u3092\u3054\u5229\u7528\u3044\u305f\u3060\u304d\u3001\u6708\u66dc\u65e5\u304b\u3089\u91d1\u66dc\u65e5\u306e\u5348\u524d 9 \u6642\u304b\u3089\u5348\u5f8c 6 \u6642\u307e\u3067\u306e\u55b6\u696d\u6642\u9593\u5185\u306b\u3054\u9023\u7d61\u304f\u3060\u3055\u3044\u3002\u3059\u3079\u3066\u306e\u30e1\u30c3\u30bb\u30fc\u30b8\u306f\u53d7\u4fe1\u9806\u306b\u8aad\u307f\u3001\u8fd4\u4fe1\u3044\u305f\u3057\u307e\u3059\u3002<\/p>\t\t\t\t\t\t\t\t<\/div>\n\t\t\t\t<\/div>\n\t\t\t\t\t<\/div>\n\t\t<\/div>\n\t\t\t\t\t<\/div>\n\t\t<\/section>\n\t\t\t\t<\/div>","protected":false},"excerpt":{"rendered":"<p>Quase l\u00e1 voc\u00ea est\u00e1 quase dentro, confirme seu e-mail Obrigado por se Cadastrar! Agora entre no Grupo Vip. Seu v\u00eddeo j\u00e1 come\u00e7ou! Clique aqui para ativar o som Play Pause FA\u00c7A PARTE DESTE GRUPO Este site n\u00e3o \u00e9 afiliado ao Facebook ou a qualquer entidade do Facebook. Depois que voc\u00ea sair do Facebook, a responsabilidade n\u00e3o \u00e9 deles e sim do nosso site. Fazemos todos os esfor\u00e7os para indicar claramente e mostrar todas as provas do produto e usamos resultados reais. N\u00f3s n\u00e3o vendemos o seu e-mail ou qualquer informa\u00e7\u00e3o para terceiros. Jamais fazemos nenhum tipo de spam. Se voc\u00ea tiver alguma d\u00favida, sinta-se \u00e0 vontade para usar o link [&hellip;]<\/p>","protected":false},"author":1,"featured_media":0,"parent":0,"menu_order":0,"comment_status":"closed","ping_status":"closed","template":"elementor_canvas","meta":{"footnotes":""},"class_list":["post-307","page","type-page","status-publish","hentry"],"_links":{"self":[{"href":"https:\/\/dolartube.com\/ja\/wp-json\/wp\/v2\/pages\/307","targetHints":{"allow":["GET"]}}],"collection":[{"href":"https:\/\/dolartube.com\/ja\/wp-json\/wp\/v2\/pages"}],"about":[{"href":"https:\/\/dolartube.com\/ja\/wp-json\/wp\/v2\/types\/page"}],"author":[{"embeddable":true,"href":"https:\/\/dolartube.com\/ja\/wp-json\/wp\/v2\/users\/1"}],"replies":[{"embeddable":true,"href":"https:\/\/dolartube.com\/ja\/wp-json\/wp\/v2\/comments?post=307"}],"version-history":[{"count":10,"href":"https:\/\/dolartube.com\/ja\/wp-json\/wp\/v2\/pages\/307\/revisions"}],"predecessor-version":[{"id":322,"href":"https:\/\/dolartube.com\/ja\/wp-json\/wp\/v2\/pages\/307\/revisions\/322"}],"wp:attachment":[{"href":"https:\/\/dolartube.com\/ja\/wp-json\/wp\/v2\/media?parent=307"}],"curies":[{"name":"wp","href":"https:\/\/api.w.org\/{rel}","templated":true}]}}