{"id":3,"date":"2024-12-12T14:16:16","date_gmt":"2024-12-12T14:16:16","guid":{"rendered":"http:\/\/dolartube.com\/?page_id=3"},"modified":"2024-12-12T17:48:23","modified_gmt":"2024-12-12T17:48:23","slug":"politicas","status":"publish","type":"page","link":"https:\/\/dolartube.com\/ja\/politicas\/","title":{"rendered":"\u30d7\u30e9\u30a4\u30d0\u30b7\u30fc\u30dd\u30ea\u30b7\u30fc"},"content":{"rendered":"<h2><span style=\"color: #444444;\">\u30d7\u30e9\u30a4\u30d0\u30b7\u30fc\u30dd\u30ea\u30b7\u30fc<\/span><\/h2>\n<p><span style=\"color: #444444;\">\u304a\u5ba2\u69d8\u306e\u30d7\u30e9\u30a4\u30d0\u30b7\u30fc\u306f\u5f53\u793e\u306b\u3068\u3063\u3066\u91cd\u8981\u3067\u3059\u3002Dolar Tube Monetiza\u00e7\u00e3o Americana\u306f\u3001\u30a6\u30a7\u30d6\u30b5\u30a4\u30c8\u4e0a\u3067\u304a\u5ba2\u69d8\u304b\u3089\u53ce\u96c6\u3059\u308b\u3042\u3089\u3086\u308b\u60c5\u5831\u306b\u95a2\u3057\u3066\u3001\u304a\u5ba2\u69d8\u306e\u30d7\u30e9\u30a4\u30d0\u30b7\u30fc\u3092\u5c0a\u91cd\u3059\u308b\u3053\u3068\u3092\u30dd\u30ea\u30b7\u30fc\u3068\u3057\u3066\u3044\u307e\u3059\u3002 <a href=\"https:\/\/dolartube.com\/ja\/\">\u30a2\u30e1\u30ea\u30ab\u306e\u30de\u30cd\u30bf\u30a4\u30bc\u30fc\u30b7\u30e7\u30f3\u30c1\u30e5\u30fc\u30d6\u30c9\u30eb<\/a>\u3001\u304a\u3088\u3073\u5f53\u793e\u304c\u6240\u6709\u304a\u3088\u3073\u904b\u55b6\u3059\u308b\u305d\u306e\u4ed6\u306e\u30a6\u30a7\u30d6\u30b5\u30a4\u30c8\u3002<\/span><\/p>\n<p><span style=\"color: #444444;\">\u5f53\u793e\u306f\u3001\u304a\u5ba2\u69d8\u306b\u30b5\u30fc\u30d3\u30b9\u3092\u63d0\u4f9b\u3059\u308b\u305f\u3081\u306b\u771f\u306b\u5fc5\u8981\u306a\u5834\u5408\u306b\u306e\u307f\u3001\u500b\u4eba\u60c5\u5831\u306e\u63d0\u4f9b\u3092\u304a\u9858\u3044\u3057\u3066\u3044\u307e\u3059\u3002\u304a\u5ba2\u69d8\u306e\u540c\u610f\u3092\u5f97\u305f\u4e0a\u3067\u3001\u516c\u6b63\u304b\u3064\u5408\u6cd5\u7684\u306a\u624b\u6bb5\u3067\u60c5\u5831\u3092\u53ce\u96c6\u3057\u307e\u3059\u3002\u307e\u305f\u3001\u53ce\u96c6\u306e\u7406\u7531\u3068\u5229\u7528\u65b9\u6cd5\u306b\u3064\u3044\u3066\u3082\u304a\u77e5\u3089\u305b\u3044\u305f\u3057\u307e\u3059\u3002<\/span><\/p>\n<p><span style=\"color: #444444;\">\u53ce\u96c6\u3057\u305f\u60c5\u5831\u306f\u3001\u304a\u5ba2\u69d8\u304c\u3054\u5e0c\u671b\u306e\u30b5\u30fc\u30d3\u30b9\u3092\u63d0\u4f9b\u3059\u308b\u305f\u3081\u306b\u5fc5\u8981\u306a\u671f\u9593\u306e\u307f\u4fdd\u6301\u3057\u307e\u3059\u3002\u4fdd\u7ba1\u3059\u308b\u30c7\u30fc\u30bf\u306f\u3001\u7d1b\u5931\u3084\u76d7\u96e3\u3001\u4e0d\u6b63\u30a2\u30af\u30bb\u30b9\u3001\u958b\u793a\u3001\u8907\u88fd\u3001\u4f7f\u7528\u3001\u6539\u3056\u3093\u3092\u9632\u6b62\u3059\u308b\u305f\u3081\u3001\u5546\u696d\u7684\u306b\u8a31\u5bb9\u3055\u308c\u308b\u624b\u6bb5\u306e\u7bc4\u56f2\u5185\u3067\u4fdd\u8b77\u3057\u307e\u3059\u3002<\/span><\/p>\n<p><span style=\"color: #444444;\">\u6cd5\u5f8b\u3067\u7fa9\u52d9\u4ed8\u3051\u3089\u308c\u3066\u3044\u308b\u5834\u5408\u3092\u9664\u304d\u3001\u5f53\u793e\u306f\u500b\u4eba\u3092\u7279\u5b9a\u3067\u304d\u308b\u60c5\u5831\u3092\u516c\u958b\u3057\u305f\u308a\u7b2c\u4e09\u8005\u3068\u5171\u6709\u3057\u305f\u308a\u3059\u308b\u3053\u3068\u306f\u3042\u308a\u307e\u305b\u3093\u3002<\/span><\/p>\n<p><span style=\"color: #444444;\">\u5f53\u793e\u306e\u30a6\u30a7\u30d6\u30b5\u30a4\u30c8\u306f\u3001\u5f53\u793e\u304c\u904b\u55b6\u3057\u3066\u3044\u306a\u3044\u5916\u90e8\u30b5\u30a4\u30c8\u306b\u30ea\u30f3\u30af\u3057\u3066\u3044\u308b\u5834\u5408\u304c\u3042\u308a\u307e\u3059\u3002\u5f53\u793e\u306f\u3053\u308c\u3089\u306e\u30b5\u30a4\u30c8\u306e\u5185\u5bb9\u3084\u904b\u55b6\u306b\u3064\u3044\u3066\u4e00\u5207\u7ba1\u7406\u3057\u3066\u304a\u3089\u305a\u3001\u305d\u308c\u305e\u308c\u306e\u30b5\u30a4\u30c8\u306b\u3064\u3044\u3066\u8cac\u4efb\u3084\u7fa9\u52d9\u3092\u8ca0\u3044\u304b\u306d\u307e\u3059\u306e\u3067\u3054\u4e86\u627f\u304f\u3060\u3055\u3044\u3002\u00a0<\/span><a style=\"background-color: transparent; color: #444444;\" href=\"https:\/\/politicaprivacidade.com\/\" target=\"_blank\" rel=\"noopener noreferrer\">\u30d7\u30e9\u30a4\u30d0\u30b7\u30fc\u30dd\u30ea\u30b7\u30fc<\/a><span style=\"color: #444444;\">.<\/span><\/p>\n<p><span style=\"color: #444444;\">\u304a\u5ba2\u69d8\u306f\u3001\u5f53\u793e\u304c\u304a\u5ba2\u69d8\u306e\u5e0c\u671b\u3059\u308b\u4e00\u90e8\u306e\u30b5\u30fc\u30d3\u30b9\u3092\u63d0\u4f9b\u3067\u304d\u306a\u3044\u5834\u5408\u304c\u3042\u308b\u3053\u3068\u3092\u3054\u7406\u89e3\u3044\u305f\u3060\u3044\u305f\u4e0a\u3067\u3001\u500b\u4eba\u60c5\u5831\u306e\u63d0\u4f9b\u306e\u8981\u8acb\u3092\u62d2\u5426\u3059\u308b\u3053\u3068\u304c\u3067\u304d\u307e\u3059\u3002<\/span><\/p>\n<p><span style=\"color: #444444;\">\u5f53\u793e\u306e\u30a6\u30a7\u30d6\u30b5\u30a4\u30c8\u3092\u5f15\u304d\u7d9a\u304d\u3054\u5229\u7528\u3044\u305f\u3060\u304f\u3053\u3068\u3067\u3001\u30d7\u30e9\u30a4\u30d0\u30b7\u30fc\u3068\u500b\u4eba\u60c5\u5831\u306b\u95a2\u3059\u308b\u5f53\u793e\u306e\u65b9\u91dd\u306b\u3054\u540c\u610f\u3044\u305f\u3060\u3044\u305f\u3082\u306e\u3068\u307f\u306a\u3057\u307e\u3059\u3002\u30e6\u30fc\u30b6\u30fc\u30c7\u30fc\u30bf\u304a\u3088\u3073\u500b\u4eba\u60c5\u5831\u306e\u53d6\u308a\u6271\u3044\u306b\u3064\u3044\u3066\u3054\u8cea\u554f\u304c\u3054\u3056\u3044\u307e\u3057\u305f\u3089\u3001\u304a\u6c17\u8efd\u306b\u304a\u554f\u3044\u5408\u308f\u305b\u304f\u3060\u3055\u3044\u3002<\/span><\/p>\n<ul>\n<li><span style=\"color: #444444;\">\u5f53\u793e\u304c\u5e83\u544a\u914d\u4fe1\u306b\u4f7f\u7528\u3057\u3066\u3044\u308b Google AdSense \u30b5\u30fc\u30d3\u30b9\u306f\u3001DoubleClick Cookie \u3092\u4f7f\u7528\u3057\u3066\u3001\u30a6\u30a7\u30d6\u4e0a\u3067\u3088\u308a\u95a2\u9023\u6027\u306e\u9ad8\u3044\u5e83\u544a\u3092\u914d\u4fe1\u3057\u3001\u7279\u5b9a\u306e\u5e83\u544a\u304c\u8868\u793a\u3055\u308c\u308b\u56de\u6570\u3092\u5236\u9650\u3057\u307e\u3059\u3002<\/span><\/li>\n<li><span style=\"color: #444444;\">Google AdSense \u306e\u8a73\u7d30\u306b\u3064\u3044\u3066\u306f\u3001\u516c\u5f0f\u306e Google AdSense \u30d7\u30e9\u30a4\u30d0\u30b7\u30fc\u306b\u95a2\u3059\u308b\u3088\u304f\u3042\u308b\u8cea\u554f\u3092\u3054\u89a7\u304f\u3060\u3055\u3044\u3002<\/span><\/li>\n<li><span style=\"color: #444444;\">\u5f53\u30b5\u30a4\u30c8\u306f\u3001\u30b5\u30a4\u30c8\u306e\u904b\u55b6\u8cbb\u7528\u3092\u88dc\u586b\u3057\u3001\u3055\u3089\u306a\u308b\u958b\u767a\u306e\u305f\u3081\u306e\u8cc7\u91d1\u3092\u63d0\u4f9b\u3059\u308b\u305f\u3081\u306b\u5e83\u544a\u3092\u4f7f\u7528\u3057\u3066\u3044\u307e\u3059\u3002\u5f53\u30b5\u30a4\u30c8\u304c\u4f7f\u7528\u3059\u308b\u884c\u52d5\u30bf\u30fc\u30b2\u30c6\u30a3\u30f3\u30b0\u5e83\u544aCookie\u306f\u3001\u304a\u5ba2\u69d8\u306e\u8208\u5473\u95a2\u5fc3\u3092\u533f\u540d\u3067\u8ffd\u8de1\u3057\u3001\u304a\u5ba2\u69d8\u306e\u8208\u5473\u95a2\u5fc3\u306b\u985e\u4f3c\u3059\u308b\u60c5\u5831\u3092\u63d0\u793a\u3059\u308b\u3053\u3068\u3067\u3001\u53ef\u80fd\u306a\u9650\u308a\u6700\u3082\u95a2\u9023\u6027\u306e\u9ad8\u3044\u5e83\u544a\u3092\u63d0\u4f9b\u3067\u304d\u308b\u3088\u3046\u306b\u8a2d\u8a08\u3055\u308c\u3066\u3044\u307e\u3059\u3002<\/span><\/li>\n<li><span style=\"color: #444444;\">\u8907\u6570\u306e\u30d1\u30fc\u30c8\u30ca\u30fc\u304c\u5f53\u793e\u306b\u4ee3\u308f\u3063\u3066\u5e83\u544a\u3092\u63b2\u8f09\u3057\u3066\u304a\u308a\u3001\u30a2\u30d5\u30a3\u30ea\u30a8\u30a4\u30c8 \u30c8\u30e9\u30c3\u30ad\u30f3\u30b0 \u30af\u30c3\u30ad\u30fc\u306b\u3088\u308a\u3001\u5f53\u793e\u306f\u9867\u5ba2\u304c\u5f53\u793e\u306e\u30d1\u30fc\u30c8\u30ca\u30fc \u30b5\u30a4\u30c8\u306e\u3044\u305a\u308c\u304b\u3092\u901a\u3058\u3066\u30b5\u30a4\u30c8\u306b\u30a2\u30af\u30bb\u30b9\u3057\u305f\u304b\u3069\u3046\u304b\u3092\u78ba\u8a8d\u3067\u304d\u308b\u3088\u3046\u306b\u306a\u308a\u3001\u3053\u308c\u306b\u3088\u308a\u5f53\u793e\u306f\u9069\u5207\u306a\u30af\u30ec\u30b8\u30c3\u30c8\u3092\u4ed8\u4e0e\u3057\u3001\u8a72\u5f53\u3059\u308b\u5834\u5408\u306f\u30a2\u30d5\u30a3\u30ea\u30a8\u30a4\u30c8 \u30d1\u30fc\u30c8\u30ca\u30fc\u304c\u8cfc\u5165\u306b\u5bfe\u3057\u3066\u63d0\u4f9b\u3059\u308b\u30dc\u30fc\u30ca\u30b9\u3092\u63d0\u4f9b\u3067\u304d\u308b\u3088\u3046\u306b\u306a\u308a\u307e\u3059\u3002<\/span><\/li>\n<\/ul>\n<p>&nbsp;<\/p>\n<h3><span style=\"color: #444444;\">\u30e6\u30fc\u30b6\u30fc\u306e\u30b3\u30df\u30c3\u30c8\u30e1\u30f3\u30c8<\/span><\/h3>\n<p><span style=\"color: #444444;\">\u30e6\u30fc\u30b6\u30fc\u306f\u3001Dolar Tube Monetiza\u00e7\u00e3o Americana\u304c\u30a6\u30a7\u30d6\u30b5\u30a4\u30c8\u3067\u63d0\u4f9b\u3059\u308b\u30b3\u30f3\u30c6\u30f3\u30c4\u304a\u3088\u3073\u60c5\u5831\u3092\u9069\u5207\u306b\u4f7f\u7528\u3059\u308b\u3053\u3068\u306b\u540c\u610f\u3059\u308b\u3082\u306e\u3068\u3057\u307e\u3059\u3002\u3053\u308c\u306b\u306f\u3001\u305f\u3068\u3048\u3070\u4ee5\u4e0b\u306e\u3088\u3046\u306a\u5185\u5bb9\u304c\u542b\u307e\u308c\u307e\u3059\u304c\u3001\u3053\u308c\u3089\u306b\u9650\u5b9a\u3055\u308c\u307e\u305b\u3093\u3002<\/span><\/p>\n<ul>\n<li><span style=\"color: #444444;\">A) \u9055\u6cd5\u306a\u6d3b\u52d5\u3084\u4fe1\u7fa9\u8aa0\u5b9f\u306e\u79e9\u5e8f\u306b\u53cd\u3059\u308b\u6d3b\u52d5\u3092\u884c\u308f\u306a\u3044\u3053\u3068\u3002<\/span><\/li>\n<li><span style=\"color: #444444;\">B) \u4eba\u7a2e\u5dee\u5225\u7684\u3001\u5916\u56fd\u4eba\u6392\u65a5\u7684\u306a\u6027\u8cea\u306e\u5ba3\u4f1d\u3084\u30b3\u30f3\u30c6\u30f3\u30c4\u3092\u62e1\u6563\u3057\u306a\u3044\u3053\u3068\u3002 <\/span><span style=\"color: #212529;\"><a style=\"color: inherit !important; text-decoration: none !important; font-size: inherit !important;\" href=\"https:\/\/bbebbet.br.com\">\u30d9\u30c3\u30c8<\/a><\/span><span style=\"color: #444444;\"> \u307e\u305f\u306f\u4e0d\u904b\u3001\u3042\u3089\u3086\u308b\u7a2e\u985e\u306e\u9055\u6cd5\u30dd\u30eb\u30ce\u3001\u30c6\u30ed\u3092\u652f\u63f4\u3059\u308b\u3082\u306e\u3001\u307e\u305f\u306f\u4eba\u6a29\u306b\u53cd\u3059\u308b\u3082\u306e\u3002<\/span><\/li>\n<li><span style=\"color: #444444;\">C) Dolar Tube Monetiza\u00e7\u00e3o Americana\u3001\u305d\u306e\u30b5\u30d7\u30e9\u30a4\u30e4\u30fc\u3001\u307e\u305f\u306f\u7b2c\u4e09\u8005\u306e\u7269\u7406 (\u30cf\u30fc\u30c9\u30a6\u30a7\u30a2) \u304a\u3088\u3073\u8ad6\u7406 (\u30bd\u30d5\u30c8\u30a6\u30a7\u30a2) \u30b7\u30b9\u30c6\u30e0\u306b\u640d\u5bb3\u3092\u4e0e\u3048\u305a\u3001\u524d\u8ff0\u306e\u640d\u5bb3\u3092\u5f15\u304d\u8d77\u3053\u3059\u53ef\u80fd\u6027\u306e\u3042\u308b\u30b3\u30f3\u30d4\u30e5\u30fc\u30bf\u30fc\u30a6\u30a4\u30eb\u30b9\u3084\u305d\u306e\u4ed6\u306e\u30cf\u30fc\u30c9\u30a6\u30a7\u30a2\u307e\u305f\u306f\u30bd\u30d5\u30c8\u30a6\u30a7\u30a2\u30b7\u30b9\u30c6\u30e0\u3092\u5c0e\u5165\u307e\u305f\u306f\u914d\u5e03\u3057\u306a\u3044\u3002<\/span><\/li>\n<\/ul>\n<h3><span style=\"color: #444444;\">\u8a73\u7d30\u60c5\u5831<\/span><\/h3>\n<p><span style=\"color: #444444;\">\u3053\u308c\u3067\u3054\u8aac\u660e\u304c\u660e\u78ba\u306b\u306a\u3063\u305f\u304b\u3068\u601d\u3044\u307e\u3059\u304c\u3001\u524d\u8ff0\u306e\u3068\u304a\u308a\u3001\u5fc5\u8981\u304b\u3069\u3046\u304b\u308f\u304b\u3089\u306a\u3044\u3082\u306e\u304c\u3042\u308b\u5834\u5408\u306f\u3001\u5f53\u793e\u306e\u30b5\u30a4\u30c8\u3067\u4f7f\u7528\u3059\u308b\u6a5f\u80fd\u306e 1 \u3064\u3068\u76f8\u4e92\u4f5c\u7528\u3059\u308b\u5834\u5408\u306b\u5099\u3048\u3066\u3001Cookie \u3092\u6709\u52b9\u306b\u3057\u305f\u307e\u307e\u306b\u3057\u3066\u304a\u304f\u65b9\u304c\u901a\u5e38\u306f\u5b89\u5168\u3067\u3059\u3002<\/span><\/p>\n<p><span style=\"color: #444444;\">\u3053\u306e\u30dd\u30ea\u30b7\u30fc\u306f2024\u5e7412\u670812\u65e517\u664248\u5206\u304b\u3089\u6709\u52b9\u3067\u3059<\/span><\/p>","protected":false},"excerpt":{"rendered":"<p>Pol\u00edtica Privacidade A sua privacidade \u00e9 importante para n\u00f3s. \u00c9 pol\u00edtica do Dolar Tube Monetiza\u00e7\u00e3o Americana respeitar a sua privacidade em rela\u00e7\u00e3o a qualquer informa\u00e7\u00e3o sua que possamos coletar no site Dolar Tube Monetiza\u00e7\u00e3o Americana, e outros sites que possu\u00edmos e operamos. Solicitamos informa\u00e7\u00f5es pessoais apenas quando realmente precisamos delas para lhe fornecer um servi\u00e7o. Fazemo-lo por meios justos e legais, com o seu conhecimento e consentimento. Tamb\u00e9m informamos por que estamos coletando e como ser\u00e1 usado. Apenas retemos as informa\u00e7\u00f5es coletadas pelo tempo necess\u00e1rio para fornecer o servi\u00e7o solicitado. Quando armazenamos dados, protegemos dentro de meios comercialmente aceit\u00e1veis \u200b\u200bpara evitar perdas e roubos, bem como acesso, divulga\u00e7\u00e3o, c\u00f3pia, uso [&hellip;]<\/p>","protected":false},"author":1,"featured_media":0,"parent":0,"menu_order":0,"comment_status":"closed","ping_status":"open","template":"","meta":{"footnotes":""},"class_list":["post-3","page","type-page","status-publish","hentry"],"_links":{"self":[{"href":"https:\/\/dolartube.com\/ja\/wp-json\/wp\/v2\/pages\/3","targetHints":{"allow":["GET"]}}],"collection":[{"href":"https:\/\/dolartube.com\/ja\/wp-json\/wp\/v2\/pages"}],"about":[{"href":"https:\/\/dolartube.com\/ja\/wp-json\/wp\/v2\/types\/page"}],"author":[{"embeddable":true,"href":"https:\/\/dolartube.com\/ja\/wp-json\/wp\/v2\/users\/1"}],"replies":[{"embeddable":true,"href":"https:\/\/dolartube.com\/ja\/wp-json\/wp\/v2\/comments?post=3"}],"version-history":[{"count":3,"href":"https:\/\/dolartube.com\/ja\/wp-json\/wp\/v2\/pages\/3\/revisions"}],"predecessor-version":[{"id":178,"href":"https:\/\/dolartube.com\/ja\/wp-json\/wp\/v2\/pages\/3\/revisions\/178"}],"wp:attachment":[{"href":"https:\/\/dolartube.com\/ja\/wp-json\/wp\/v2\/media?parent=3"}],"curies":[{"name":"wp","href":"https:\/\/api.w.org\/{rel}","templated":true}]}}