{"id":183,"date":"2024-12-12T17:53:57","date_gmt":"2024-12-12T17:53:57","guid":{"rendered":"https:\/\/dolartube.com\/?page_id=183"},"modified":"2024-12-12T17:53:57","modified_gmt":"2024-12-12T17:53:57","slug":"contato","status":"publish","type":"page","link":"https:\/\/dolartube.com\/ja\/contato\/","title":{"rendered":"\u63a5\u89e6"},"content":{"rendered":"<p><strong>\u304a\u554f\u3044\u5408\u308f\u305b\u30da\u30fc\u30b8<\/strong><\/p>\n<p>\u3054\u8cea\u554f\u3084\u3054\u63d0\u6848\u304c\u3042\u308b\u5834\u5408\u3001\u307e\u305f\u306f\u5f0a\u793e\u306e\u88fd\u54c1\u3084\u30b5\u30fc\u30d3\u30b9\u306b\u3064\u3044\u3066\u8a73\u3057\u304f\u77e5\u308a\u305f\u3044\u5834\u5408\u306f\u3001\u304a\u6c17\u8efd\u306b\u304a\u554f\u3044\u5408\u308f\u305b\u304f\u3060\u3055\u3044\u3002\u79c1\u305f\u3061\u306f\u3001\u304a\u5ba2\u69d8\u304c\u6700\u9ad8\u306e\u4f53\u9a13\u3092\u5f97\u3089\u308c\u308b\u3088\u3046\u306b\u304a\u624b\u4f1d\u3044\u3044\u305f\u3057\u307e\u3059\u3002<\/p>\n<h3>\u9023\u7d61\u65b9\u6cd5:<\/h3>\n<p><strong>\ud83d\udce7 \u30e1\u30fc\u30eb\u30a2\u30c9\u30ec\u30b9: eriveltoncgui2017@gmail.com<\/strong><br \/>\n<strong>\ud83d\udcde \u96fb\u8a71\u756a\u53f7:<\/strong> +55 (35) 9 9965-3990<br \/>\n<strong>\ud83d\udcf1 WhatsApp:<\/strong> WhatsApp \u7d4c\u7531\u3067\u76f4\u63a5\u304a\u554f\u3044\u5408\u308f\u305b\u3044\u305f\u3060\u304f\u306b\u306f\u3001\u4ee5\u4e0b\u306e\u30ea\u30f3\u30af\u3092\u30af\u30ea\u30c3\u30af\u3057\u3066\u304f\u3060\u3055\u3044\u3002<\/p>\n<p><a href=\"https:\/\/wa.me\/5535999653990\"><strong>WhatsApp\u3067\u901a\u8a71<\/strong><\/a><\/p>\n<p>\u5f53\u793e\u306e\u30b5\u30fc\u30d3\u30b9\u306f\u3001\u6708\u66dc\u65e5\u304b\u3089\u91d1\u66dc\u65e5\u306e\u5348\u524d 9 \u6642\u304b\u3089\u5348\u5f8c 6 \u6642\uff08\u30d6\u30e9\u30b8\u30ea\u30a2\u6642\u9593\uff09\u307e\u3067\u3054\u5229\u7528\u3044\u305f\u3060\u3051\u307e\u3059\u3002\u55b6\u696d\u6642\u9593\u5916\u306b\u3054\u9023\u7d61\u3044\u305f\u3060\u3044\u305f\u5834\u5408\u3082\u3001\u3067\u304d\u308b\u3060\u3051\u65e9\u304f\u3054\u8fd4\u7b54\u3055\u305b\u3066\u3044\u305f\u3060\u304d\u307e\u3059\u3002<\/p>\n<p>\u3054\u9023\u7d61\u3092\u304a\u5f85\u3061\u3057\u3066\u304a\u308a\u307e\u3059\uff01<\/p>","protected":false},"excerpt":{"rendered":"<p>P\u00e1gina de Contato Se voc\u00ea tem d\u00favidas, sugest\u00f5es ou gostaria de saber mais sobre nossos produtos e servi\u00e7os, entre em contato conosco! Estamos prontos para ajudar e garantir que voc\u00ea tenha a melhor experi\u00eancia poss\u00edvel. Formas de contato: \ud83d\udce7 E-mail: eriveltoncgui2017@gmail.com \ud83d\udcde Telefone: +55 (35) 9 9965-3990 \ud83d\udcf1 WhatsApp: Clique no link abaixo para falar diretamente conosco pelo WhatsApp: Chamar no WhatsApp Nosso atendimento est\u00e1 dispon\u00edvel de segunda a sexta-feira, das 9h \u00e0s 18h (hor\u00e1rio de Bras\u00edlia). Caso entre em contato fora do hor\u00e1rio de atendimento, retornaremos o mais breve poss\u00edvel. Estamos ansiosos para ouvir voc\u00ea!<\/p>","protected":false},"author":1,"featured_media":0,"parent":0,"menu_order":0,"comment_status":"closed","ping_status":"closed","template":"","meta":{"footnotes":""},"class_list":["post-183","page","type-page","status-publish","hentry"],"_links":{"self":[{"href":"https:\/\/dolartube.com\/ja\/wp-json\/wp\/v2\/pages\/183","targetHints":{"allow":["GET"]}}],"collection":[{"href":"https:\/\/dolartube.com\/ja\/wp-json\/wp\/v2\/pages"}],"about":[{"href":"https:\/\/dolartube.com\/ja\/wp-json\/wp\/v2\/types\/page"}],"author":[{"embeddable":true,"href":"https:\/\/dolartube.com\/ja\/wp-json\/wp\/v2\/users\/1"}],"replies":[{"embeddable":true,"href":"https:\/\/dolartube.com\/ja\/wp-json\/wp\/v2\/comments?post=183"}],"version-history":[{"count":1,"href":"https:\/\/dolartube.com\/ja\/wp-json\/wp\/v2\/pages\/183\/revisions"}],"predecessor-version":[{"id":185,"href":"https:\/\/dolartube.com\/ja\/wp-json\/wp\/v2\/pages\/183\/revisions\/185"}],"wp:attachment":[{"href":"https:\/\/dolartube.com\/ja\/wp-json\/wp\/v2\/media?parent=183"}],"curies":[{"name":"wp","href":"https:\/\/api.w.org\/{rel}","templated":true}]}}