{"id":181,"date":"2024-12-12T17:50:22","date_gmt":"2024-12-12T17:50:22","guid":{"rendered":"https:\/\/dolartube.com\/?page_id=181"},"modified":"2024-12-12T17:50:31","modified_gmt":"2024-12-12T17:50:31","slug":"sobre","status":"publish","type":"page","link":"https:\/\/dolartube.com\/ja\/sobre\/","title":{"rendered":"\u79c1\u305f\u3061\u306b\u3064\u3044\u3066"},"content":{"rendered":"<p><strong>\u79c1\u305f\u3061\u306b\u3064\u3044\u3066 \u2013 Dollar Tube\u3068Like\u30dd\u30a4\u30f3\u30c8\u306e\u30d1\u30ef\u30fc\u3092\u767a\u898b<\/strong><\/p>\n<p>\u3088\u3046\u3053\u305d <strong>\u3044\u3044\u306d\u30dd\u30a4\u30f3\u30c8<\/strong>\u30c7\u30b8\u30bf\u30eb\u4e16\u754c\u3067\u4e0d\u53ef\u80fd\u3092\u73fe\u5b9f\u306b\u5909\u3048\u308b\u30d7\u30e9\u30c3\u30c8\u30d5\u30a9\u30fc\u30e0\u3002\u79c1\u305f\u3061\u306f\u3001\u9069\u5207\u306a\u6226\u7565\u3068\u9069\u5207\u306a\u30c4\u30fc\u30eb\u304c\u3042\u308c\u3070\u3001\u8ab0\u3067\u3082\u30a4\u30f3\u30bf\u30fc\u30cd\u30c3\u30c8\u4e0a\u3067\u7d4c\u6e08\u7684\u81ea\u7acb\u3092\u9054\u6210\u3057\u3001\u5b9f\u969b\u306e\u7d50\u679c\u3092\u9054\u6210\u3067\u304d\u308b\u3068\u4fe1\u3058\u3066\u3044\u307e\u3059\u3002\u30bc\u30ed\u304b\u3089\u59cb\u3081\u308b\u304b\u3001\u3059\u3067\u306b\u7d4c\u9a13\u304c\u3042\u308b\u304b\u306f\u95a2\u4fc2\u3042\u308a\u307e\u305b\u3093\u3002\u3053\u3053\u304c\u9b54\u6cd5\u304c\u8d77\u3053\u308b\u5834\u6240\u3067\u3059\u3002<\/p>\n<h3><strong>\u79c1\u305f\u3061\u306e\u4f7f\u547d<\/strong><\/h3>\n<p>\u79c1\u305f\u3061\u306e\u4f7f\u547d\u306f\u660e\u78ba\u3067\u3059\u3002\u5b9f\u7528\u7684\u306a\u77e5\u8b58\u3001\u72ec\u81ea\u306e\u30c4\u30fc\u30eb\u3001\u9769\u65b0\u7684\u306a\u30cf\u30c3\u30af\u3092\u63d0\u4f9b\u3057\u3001\u3042\u306a\u305f\u3092\u6210\u529f\u306b\u5c0e\u304f\u3053\u3068\u3067\u3059\u3002\u30aa\u30f3\u30e9\u30a4\u30f3\u306e\u4e16\u754c\u306b\u306f\u7a7a\u7d04\u675f\u304c\u6ea2\u308c\u3066\u3044\u308b\u3053\u3068\u306f\u627f\u77e5\u3057\u3066\u3044\u307e\u3059\u304c\u3001Like Points \u3067\u306f\u3001\u5b9f\u8df5\u3059\u308b\u524d\u306b\u5404\u30b9\u30c6\u30c3\u30d7\u306e\u300c\u65b9\u6cd5\u300d\u3068\u300c\u7406\u7531\u300d\u3092\u5b66\u3076\u3053\u3068\u304c\u3067\u304d\u307e\u3059\u3002\u66d6\u6627\u306a\u7406\u8ad6\u3084\u6839\u62e0\u306e\u306a\u3044\u4ed5\u639b\u3051\u306f\u306a\u304f\u3001\u5b9f\u8a3c\u6e08\u307f\u306e\u6226\u7565\u3060\u3051\u3067\u3059\u3002<\/p>\n<h3><strong>\u79c1\u305f\u3061\u306e\u30e6\u30cb\u30fc\u30af\u306a\u70b9<\/strong><\/h3>\n<ul>\n<li><strong>\u652f\u51fa\u306a\u3057\u3001\u7a3c\u3050\u3060\u3051\uff1a<\/strong> \u3053\u3053\u3067\u306f\u521d\u671f\u6295\u8cc7\u3092\u5fc5\u8981\u3068\u3057\u306a\u3044\u65b9\u6cd5\u3092\u5b66\u3073\u307e\u3059\u3002\u5229\u76ca\u3092\u4e0a\u3052\u59cb\u3081\u308b\u305f\u3081\u306b\u5fc5\u8981\u306a\u306e\u306f\u3001\u5f53\u793e\u304c\u63d0\u4f9b\u3059\u308b\u77e5\u8b58\u3068\u30c4\u30fc\u30eb\u3060\u3051\u3067\u3059\u3002<\/li>\n<li><strong>\u5b9f\u8a3c\u6e08\u307f\u306e\u7d50\u679c:<\/strong> 4 \u5e74\u4ee5\u4e0a\u306e\u6b74\u53f2\u3068\u4f55\u5343\u3082\u306e\u6d3b\u7528\u30c1\u30e3\u30cd\u30eb\u3092\u8a87\u308a\u3001\u5f53\u793e\u306e\u65b9\u6cd5\u8ad6\u306f\u3001\u5b9f\u969b\u306b\u52b9\u679c\u306e\u3042\u308b\u65b9\u6cd5\u306b\u5bfe\u5fdc\u3059\u308b\u305f\u3081\u306b\u5e38\u306b\u66f4\u65b0\u3055\u308c\u3066\u3044\u307e\u3059\u3002<\/li>\n<li><strong>\u81ea\u52d5\u5316\u3068\u30a4\u30f3\u30c6\u30ea\u30b8\u30a7\u30f3\u30b9:<\/strong> \u6b21\u306e\u3088\u3046\u306a\u30c4\u30fc\u30eb <em>\u30c0\u30fc\u30af\u30e9\u30a4\u30af\u30c4\u30fc\u30eb<\/em> \u305d\u3057\u3066 <em>SEO\u62bd\u51fa<\/em> \u30d7\u30ed\u30bb\u30b9\u3092\u6700\u9069\u5316\u3057\u3001\u6642\u9593\u3092\u7bc0\u7d04\u3059\u308b\u3053\u3068\u3067\u3001\u7af6\u4e89\u76f8\u624b\u3088\u308a\u4e00\u6b69\u5148\u3078\u9032\u3080\u3053\u3068\u304c\u3067\u304d\u307e\u3059\u3002<\/li>\n<li><strong>\u5c02\u7528\u30bd\u30fc\u30b7\u30e3\u30eb\u30cd\u30c3\u30c8\u30ef\u30fc\u30af:<\/strong> \u8cb4\u91cd\u306a\u7d4c\u9a13\u3001\u30d2\u30f3\u30c8\u3001\u6d1e\u5bdf\u3092\u5171\u6709\u3059\u308b\u30af\u30ea\u30a8\u30a4\u30bf\u30fc\u306e\u793e\u5185\u30b3\u30df\u30e5\u30cb\u30c6\u30a3\u3067\u3001\u3059\u3067\u306b\u6210\u529f\u3057\u3066\u3044\u308b\u4eba\u305f\u3061\u304b\u3089\u5b66\u3076\u3053\u3068\u304c\u3067\u304d\u307e\u3059\u3002<\/li>\n<li><strong>\u767b\u5834\u3059\u308b\u5fc5\u8981\u3082\u306a\u304f\uff1a<\/strong> \u5f53\u793e\u306e\u30bd\u30ea\u30e5\u30fc\u30b7\u30e7\u30f3\u306f\u3001\u4eba\u9593\u5473\u3042\u3075\u308c\u308b\u30ca\u30ec\u30fc\u30bf\u30fc\u3068\u533f\u540d\u306e\u4f5c\u6210\u30ea\u30bd\u30fc\u30b9\u3092\u5099\u3048\u3066\u304a\u308a\u3001\u8eab\u5143\u3092\u660e\u304b\u3059\u3053\u3068\u306a\u304f\u5229\u76ca\u3092\u5f97\u305f\u3044\u3068\u8003\u3048\u3066\u3044\u308b\u65b9\u306b\u6700\u9069\u3067\u3059\u3002<\/li>\n<\/ul>\n<h3><strong>\u3053\u3053\u3067\u898b\u3064\u304b\u308b\u3082\u306e<\/strong><\/h3>\n<ol>\n<li><strong>\u5b8c\u5168\u304b\u3064\u30b9\u30c6\u30c3\u30d7\u30d0\u30a4\u30b9\u30c6\u30c3\u30d7\u306e\u30b3\u30fc\u30b9:<\/strong> \u307e\u3063\u305f\u304f\u306e\u521d\u5fc3\u8005\u3067\u3082\u3001YouTube \u30c1\u30e3\u30f3\u30cd\u30eb\u3092\u4f5c\u6210\u3057\u3066\u30d7\u30ed\u30d5\u30a7\u30c3\u30b7\u30e7\u30ca\u30eb\u306b\u3059\u308b\u65b9\u6cd5\u3092\u5b66\u3073\u307e\u3059\u3002<\/li>\n<li><strong>\u5c02\u7528\u30c4\u30fc\u30eb:<\/strong>\n<ul>\n<li>\u4eba\u5de5\u77e5\u80fd\u306b\u3088\u308b\u30bf\u30a4\u30c8\u30eb\u3001\u30b5\u30e0\u30cd\u30a4\u30eb\u3001\u30b9\u30af\u30ea\u30d7\u30c8\u306e\u4f5c\u6210\u3002<\/li>\n<li>\u753b\u50cf\u306e\u4e00\u62ec\u30b5\u30a4\u30ba\u5909\u66f4\u3002<\/li>\n<li>\u7af6\u5408\u4ed6\u793e\u306e\u30d3\u30c7\u30aa\u7528\u306e SEO \u62bd\u51fa\u30c4\u30fc\u30eb\u3002<\/li>\n<\/ul>\n<\/li>\n<li><strong>\u6700\u5927\u751f\u7523\u6027:<\/strong> \u30d7\u30ed\u30b8\u30a7\u30af\u30c8\u3092\u6574\u7406\u3057\u3001\u30d7\u30ed\u30bb\u30b9\u3092\u81ea\u52d5\u5316\u3057\u3001\u76f4\u611f\u7684\u306a\u65b9\u6cd5\u3067\u30b3\u30f3\u30c6\u30f3\u30c4\u306e\u4f5c\u6210\u3092\u5bb9\u6613\u306b\u3059\u308b\u30bd\u30d5\u30c8\u30a6\u30a7\u30a2\u3002<\/li>\n<li><strong>\u6b21\u4e16\u4ee3\u4eba\u5de5\u77e5\u80fd\uff1a<\/strong> \u30c7\u30b8\u30bf\u30eb \u30b3\u30f3\u30c6\u30f3\u30c4\u5236\u4f5c\u306b\u9769\u547d\u3092\u8d77\u3053\u3057\u3066\u3044\u308b AI \u3092\u767a\u898b\u3057\u3001\u305d\u308c\u3092\u6d3b\u7528\u3057\u3066\u5177\u4f53\u7684\u306a\u6210\u679c\u3092\u751f\u307f\u51fa\u3059\u65b9\u6cd5\u3092\u5b66\u3073\u307e\u3059\u3002<\/li>\n<\/ol>\n<h3><strong>Like Points \u3092\u9078\u3076\u7406\u7531\u306f\u4f55\u3067\u3059\u304b?<\/strong><\/h3>\n<p>\u79c1\u305f\u3061\u304c\u304a\u5c4a\u3051\u3059\u308b\u306e\u306f\u30c4\u30fc\u30eb\u3060\u3051\u3067\u306f\u3042\u308a\u307e\u305b\u3093\u3002\u3042\u306a\u305f\u306e\u4eba\u751f\u3092\u5909\u3048\u308b\u30c1\u30e3\u30f3\u30b9\u3082\u304a\u5c4a\u3051\u3057\u307e\u3059\u3002\u5f53\u793e\u306e\u5b9f\u7528\u7684\u304b\u3064\u7684\u78ba\u306a\u30a2\u30d7\u30ed\u30fc\u30c1\u306b\u3088\u308a\u3001\u30c7\u30b8\u30bf\u30eb \u30d7\u30e9\u30c3\u30c8\u30d5\u30a9\u30fc\u30e0\u3092\u6700\u5927\u9650\u306b\u6d3b\u7528\u3067\u304d\u308b\u3088\u3046\u306b\u306a\u308a\u307e\u3059\u3002\u30c0\u30fc\u30af \u30c1\u30e3\u30cd\u30eb\u306e\u4f5c\u6210\u3001\u53ce\u76ca\u6027\u306e\u9ad8\u3044\u30cb\u30c3\u30c1\u306e\u767a\u898b\u3001\u3042\u308b\u3044\u306f\u5358\u306b\u6226\u7565\u3092\u6539\u826f\u3059\u308b\u306a\u3069\u3001\u5e38\u306b\u4e00\u6b69\u5148\u3092\u884c\u304f\u3053\u3068\u304c\u3067\u304d\u307e\u3059\u3002<\/p>\n<p><strong>\u6210\u529f\u3078\u306e\u65c5\u3092\u59cb\u3081\u308b\u6e96\u5099\u306f\u3067\u304d\u3066\u3044\u307e\u3059\u304b? Like Points \u306f\u3001\u3042\u306a\u305f\u304c\u3075\u3055\u308f\u3057\u3044\u672a\u6765\u3092\u7bc9\u304f\u305f\u3081\u306e\u57fa\u76e4\u3067\u3059\u3002<\/strong><\/p>","protected":false},"excerpt":{"rendered":"<p>Sobre N\u00f3s \u2013 Descubra o Poder do D\u00f3lar Tube &amp; Like points Bem-vindo ao Like Points, a plataforma que transforma o imposs\u00edvel em realidade no mundo digital. Aqui, acreditamos que qualquer pessoa, com a estrat\u00e9gia certa e as ferramentas adequadas, pode conquistar independ\u00eancia financeira na internet e alcan\u00e7ar resultados reais. N\u00e3o importa se voc\u00ea est\u00e1 come\u00e7ando do zero ou j\u00e1 tem experi\u00eancia: este \u00e9 o lugar onde a m\u00e1gica acontece. Nossa Miss\u00e3o Nossa miss\u00e3o \u00e9 clara: empoderar voc\u00ea com conhecimento pr\u00e1tico, ferramentas exclusivas e hacks inovadores que te levam direto ao sucesso. Sabemos que o mundo online est\u00e1 cheio de promessas vazias, mas no Like Points, voc\u00ea aprende o \u201ccomo\u201d [&hellip;]<\/p>","protected":false},"author":1,"featured_media":0,"parent":0,"menu_order":0,"comment_status":"closed","ping_status":"closed","template":"","meta":{"footnotes":""},"class_list":["post-181","page","type-page","status-publish","hentry"],"_links":{"self":[{"href":"https:\/\/dolartube.com\/ja\/wp-json\/wp\/v2\/pages\/181","targetHints":{"allow":["GET"]}}],"collection":[{"href":"https:\/\/dolartube.com\/ja\/wp-json\/wp\/v2\/pages"}],"about":[{"href":"https:\/\/dolartube.com\/ja\/wp-json\/wp\/v2\/types\/page"}],"author":[{"embeddable":true,"href":"https:\/\/dolartube.com\/ja\/wp-json\/wp\/v2\/users\/1"}],"replies":[{"embeddable":true,"href":"https:\/\/dolartube.com\/ja\/wp-json\/wp\/v2\/comments?post=181"}],"version-history":[{"count":1,"href":"https:\/\/dolartube.com\/ja\/wp-json\/wp\/v2\/pages\/181\/revisions"}],"predecessor-version":[{"id":182,"href":"https:\/\/dolartube.com\/ja\/wp-json\/wp\/v2\/pages\/181\/revisions\/182"}],"wp:attachment":[{"href":"https:\/\/dolartube.com\/ja\/wp-json\/wp\/v2\/media?parent=181"}],"curies":[{"name":"wp","href":"https:\/\/api.w.org\/{rel}","templated":true}]}}