{"id":1689,"date":"2025-05-02T16:35:01","date_gmt":"2025-05-02T16:35:01","guid":{"rendered":"https:\/\/dolartube.com\/?page_id=1689"},"modified":"2025-05-02T16:36:28","modified_gmt":"2025-05-02T16:36:28","slug":"site-das-influencers","status":"publish","type":"page","link":"https:\/\/dolartube.com\/ja\/site-das-influencers\/","title":{"rendered":"\u30a4\u30f3\u30d5\u30eb\u30a8\u30f3\u30b5\u30fc\u306e\u30a6\u30a7\u30d6\u30b5\u30a4\u30c8"},"content":{"rendered":"<div data-elementor-type=\"wp-page\" data-elementor-id=\"1689\" class=\"elementor elementor-1689\" data-elementor-post-type=\"page\">\n\t\t\t\t<div data-particle_enable=\"false\" data-particle-mobile-disabled=\"false\" class=\"elementor-element elementor-element-75a06c16 e-flex e-con-boxed e-con e-parent\" data-id=\"75a06c16\" data-element_type=\"container\">\n\t\t\t\t\t<div class=\"e-con-inner\">\n\t\t\t\t<div class=\"elementor-element elementor-element-3108a771 elementor-widget elementor-widget-heading\" data-id=\"3108a771\" data-element_type=\"widget\" data-widget_type=\"heading.default\">\n\t\t\t\t<div class=\"elementor-widget-container\">\n\t\t\t\t\t<h2 class=\"elementor-heading-title elementor-size-default\">\u4e0b\u8a18\u306b\u30ea\u30f3\u30af\u3092\u6b8b\u3057\u307e\u3057\u305f <span style='background-color:orangered'>\u884c\u304f\u524d\u306b\u3001\u4ee5\u4e0b\u306e\u81ea\u52d5\u5316\u30d3\u30c7\u30aa\u3092\u3054\u89a7\u304f\u3060\u3055\u3044<\/span>  \u305f\u3063\u305f 1 \u56de\u306e\u30af\u30ea\u30c3\u30af\u3067\u3001\u3069\u308c\u3060\u3051\u306e\u91d1\u984d\u3092\u30c9\u30eb\u3067\u751f\u307f\u51fa\u305b\u308b\u304b\u306f\u60f3\u50cf\u3082\u3064\u304d\u307e\u305b\u3093\u3002<\/h2>\t\t\t\t<\/div>\n\t\t\t\t<\/div>\n\t\t\t\t\t<\/div>\n\t\t\t\t<\/div>\n\t\t<div data-particle_enable=\"false\" data-particle-mobile-disabled=\"false\" class=\"elementor-element elementor-element-1dd5bfdd e-flex e-con-boxed e-con e-parent\" data-id=\"1dd5bfdd\" data-element_type=\"container\">\n\t\t\t\t\t<div class=\"e-con-inner\">\n\t\t<div data-particle_enable=\"false\" data-particle-mobile-disabled=\"false\" class=\"elementor-element elementor-element-239ff76f e-con-full e-flex e-con e-child\" data-id=\"239ff76f\" data-element_type=\"container\">\n\t\t\t\t<div class=\"elementor-element elementor-element-7995438b elementor-widget elementor-widget-video\" data-id=\"7995438b\" data-element_type=\"widget\" data-settings=\"{&quot;youtube_url&quot;:&quot;https:\\\/\\\/www.youtube.com\\\/watch?v=McxFxb_b4xA&quot;,&quot;video_type&quot;:&quot;youtube&quot;,&quot;controls&quot;:&quot;yes&quot;}\" data-widget_type=\"video.default\">\n\t\t\t\t<div class=\"elementor-widget-container\">\n\t\t\t\t\t\t\t<div class=\"elementor-wrapper elementor-open-inline\">\n\t\t\t<div class=\"elementor-video\"><\/div>\t\t<\/div>\n\t\t\t\t\t\t<\/div>\n\t\t\t\t<\/div>\n\t\t\t\t<\/div>\n\t\t<div data-particle_enable=\"false\" data-particle-mobile-disabled=\"false\" class=\"elementor-element elementor-element-19d35a71 e-con-full e-flex e-con e-child\" data-id=\"19d35a71\" data-element_type=\"container\">\n\t\t\t\t<div class=\"elementor-element elementor-element-7b741a32 elementor-widget elementor-widget-heading\" data-id=\"7b741a32\" data-element_type=\"widget\" data-widget_type=\"heading.default\">\n\t\t\t\t<div class=\"elementor-widget-container\">\n\t\t\t\t\t<h2 class=\"elementor-heading-title elementor-size-default\">AUTOMATIONS\u30d7\u30e9\u30c3\u30c8\u30d5\u30a9\u30fc\u30e0\u3067\u7a7a\u304d\u72b6\u6cc1\u3092\u78ba\u8a8d\u3059\u308b\u306b\u306f\u3001\u4e0b\u8a18\u306b\u30b5\u30a4\u30f3\u30a2\u30c3\u30d7\u3057\u3066\u304f\u3060\u3055\u3044\u3002<\/h2>\t\t\t\t<\/div>\n\t\t\t\t<\/div>\n\t\t\t\t<div class=\"elementor-element elementor-element-2a808ac4 elementor-button-align-stretch elementor-widget elementor-widget-form\" data-id=\"2a808ac4\" data-element_type=\"widget\" data-settings=\"{&quot;step_next_label&quot;:&quot;Next&quot;,&quot;step_previous_label&quot;:&quot;Previous&quot;,&quot;button_width&quot;:&quot;100&quot;,&quot;step_type&quot;:&quot;number_text&quot;,&quot;step_icon_shape&quot;:&quot;circle&quot;}\" data-widget_type=\"form.default\">\n\t\t\t\t<div class=\"elementor-widget-container\">\n\t\t\t\t\t\t\t<form class=\"elementor-form\" method=\"post\" name=\"New Form\" action=\"\">\n\t\t\t<input type=\"hidden\" name=\"post_id\" value=\"1689\"\/>\n\t\t\t<input type=\"hidden\" name=\"form_id\" value=\"2a808ac4\"\/>\n\t\t\t<input type=\"hidden\" name=\"referer_title\" value=\"Site das influencers\" \/>\n\n\t\t\t\t\t\t\t<input type=\"hidden\" name=\"queried_id\" value=\"1689\"\/>\n\t\t\t\n\t\t\t<div class=\"elementor-form-fields-wrapper elementor-labels-above\">\n\t\t\t\t\t\t\t\t<div class=\"elementor-field-type-text elementor-field-group elementor-column elementor-field-group-name elementor-col-100\">\n\t\t\t\t\t\t\t\t\t\t\t\t\t<input size=\"1\" type=\"text\" name=\"form_fields[name]\" id=\"form-field-name\" class=\"elementor-field elementor-size-sm  elementor-field-textual\" placeholder=\"\u540d\u524d\">\n\t\t\t\t\t\t\t\t\t\t\t<\/div>\n\t\t\t\t\t\t\t\t<div class=\"elementor-field-type-email elementor-field-group elementor-column elementor-field-group-email elementor-col-100 elementor-field-required\">\n\t\t\t\t\t\t\t\t\t\t\t\t\t<input size=\"1\" type=\"email\" name=\"form_fields[email]\" id=\"form-field-email\" class=\"elementor-field elementor-size-sm  elementor-field-textual\" placeholder=\"E\u30e1\u30fc\u30eb\" required=\"required\" aria-required=\"true\">\n\t\t\t\t\t\t\t\t\t\t\t<\/div>\n\t\t\t\t\t\t\t\t<div class=\"elementor-field-group elementor-column elementor-field-type-submit elementor-col-100 e-form__buttons\">\n\t\t\t\t\t<button class=\"elementor-button elementor-size-sm\" type=\"submit\">\n\t\t\t\t\t\t<span class=\"elementor-button-content-wrapper\">\n\t\t\t\t\t\t\t\t\t\t\t\t\t\t\t\t\t\t\t\t\t\t<span class=\"elementor-button-text\">\u53c2\u52a0\u3057\u305f\u3044<\/span>\n\t\t\t\t\t\t\t\t\t\t\t\t\t<\/span>\n\t\t\t\t\t<\/button>\n\t\t\t\t<\/div>\n\t\t\t<\/div>\n\t\t<input type=\"hidden\" name=\"trp-form-language\" value=\"ja\"\/><\/form>\n\t\t\t\t\t\t<\/div>\n\t\t\t\t<\/div>\n\t\t\t\t<div class=\"elementor-element elementor-element-a3dbbe9 elementor-widget elementor-widget-text-editor\" data-id=\"a3dbbe9\" data-element_type=\"widget\" data-widget_type=\"text-editor.default\">\n\t\t\t\t<div class=\"elementor-widget-container\">\n\t\t\t\t\t\t\t\t\t<p>\u767b\u9332\u5f8c\u3001\u53d7\u4fe1\u30c8\u30ec\u30a4\u3001\u30d7\u30ed\u30e2\u30fc\u30b7\u30e7\u30f3\u3001\u30b9\u30d1\u30e0 \u30d5\u30a9\u30eb\u30c0\u30fc\u3092\u78ba\u8a8d\u3057\u3001\u767b\u9332\u3092\u78ba\u8a8d\u3059\u308b\u305f\u3081\u306e\u30a6\u30a7\u30eb\u30ab\u30e0 \u30e1\u30fc\u30eb\u3092\u898b\u3064\u3051\u307e\u3059\u3002<\/p>\t\t\t\t\t\t\t\t<\/div>\n\t\t\t\t<\/div>\n\t\t\t\t<\/div>\n\t\t\t\t\t<\/div>\n\t\t\t\t<\/div>\n\t\t<div data-particle_enable=\"false\" data-particle-mobile-disabled=\"false\" class=\"elementor-element elementor-element-67f6d106 e-flex e-con-boxed e-con e-parent\" data-id=\"67f6d106\" data-element_type=\"container\">\n\t\t\t\t\t<div class=\"e-con-inner\">\n\t\t\t\t<div class=\"elementor-element elementor-element-4df6d661 elementor-widget elementor-widget-heading\" data-id=\"4df6d661\" data-element_type=\"widget\" data-widget_type=\"heading.default\">\n\t\t\t\t<div class=\"elementor-widget-container\">\n\t\t\t\t\t<h2 class=\"elementor-heading-title elementor-size-default\">\u7e26\u52d5\u753b\u3067\u7d39\u4ecb\u3057\u305f\u3042\u306a\u305f\u306e\u30a6\u30a7\u30d6\u30b5\u30a4\u30c8\u306f\u3053\u3053\u306b\u3042\u308a\u307e\u3059<\/h2>\t\t\t\t<\/div>\n\t\t\t\t<\/div>\n\t\t\t\t<div class=\"elementor-element elementor-element-4d42919c elementor-align-center elementor-widget elementor-widget-button\" data-id=\"4d42919c\" data-element_type=\"widget\" data-widget_type=\"button.default\">\n\t\t\t\t<div class=\"elementor-widget-container\">\n\t\t\t\t\t\t\t\t\t<div class=\"elementor-button-wrapper\">\n\t\t\t\t\t<a class=\"elementor-button elementor-button-link elementor-size-sm\" href=\"https:\/\/apob.ai\/\">\n\t\t\t\t\t\t<span class=\"elementor-button-content-wrapper\">\n\t\t\t\t\t\t\t\t\t<span class=\"elementor-button-text\">\u7d04\u675f\u3057\u305f\u30b5\u30a4\u30c8\u306b\u30a2\u30af\u30bb\u30b9\u3059\u308b\u306b\u306f\u3053\u3053\u3092\u30af\u30ea\u30c3\u30af\u3057\u3066\u304f\u3060\u3055\u3044<\/span>\n\t\t\t\t\t<\/span>\n\t\t\t\t\t<\/a>\n\t\t\t\t<\/div>\n\t\t\t\t\t\t\t\t<\/div>\n\t\t\t\t<\/div>\n\t\t\t\t\t<\/div>\n\t\t\t\t<\/div>\n\t\t<div data-particle_enable=\"false\" data-particle-mobile-disabled=\"false\" class=\"elementor-element elementor-element-794d4bcc e-flex e-con-boxed e-con e-parent\" data-id=\"794d4bcc\" data-element_type=\"container\">\n\t\t\t\t\t<div class=\"e-con-inner\">\n\t\t\t\t<div class=\"elementor-element elementor-element-db16910 elementor-widget elementor-widget-text-editor\" data-id=\"db16910\" data-element_type=\"widget\" data-widget_type=\"text-editor.default\">\n\t\t\t\t<div class=\"elementor-widget-container\">\n\t\t\t\t\t\t\t\t\t<p style=\"text-align: center;\"><span style=\"color: #ffffff;\"><a style=\"color: #ffffff;\" href=\"https:\/\/dolartube.com\/ja\/politicas\/\" target=\"_blank\" rel=\"noopener\">\u30d7\u30e9\u30a4\u30d0\u30b7\u30fc\u30dd\u30ea\u30b7\u30fc<\/a> | <a style=\"color: #ffffff;\" href=\"https:\/\/dolartube.com\/ja\/termos\/\" target=\"_blank\" rel=\"noopener\">\u5229\u7528\u898f\u7d04<\/a><\/span><\/p>\t\t\t\t\t\t\t\t<\/div>\n\t\t\t\t<\/div>\n\t\t\t\t\t<\/div>\n\t\t\t\t<\/div>\n\t\t\t\t<\/div>","protected":false},"excerpt":{"rendered":"<p>Deixei pra voc\u00ea o link abaixo Antes de ir Assista ao video de automa\u00e7\u00e3o abaixo Voc\u00ea n\u00e3o faz ideia do quanto isso pode gerar em Dolares com apenas 1 click. Para verificar vagas na Plataforma das AUTOMA\u00c7\u00d5ES inscreva-se abaixo Ap\u00f3s se cadastrar verifique as pastas Caixa de Entrada, Promo\u00e7\u00f5es, Spam e encontre o email de boas vindas para validar seu cadastro. Seu site que falei la no video vertical esta logo aqui CLIQUE AQUI PARA VISITAR O SITE QUE PROMETI Politicas de Privacidade | Termos de Uso<\/p>","protected":false},"author":1,"featured_media":0,"parent":0,"menu_order":0,"comment_status":"closed","ping_status":"closed","template":"elementor_canvas","meta":{"footnotes":""},"class_list":["post-1689","page","type-page","status-publish","hentry"],"_links":{"self":[{"href":"https:\/\/dolartube.com\/ja\/wp-json\/wp\/v2\/pages\/1689","targetHints":{"allow":["GET"]}}],"collection":[{"href":"https:\/\/dolartube.com\/ja\/wp-json\/wp\/v2\/pages"}],"about":[{"href":"https:\/\/dolartube.com\/ja\/wp-json\/wp\/v2\/types\/page"}],"author":[{"embeddable":true,"href":"https:\/\/dolartube.com\/ja\/wp-json\/wp\/v2\/users\/1"}],"replies":[{"embeddable":true,"href":"https:\/\/dolartube.com\/ja\/wp-json\/wp\/v2\/comments?post=1689"}],"version-history":[{"count":10,"href":"https:\/\/dolartube.com\/ja\/wp-json\/wp\/v2\/pages\/1689\/revisions"}],"predecessor-version":[{"id":1700,"href":"https:\/\/dolartube.com\/ja\/wp-json\/wp\/v2\/pages\/1689\/revisions\/1700"}],"wp:attachment":[{"href":"https:\/\/dolartube.com\/ja\/wp-json\/wp\/v2\/media?parent=1689"}],"curies":[{"name":"wp","href":"https:\/\/api.w.org\/{rel}","templated":true}]}}