{"id":4139,"date":"2025-07-30T18:12:43","date_gmt":"2025-07-30T18:12:43","guid":{"rendered":"https:\/\/dolartube.com\/?page_id=4139"},"modified":"2025-08-20T12:49:04","modified_gmt":"2025-08-20T12:49:04","slug":"planos-like-points","status":"publish","type":"page","link":"https:\/\/dolartube.com\/it\/planos-like-points\/","title":{"rendered":"Come i piani dei punti"},"content":{"rendered":"<div data-elementor-type=\"wp-page\" data-elementor-id=\"4139\" class=\"elementor elementor-4139\" data-elementor-post-type=\"page\">\n\t\t\t\t<div data-particle_enable=\"false\" data-particle-mobile-disabled=\"false\" class=\"elementor-element elementor-element-651239d e-flex e-con-boxed e-con e-parent\" data-id=\"651239d\" data-element_type=\"container\">\n\t\t\t\t\t<div class=\"e-con-inner\">\n\t\t\t\t\t<\/div>\n\t\t\t\t<\/div>\n\t\t<div data-particle_enable=\"false\" data-particle-mobile-disabled=\"false\" class=\"elementor-element elementor-element-3c6f9fa e-con-full e-flex e-con e-parent\" data-id=\"3c6f9fa\" data-element_type=\"container\">\n\t\t\t\t<div class=\"elementor-element elementor-element-d441dcb elementor-widget elementor-widget-html\" data-id=\"d441dcb\" data-element_type=\"widget\" data-widget_type=\"html.default\">\n\t\t\t\t<div class=\"elementor-widget-container\">\n\t\t\t\t\t<!DOCTYPE html>\r\n<html lang=\"pt-br\">\r\n<head>\r\n    <meta charset=\"UTF-8\">\r\n    <meta name=\"viewport\" content=\"width=device-width, initial-scale=1.0\">\r\n    <title>Piani e prezzi di LikePointsPro<\/title>\r\n    <link href=\"https:\/\/cdn.jsdelivr.net\/npm\/bootstrap@5.3.0\/dist\/css\/bootstrap.min.css\" rel=\"stylesheet\">\r\n    <link rel=\"stylesheet\" href=\"https:\/\/like-points.com\/price\/lp-pricing.css?v=2\">\r\n    <script src=\"https:\/\/ajax.googleapis.com\/ajax\/libs\/jquery\/3.6.0\/jquery.min.js\"><\/script>\r\n<\/head>\r\n<body>\r\n    <div class=\"lp-pricing-wrapper\">\r\n        <div class=\"lp-pricing-header\">\r\n        <\/div>\r\n        <div class=\"lp-pricing-columns\" id=\"lpPricingColumns\">\r\n            <div class=\"lp-loading-spinner\">\r\n                <div class=\"spinner-border text-primary\" role=\"status\">\r\n                    <span class=\"visually-hidden\">Caricamento piani in corso...<\/span>\r\n                <\/div>\r\n                <p>Caricamento piani e vantaggi in corso...<\/p>\r\n            <\/div>\r\n        <\/div>\r\n    <\/div>\r\n\r\n    <div class=\"modal fade lp-fullscreen-modal\" id=\"lpAllCoinflixCoursesModal\" tabindex=\"-1\" aria-labelledby=\"lpAllCoinflixCoursesModalLabel\" aria-hidden=\"true\">\r\n        <div class=\"modal-dialog modal-dialog-fullscreen\">\r\n            <div class=\"modal-content\">\r\n                <div class=\"modal-header\">\r\n                    <h5 class=\"modal-title\" id=\"lpAllCoinflixCoursesModalLabel\">Corsi inclusi in CoinFlix<\/h5>\r\n                    <button type=\"button\" class=\"btn-close\" data-bs-dismiss=\"modal\" aria-label=\"Vicino\"><\/button>\r\n                <\/div>\r\n                <div class=\"modal-body lp-modal-grid-body\" id=\"lpCoinflixCoursesGrid\">\r\n                <\/div>\r\n            <\/div>\r\n        <\/div>\r\n    <\/div>\r\n\r\n    <div class=\"modal fade lp-fullscreen-modal\" id=\"lpAllVipHacksModal\" tabindex=\"-1\" aria-labelledby=\"lpAllVipHacksModalLabel\" aria-hidden=\"true\">\r\n        <div class=\"modal-dialog modal-dialog-fullscreen\">\r\n            <div class=\"modal-content\">\r\n                <div class=\"modal-header\">\r\n                    <h5 class=\"modal-title\" id=\"lpAllVipHacksModalLabel\">Trucchi VIP oscuri inclusi<\/h5>\r\n                    <button type=\"button\" class=\"btn-close\" data-bs-dismiss=\"modal\" aria-label=\"Vicino\"><\/button>\r\n                <\/div>\r\n                <div class=\"modal-body lp-modal-grid-body\" id=\"lpVipHacksGrid\">\r\n                <\/div>\r\n            <\/div>\r\n        <\/div>\r\n    <\/div>\r\n\r\n    <div class=\"modal fade lp-fullscreen-modal\" id=\"lpAllToolsModal\" tabindex=\"-1\" aria-labelledby=\"lpAllToolsModalLabel\" aria-hidden=\"true\">\r\n        <div class=\"modal-dialog modal-dialog-fullscreen\">\r\n            <div class=\"modal-content\">\r\n                <div class=\"modal-header\">\r\n                    <h5 class=\"modal-title\" id=\"lpAllToolsModalLabel\">Strumenti inclusi<\/h5>\r\n                    <button type=\"button\" class=\"btn-close\" data-bs-dismiss=\"modal\" aria-label=\"Vicino\"><\/button>\r\n                <\/div>\r\n                <div class=\"modal-body lp-modal-grid-body\" id=\"lpToolsGrid\">\r\n                <\/div>\r\n            <\/div>\r\n        <\/div>\r\n    <\/div>\r\n\r\n    <div class=\"modal fade lp-detail-modal\" id=\"lpCourseDetailModal\" tabindex=\"-1\" aria-labelledby=\"lpCourseDetailModalLabel\" aria-hidden=\"true\">\r\n        <div class=\"modal-dialog modal-dialog-centered modal-lg\">\r\n            <div class=\"modal-content\">\r\n                <div class=\"modal-header\">\r\n                    <h5 class=\"modal-title\" id=\"lpCourseDetailModalLabel\">Dettagli del corso<\/h5>\r\n                    <button type=\"button\" class=\"btn-close\" data-bs-dismiss=\"modal\" aria-label=\"Vicino\"><\/button>\r\n                <\/div>\r\n                <div class=\"modal-body\">\r\n                    <div class=\"lp-modal-content-details\">\r\n                        <img decoding=\"async\" id=\"lpCourseDetailImage\" src=\"\" alt=\"Copertura del corso\" class=\"img-fluid mb-3 d-none\">\r\n                        <h4 id=\"lpCourseDetailTitle\"><\/h4>\r\n                        <p id=\"lpCourseDetailDescription\" class=\"lp-truncated-text\"><\/p>\r\n                    <\/div>\r\n                <\/div>\r\n            <\/div>\r\n        <\/div>\r\n    <\/div>\r\n\r\n    <div class=\"modal fade lp-detail-modal\" id=\"lpVipCourseDetailModal\" tabindex=\"-1\" aria-labelledby=\"lpVipCourseDetailModalLabel\" aria-hidden=\"true\">\r\n        <div class=\"modal-dialog modal-dialog-centered modal-lg\">\r\n            <div class=\"modal-content\">\r\n                <div class=\"modal-header\">\r\n                    <h5 class=\"modal-title\" id=\"lpVipCourseDetailModalLabel\">Dettagli dell&#039;hack VIP Dark<\/h5>\r\n                    <button type=\"button\" class=\"btn-close\" data-bs-dismiss=\"modal\" aria-label=\"Vicino\"><\/button>\r\n                <\/div>\r\n                <div class=\"modal-body\">\r\n                    <div class=\"lp-modal-content-details\">\r\n                        <img decoding=\"async\" id=\"lpVipCourseDetailImage\" src=\"\" alt=\"Copertura VIP Hack\" class=\"img-fluid mb-3 d-none\">\r\n                        <h4 id=\"lpVipCourseDetailTitle\"><\/h4>\r\n                        <p id=\"lpVipCourseDetailDescription\" class=\"lp-truncated-text\"><\/p>\r\n                    <\/div>\r\n                <\/div>\r\n            <\/div>\r\n        <\/div>\r\n    <\/div>\r\n\r\n    <div class=\"modal fade lp-detail-modal\" id=\"lpToolDetailModal\" tabindex=\"-1\" aria-labelledby=\"lpToolDetailModalLabel\" aria-hidden=\"true\">\r\n        <div class=\"modal-dialog modal-dialog-centered modal-lg\">\r\n            <div class=\"modal-content\">\r\n                <div class=\"modal-header\">\r\n                    <h5 class=\"modal-title\" id=\"lpToolDetailModalLabel\">Dettagli dello strumento<\/h5>\r\n                    <button type=\"button\" class=\"btn-close\" data-bs-dismiss=\"modal\" aria-label=\"Vicino\"><\/button>\r\n                <\/div>\r\n                <div class=\"modal-body\">\r\n                    <div class=\"lp-modal-content-details\">\r\n                        <div id=\"lpToolDetailVideoContainer\" class=\"lp-video-container d-none mb-3\">\r\n                            <img decoding=\"async\" id=\"lpToolDetailThumbnail\" src=\"\" alt=\"Miniatura video\" class=\"img-fluid d-none\">\r\n                        <\/div>\r\n                        <h4 id=\"lpToolDetailTitle\"><\/h4>\r\n                        <p id=\"lpToolDetailDescription\" class=\"lp-truncated-text\"><\/p>\r\n                    <\/div>\r\n                <\/div>\r\n                <div class=\"modal-footer\">\r\n                    <button type=\"button\" class=\"btn btn-secondary\" data-bs-dismiss=\"modal\">Per chiudere<\/button>\r\n                <\/div>\r\n            <\/div>\r\n        <\/div>\r\n    <\/div>\r\n\r\n    <script src=\"https:\/\/cdn.jsdelivr.net\/npm\/bootstrap@5.3.0\/dist\/js\/bootstrap.bundle.min.js\"><\/script>\r\n   <script src=\"https:\/\/like-points.com\/price\/lp-pricing.js?v=2\"><\/script>\r\n\r\n    <script>\r\n        \/\/ Objeto de configura\u00e7\u00e3o para as colunas de pre\u00e7os\r\n        const lpPricingConfig = {\r\n            fetchApiUrl: 'https:\/\/like-points.com\/api\/fetch_plan.php', \/\/ URL da sua API\r\n            \/\/planIds: [14, 48, 27, 165], \r\n            planIds: [14, 15, 16, 17, 48, 19, 20, 27, 164, 103, 104, 105, 106, 107,108,109],\/\/ IDs dos planos que voc\u00ea quer exibir\r\n            maxDescriptionLength: 150 \/\/ Limite de caracteres para descri\u00e7\u00f5es truncadas nos modais de detalhe\r\n        };\r\n\r\n        \/\/ Inicializa a exibi\u00e7\u00e3o dos planos ap\u00f3s o carregamento do DOM\r\n        document.addEventListener('DOMContentLoaded', () => {\r\n            initLPPricing(lpPricingConfig);\r\n        });\r\n    <\/script>\r\n<\/body>\r\n<\/html>\t\t\t\t<\/div>\n\t\t\t\t<\/div>\n\t\t\t\t<\/div>\n\t\t\t\t<\/div>","protected":false},"excerpt":{"rendered":"<p>Planos e Pre\u00e7os LikePointsPro Carregando planos&#8230; Carregando planos e benef\u00edcios&#8230; Cursos Inclusos na CoinFlix Hacks VIPs Dark Inclusos Ferramentas Inclusas Detalhes do Curso Detalhes do Hack VIP Dark Detalhes da Ferramenta Fechar<\/p>","protected":false},"author":1,"featured_media":0,"parent":0,"menu_order":0,"comment_status":"closed","ping_status":"closed","template":"elementor_canvas","meta":{"footnotes":""},"class_list":["post-4139","page","type-page","status-publish","hentry"],"_links":{"self":[{"href":"https:\/\/dolartube.com\/it\/wp-json\/wp\/v2\/pages\/4139","targetHints":{"allow":["GET"]}}],"collection":[{"href":"https:\/\/dolartube.com\/it\/wp-json\/wp\/v2\/pages"}],"about":[{"href":"https:\/\/dolartube.com\/it\/wp-json\/wp\/v2\/types\/page"}],"author":[{"embeddable":true,"href":"https:\/\/dolartube.com\/it\/wp-json\/wp\/v2\/users\/1"}],"replies":[{"embeddable":true,"href":"https:\/\/dolartube.com\/it\/wp-json\/wp\/v2\/comments?post=4139"}],"version-history":[{"count":19,"href":"https:\/\/dolartube.com\/it\/wp-json\/wp\/v2\/pages\/4139\/revisions"}],"predecessor-version":[{"id":4358,"href":"https:\/\/dolartube.com\/it\/wp-json\/wp\/v2\/pages\/4139\/revisions\/4358"}],"wp:attachment":[{"href":"https:\/\/dolartube.com\/it\/wp-json\/wp\/v2\/media?parent=4139"}],"curies":[{"name":"wp","href":"https:\/\/api.w.org\/{rel}","templated":true}]}}