{"id":3484,"date":"2025-06-16T21:19:38","date_gmt":"2025-06-16T21:19:38","guid":{"rendered":"https:\/\/dolartube.com\/?page_id=3484"},"modified":"2026-02-03T20:36:12","modified_gmt":"2026-02-03T20:36:12","slug":"aulao_old","status":"publish","type":"page","link":"https:\/\/dolartube.com\/it\/aulao_old\/","title":{"rendered":"Strategie aggiornate del canale oscuro di classe gratuita"},"content":{"rendered":"<div data-elementor-type=\"wp-page\" data-elementor-id=\"3484\" class=\"elementor elementor-3484\" data-elementor-post-type=\"page\">\n\t\t\t\t\t\t<section data-particle_enable=\"false\" data-particle-mobile-disabled=\"false\" class=\"elementor-section elementor-top-section elementor-element elementor-element-60079385 elementor-section-boxed elementor-section-height-default elementor-section-height-default\" data-id=\"60079385\" data-element_type=\"section\">\n\t\t\t\t\t\t<div class=\"elementor-container elementor-column-gap-default\">\n\t\t\t\t\t<div class=\"elementor-column elementor-col-100 elementor-top-column elementor-element elementor-element-5131142a\" data-id=\"5131142a\" data-element_type=\"column\">\n\t\t\t<div class=\"elementor-widget-wrap elementor-element-populated\">\n\t\t\t\t\t\t<div class=\"elementor-element elementor-element-67663d11 elementor-widget elementor-widget-image\" data-id=\"67663d11\" data-element_type=\"widget\" data-widget_type=\"image.default\">\n\t\t\t\t<div class=\"elementor-widget-container\">\n\t\t\t\t\t\t\t\t\t\t\t\t\t\t\t<img fetchpriority=\"high\" decoding=\"async\" width=\"800\" height=\"142\" src=\"https:\/\/dolartube.com\/wp-content\/uploads\/2024\/12\/LOGO-YOUTUBE-PRO-SITE-1-1-4.webp\" class=\"attachment-large size-large wp-image-428\" alt=\"\" srcset=\"https:\/\/dolartube.com\/wp-content\/uploads\/2024\/12\/LOGO-YOUTUBE-PRO-SITE-1-1-4.webp 1000w, https:\/\/dolartube.com\/wp-content\/uploads\/2024\/12\/LOGO-YOUTUBE-PRO-SITE-1-1-4-300x53.webp 300w, https:\/\/dolartube.com\/wp-content\/uploads\/2024\/12\/LOGO-YOUTUBE-PRO-SITE-1-1-4-768x136.webp 768w\" sizes=\"(max-width: 800px) 100vw, 800px\" \/>\t\t\t\t\t\t\t\t\t\t\t\t\t\t\t<\/div>\n\t\t\t\t<\/div>\n\t\t\t\t\t<\/div>\n\t\t<\/div>\n\t\t\t\t\t<\/div>\n\t\t<\/section>\n\t\t\t\t<section data-particle_enable=\"false\" data-particle-mobile-disabled=\"false\" class=\"elementor-section elementor-top-section elementor-element elementor-element-1c78093b elementor-section-content-top elementor-section-boxed elementor-section-height-default elementor-section-height-default\" data-id=\"1c78093b\" data-element_type=\"section\" data-settings=\"{&quot;background_background&quot;:&quot;classic&quot;}\">\n\t\t\t\t\t\t\t<div class=\"elementor-background-overlay\"><\/div>\n\t\t\t\t\t\t\t<div class=\"elementor-container elementor-column-gap-default\">\n\t\t\t\t\t<div class=\"elementor-column elementor-col-50 elementor-top-column elementor-element elementor-element-195bea66\" data-id=\"195bea66\" data-element_type=\"column\">\n\t\t\t<div class=\"elementor-widget-wrap elementor-element-populated\">\n\t\t\t\t\t\t<div class=\"elementor-element elementor-element-20094679 elementor-hidden-desktop elementor-hidden-tablet elementor-widget elementor-widget-heading\" data-id=\"20094679\" data-element_type=\"widget\" data-widget_type=\"heading.default\">\n\t\t\t\t<div class=\"elementor-widget-container\">\n\t\t\t\t\t<h3 class=\"elementor-heading-title elementor-size-default\"><font color=\"#ffff00\">SUPER CORSO SULLA RIMODELLATURA DEI CANALI OSCURI SU YOUTUBE<\/font><\/h3>\t\t\t\t<\/div>\n\t\t\t\t<\/div>\n\t\t\t\t<div class=\"elementor-element elementor-element-cefb78c elementor-hidden-desktop elementor-hidden-tablet elementor-widget elementor-widget-heading\" data-id=\"cefb78c\" data-element_type=\"widget\" data-widget_type=\"heading.default\">\n\t\t\t\t<div class=\"elementor-widget-container\">\n\t\t\t\t\t<h2 class=\"elementor-heading-title elementor-size-default\">I posti potrebbero esaurirsi in qualsiasi momento<\/h2>\t\t\t\t<\/div>\n\t\t\t\t<\/div>\n\t\t\t\t<div class=\"elementor-element elementor-element-10829728 elementor-widget elementor-widget-html\" data-id=\"10829728\" data-element_type=\"widget\" data-widget_type=\"html.default\">\n\t\t\t\t<div class=\"elementor-widget-container\">\n\t\t\t\t\t\r\n<meta http-equiv=\"Content-Security-Policy\" content=\"default-src 'self'; script-src 'self' https:\/\/www.youtube.com https:\/\/cdn.verificado.net.br; style-src 'self' https:\/\/cdnjs.cloudflare.com; img-src 'self' https:\/\/like-points.com https:\/\/i3.ytimg.com; connect-src 'self' https:\/\/like-points.com;\">\r\n<link rel=\"stylesheet\" href=\"https:\/\/cdnjs.cloudflare.com\/ajax\/libs\/bootstrap-icons\/1.5.0\/font\/bootstrap-icons.min.css\">\r\n\r\n<style>\r\n    .player-container {\r\n        position: relative;\r\n        width: 100%;\r\n        height: 0;\r\n        padding-bottom: 56.25%;\r\n        background-color: #ff0000;\r\n    }\r\n    .player-container iframe {\r\n        position: absolute;\r\n        top: 0;\r\n        left: 0;\r\n        width: 100%;\r\n        height: 100%;\r\n    }\r\n    .player-overlay {\r\n        position: absolute;\r\n        top: 0;\r\n        left: 0;\r\n        width: 100%;\r\n        height: 100%;\r\n        background: url('https:\/\/i3.ytimg.com\/vi\/DDNNK5T52Hs\/maxresdefault.jpg') center\/cover;\r\n        opacity: 0.4;\r\n        cursor: pointer;\r\n        z-index: 1;\r\n        transition: opacity 0.3s;\r\n    }\r\n    .player-overlay:not(:hover) {\r\n        opacity: 0;\r\n    }\r\n    .cover-image, .cover-image_pause {\r\n        position: absolute;\r\n        top: 0;\r\n        left: 0;\r\n        width: 100%;\r\n        height: 100%;\r\n        background-color: rgba(0, 0, 0, 0.7);\r\n        display: flex;\r\n        justify-content: center;\r\n        align-items: center;\r\n        z-index: 2;\r\n    }\r\n    .cover-image img, .cover-image_pause img {\r\n        width: 100%;\r\n        height: 100%;\r\n        object-fit: cover;\r\n    }\r\n    .cover-image_pause {\r\n        display: none;\r\n    }\r\n    .overlay-message {\r\n        position: absolute;\r\n        top: 50%;\r\n        left: 50%;\r\n        transform: translate(-50%, -50%);\r\n        background: #ff0000;\r\n        color: white;\r\n        padding: 10px;\r\n        border-radius: 6px;\r\n        text-align: center;\r\n        z-index: 3;\r\n        cursor: pointer;\r\n        width: 80%;\r\n        max-width: 280px;\r\n        pointer-events: auto;\r\n    }\r\n    .overlay-message p {\r\n        margin: 5px 0;\r\n        font-size: 1rem;\r\n    }\r\n    .overlay-message i {\r\n        font-size: 0.9rem;\r\n    }\r\n    .sound-bars {\r\n        display: flex;\r\n        justify-content: center;\r\n        gap: 3px;\r\n        margin: 5px 0;\r\n    }\r\n    .sound-bars .bar {\r\n        width: 4px;\r\n        height: 12px;\r\n        background: white;\r\n        animation: sound 0.5s infinite alternate;\r\n    }\r\n    .sound-bars .bar:nth-child(1) { animation-delay: 0.1s; }\r\n    .sound-bars .bar:nth-child(2) { animation-delay: 0.2s; }\r\n    .sound-bars .bar:nth-child(3) { animation-delay: 0.3s; }\r\n    .sound-bars .bar:nth-child(4) { animation-delay: 0.4s; }\r\n    @keyframes sound {\r\n        to { height: 20px; }\r\n    }\r\n    .button-container {\r\n        position: absolute;\r\n        bottom: 8px;\r\n        right: 8px;\r\n        display: flex;\r\n        gap: 6px;\r\n        z-index: 4;\r\n    }\r\n    .btn {\r\n        background: #007bff;\r\n        color: white;\r\n        border: none;\r\n        padding: 6px;\r\n        border-radius: 4px;\r\n        cursor: pointer;\r\n        font-size: 0.9rem;\r\n        min-width: 44px;\r\n        min-height: 44px;\r\n        display: flex;\r\n        align-items: center;\r\n        justify-content: center;\r\n        transition: background 0.2s;\r\n    }\r\n    .btn:hover {\r\n        background: #0056b3;\r\n    }\r\n    .progress-container {\r\n        width: 100%;\r\n        height: 6px;\r\n        background: #ddd;\r\n        display: block;\r\n    }\r\n    .progress-bar {\r\n        height: 100%;\r\n        width: 0;\r\n        background: linear-gradient(to right, #7cd4ff, #0072ff);\r\n        transition: width 1s linear;\r\n    }\r\n    .custom-button {\r\n        position: absolute;\r\n        padding: 6px 10px;\r\n        background: #007bff;\r\n        color: white;\r\n        border: none;\r\n        border-radius: 4px;\r\n        cursor: pointer;\r\n        z-index: 5;\r\n        font-size: 0.9rem;\r\n    }\r\n    @media (max-width: 768px) {\r\n        .player-container {\r\n            padding-bottom: 75%;\r\n        }\r\n        .overlay-message {\r\n            width: 90%;\r\n            padding: 8px;\r\n        }\r\n        .overlay-message p {\r\n            font-size: 0.9rem;\r\n        }\r\n        .btn {\r\n            min-width: 40px;\r\n            min-height: 40px;\r\n            padding: 5px;\r\n        }\r\n    }\r\n    @media (max-width: 480px) {\r\n        .button-container {\r\n            gap: 4px;\r\n        }\r\n        .btn {\r\n            min-width: 36px;\r\n            min-height: 36px;\r\n        }\r\n    }\r\n<\/style>\r\n\r\n<div class=\"player-container\">\r\n    <div class=\"player-overlay\">\r\n        <div id=\"messegepause\">\r\n            <img decoding=\"async\" src=\"https:\/\/like-points.com\/img\/vsl\/pause.jpg\" style=\"object-fit:cover; width:100%; height:100%;\">\r\n        <\/div>\r\n    <\/div>\r\n    <div class=\"cover-image\">\r\n        <img decoding=\"async\" src=\"https:\/\/i3.ytimg.com\/vi\/DDNNK5T52Hs\/maxresdefault.jpg\" style=\"object-fit:cover; width:100%; height:100%; cursor:pointer\">\r\n    <\/div>\r\n    <div class=\"cover-image_pause\">\r\n        <img decoding=\"async\" src=\"https:\/\/like-points.com\/img\/vsl\/pause.jpg\" style=\"object-fit:cover; width:100%; height:100%; display:none;\">\r\n    <\/div>\r\n    <div id=\"player137\"><\/div>\r\n    <div class=\"overlay-message\" onclick=\"activateSound()\">\r\n        <div class=\"message-content\">\r\n            <p>Il tuo video \u00e8 gi\u00e0 iniziato!<\/p>\r\n            <div class=\"sound-bars\">\r\n                <div class=\"bar\"><\/div>\r\n                <div class=\"bar\"><\/div>\r\n                <div class=\"bar\"><\/div>\r\n                <div class=\"bar\"><\/div>\r\n            <\/div>\r\n            <i>Fai clic qui per riattivare l&#039;audio<\/i>\r\n        <\/div>\r\n    <\/div>\r\n    <div class=\"button-container\">\r\n        <button class=\"btn play-button-custom\" style=\"display:none\" id=\"playbtn_ex\" onclick=\"togglePlay()\">\r\n            <i class=\"bi bi-play\"><\/i>\r\n        <\/button>\r\n        <button class=\"btn pause-button-custom\" style=\"display:none\" onclick=\"togglePause()\">\r\n            <i class=\"bi bi-pause\"><\/i>\r\n        <\/button>\r\n        <button class=\"btn sound-button-custom\" style=\"display:inline-block\" onclick=\"toggleAudio()\">\r\n            <i class=\"bi bi-volume-up\"><\/i>\r\n        <\/button>\r\n        <button class=\"btn maximize-button-custom\" style=\"display:inline-block\" onclick=\"toggleMaximize('player137')\">\r\n            <i class=\"bi bi-fullscreen\"><\/i>\r\n        <\/button>\r\n    <\/div>\r\n    <div class=\"progress-container\" style=\"display:block;\">\r\n        <div class=\"progress-bar\"><\/div>\r\n    <\/div>\r\n<\/div>\r\n\r\n<script>\r\n    var videoDuration = 0 * 1000;\r\n    var firstSegment = 8 * 5;\r\n    var autoPlay = 0;\r\n    var mute = 0;\r\n    var token = 7777;\r\n    var vid = 137;\r\n    var youtubeVideoId = \"DDNNK5T52Hs\";\r\n    var idDoPlayer = \"player137\";\r\n    localStorage.setItem('autoPlay', autoPlay);\r\n    localStorage.setItem('mute', mute);\r\n<\/script>\r\n<script src=\"https:\/\/cdn.verificado.net.br\/js\/progress.js\" defer><\/script>\r\n<script src=\"https:\/\/cdn.verificado.net.br\/js\/coinplay_licence.js\" defer><\/script>\r\n<script src=\"https:\/\/cdn.verificado.net.br\/js\/playtube_licence.js\" defer><\/script>\r\n\t\t\t\t<\/div>\n\t\t\t\t<\/div>\n\t\t\t\t<div class=\"elementor-element elementor-element-5369bc2e elementor-align-center elementor-widget elementor-widget-button\" data-id=\"5369bc2e\" data-element_type=\"widget\" data-widget_type=\"button.default\">\n\t\t\t\t<div class=\"elementor-widget-container\">\n\t\t\t\t\t\t\t\t\t<div class=\"elementor-button-wrapper\">\n\t\t\t\t\t<a class=\"elementor-button elementor-button-link elementor-size-sm\" href=\"https:\/\/go.hotmart.com\/A44317796Q?src=pagina_gratis\">\n\t\t\t\t\t\t<span class=\"elementor-button-content-wrapper\">\n\t\t\t\t\t\t\t\t\t<span class=\"elementor-button-text\">VOGLIO SAPERE<\/span>\n\t\t\t\t\t<\/span>\n\t\t\t\t\t<\/a>\n\t\t\t\t<\/div>\n\t\t\t\t\t\t\t\t<\/div>\n\t\t\t\t<\/div>\n\t\t\t\t<div class=\"elementor-element elementor-element-5bf0ebb9 elementor-widget elementor-widget-html\" data-id=\"5bf0ebb9\" data-element_type=\"widget\" data-widget_type=\"html.default\">\n\t\t\t\t<div class=\"elementor-widget-container\">\n\t\t\t\t\t<style>\r\n    .progress-container {\r\n  width: 100%;\r\n  height: 8px;\r\n  background-color: #ddd;\r\n}\r\n\r\n.progress-bar {\r\n  height: 100%;\r\n  background-image: linear-gradient(to right, #7cd4ff, #0072ff);\r\n  width: 0%;\r\n  transition: width 1s linear;\r\n}\r\n\r\n<\/style>\r\n<div class=\"progress-container\">\r\n  <div class=\"progress-bar\"><\/div>\r\n<\/div>\r\n\r\n<script>\r\n  const videoDuration = 1 * 60;\r\n  const firstSegment = 8 * 5;\r\n  const progressBar = document.querySelector('.progress-bar');\r\n\r\n  function updateProgress(currentTime) {\r\n    let width = 0;\r\n    if (currentTime <= firstSegment) {\r\n      width = 70 * currentTime \/ firstSegment;\r\n    } else {\r\n      width = 70 + 30 * (currentTime - firstSegment) \/ (videoDuration - firstSegment);\r\n    }\r\n    progressBar.style.width = `${width}%`;\r\n  }\r\n\r\n  let currentTime = 0;\r\n  const intervalId = setInterval(() => {\r\n    currentTime++;\r\n    updateProgress(currentTime);\r\n    if (currentTime >= videoDuration) {\r\n      clearInterval(intervalId);\r\n    }\r\n  }, 1000);\r\n<\/script>\r\n\r\n\t\t\t\t<\/div>\n\t\t\t\t<\/div>\n\t\t\t\t\t<\/div>\n\t\t<\/div>\n\t\t\t\t<div class=\"elementor-column elementor-col-50 elementor-top-column elementor-element elementor-element-7ff47a6a\" data-id=\"7ff47a6a\" data-element_type=\"column\">\n\t\t\t<div class=\"elementor-widget-wrap elementor-element-populated\">\n\t\t\t\t\t\t<div class=\"elementor-element elementor-element-1bb61c95 elementor-hidden-mobile elementor-widget elementor-widget-heading\" data-id=\"1bb61c95\" data-element_type=\"widget\" data-widget_type=\"heading.default\">\n\t\t\t\t<div class=\"elementor-widget-container\">\n\t\t\t\t\t<h3 class=\"elementor-heading-title elementor-size-default\"><font color=\"#ffff00\">SUPER <\/font><font color=\"#ffffff\">LEZIONE GRATUITA <\/font>REMODELAGEM <font color=\"#ffff00\">DE CANAIS DARK<\/font><\/h3>\t\t\t\t<\/div>\n\t\t\t\t<\/div>\n\t\t\t\t<div class=\"elementor-element elementor-element-63e79ee5 elementor-hidden-mobile elementor-widget elementor-widget-heading\" data-id=\"63e79ee5\" data-element_type=\"widget\" data-widget_type=\"heading.default\">\n\t\t\t\t<div class=\"elementor-widget-container\">\n\t\t\t\t\t<h2 class=\"elementor-heading-title elementor-size-default\">I posti potrebbero esaurirsi in qualsiasi momento<\/h2>\t\t\t\t<\/div>\n\t\t\t\t<\/div>\n\t\t\t\t<div class=\"elementor-element elementor-element-2648e871 elementor-widget elementor-widget-heading\" data-id=\"2648e871\" data-element_type=\"widget\" data-widget_type=\"heading.default\">\n\t\t\t\t<div class=\"elementor-widget-container\">\n\t\t\t\t\t<h2 class=\"elementor-heading-title elementor-size-default\">Inserisci i tuoi dati per iniziare a guardare<\/h2>\t\t\t\t<\/div>\n\t\t\t\t<\/div>\n\t\t\t\t<div class=\"elementor-element elementor-element-692c1013 elementor-widget elementor-widget-html\" data-id=\"692c1013\" data-element_type=\"widget\" data-widget_type=\"html.default\">\n\t\t\t\t<div class=\"elementor-widget-container\">\n\t\t\t\t\t<style>\n    button {\n    cursor: pointer;\n}\n\n<\/style>\t\t\t\t<\/div>\n\t\t\t\t<\/div>\n\t\t\t\t<div class=\"elementor-element elementor-element-4a2e791 elementor-button-align-stretch elementor-widget elementor-widget-form\" data-id=\"4a2e791\" data-element_type=\"widget\" data-settings=\"{&quot;step_next_label&quot;:&quot;Next&quot;,&quot;step_previous_label&quot;:&quot;Previous&quot;,&quot;button_width&quot;:&quot;100&quot;,&quot;step_type&quot;:&quot;number_text&quot;,&quot;step_icon_shape&quot;:&quot;circle&quot;}\" data-widget_type=\"form.default\">\n\t\t\t\t<div class=\"elementor-widget-container\">\n\t\t\t\t\t\t\t<form class=\"elementor-form\" method=\"post\" name=\"New Form\" action=\"\">\n\t\t\t<input type=\"hidden\" name=\"post_id\" value=\"3484\"\/>\n\t\t\t<input type=\"hidden\" name=\"form_id\" value=\"4a2e791\"\/>\n\t\t\t<input type=\"hidden\" name=\"referer_title\" value=\"Aul\u00e3o Gratis Canal Dark Estrat\u00e9gias Atualizadas\" \/>\n\n\t\t\t\t\t\t\t<input type=\"hidden\" name=\"queried_id\" value=\"3484\"\/>\n\t\t\t\n\t\t\t<div class=\"elementor-form-fields-wrapper elementor-labels-\">\n\t\t\t\t\t\t\t\t<div class=\"elementor-field-type-text elementor-field-group elementor-column elementor-field-group-name elementor-col-100\">\n\t\t\t\t\t\t\t\t\t\t\t\t\t<input size=\"1\" type=\"text\" name=\"form_fields[name]\" id=\"form-field-name\" class=\"elementor-field elementor-size-sm  elementor-field-textual\" placeholder=\"Nome\">\n\t\t\t\t\t\t\t\t\t\t\t<\/div>\n\t\t\t\t\t\t\t\t<div class=\"elementor-field-type-email elementor-field-group elementor-column elementor-field-group-email elementor-col-100 elementor-field-required\">\n\t\t\t\t\t\t\t\t\t\t\t\t\t<input size=\"1\" type=\"email\" name=\"form_fields[email]\" id=\"form-field-email\" class=\"elementor-field elementor-size-sm  elementor-field-textual\" placeholder=\"E-mail\" required=\"required\" aria-required=\"true\">\n\t\t\t\t\t\t\t\t\t\t\t<\/div>\n\t\t\t\t\t\t\t\t<div class=\"elementor-field-group elementor-column elementor-field-type-submit elementor-col-100 e-form__buttons\">\n\t\t\t\t\t<button class=\"elementor-button elementor-size-sm\" type=\"submit\">\n\t\t\t\t\t\t<span class=\"elementor-button-content-wrapper\">\n\t\t\t\t\t\t\t\t\t\t\t\t\t\t\t\t\t\t\t\t\t\t<span class=\"elementor-button-text\">Voglio accedere<\/span>\n\t\t\t\t\t\t\t\t\t\t\t\t\t<\/span>\n\t\t\t\t\t<\/button>\n\t\t\t\t<\/div>\n\t\t\t<\/div>\n\t\t<input type=\"hidden\" name=\"trp-form-language\" value=\"it\"\/><\/form>\n\t\t\t\t\t\t<\/div>\n\t\t\t\t<\/div>\n\t\t\t\t<div class=\"elementor-element elementor-element-12a6a758 elementor-widget elementor-widget-text-editor\" data-id=\"12a6a758\" data-element_type=\"widget\" data-widget_type=\"text-editor.default\">\n\t\t\t\t<div class=\"elementor-widget-container\">\n\t\t\t\t\t\t\t\t\t<p>Dopo la registrazione (controlla Spam | Promozioni)<\/p>\t\t\t\t\t\t\t\t<\/div>\n\t\t\t\t<\/div>\n\t\t\t\t\t<\/div>\n\t\t<\/div>\n\t\t\t\t\t<\/div>\n\t\t<\/section>\n\t\t\t\t<section data-particle_enable=\"false\" data-particle-mobile-disabled=\"false\" class=\"elementor-section elementor-top-section elementor-element elementor-element-14f23af0 elementor-section-boxed elementor-section-height-default elementor-section-height-default\" data-id=\"14f23af0\" data-element_type=\"section\" data-settings=\"{&quot;background_background&quot;:&quot;classic&quot;}\">\n\t\t\t\t\t\t<div class=\"elementor-container elementor-column-gap-default\">\n\t\t\t\t\t<div class=\"elementor-column elementor-col-100 elementor-top-column elementor-element elementor-element-d4ff72b\" data-id=\"d4ff72b\" data-element_type=\"column\">\n\t\t\t<div class=\"elementor-widget-wrap elementor-element-populated\">\n\t\t\t\t\t\t<div class=\"elementor-element elementor-element-e4c275a elementor-widget elementor-widget-html\" data-id=\"e4c275a\" data-element_type=\"widget\" data-widget_type=\"html.default\">\n\t\t\t\t<div class=\"elementor-widget-container\">\n\t\t\t\t\t<style>\r\n\/* Estilos para o cont\u00eainer dos \u00edcones flutuantes *\/\r\n.social-float-wrapper-unique {\r\n    position: fixed;\r\n    bottom: 20px; right: 90px;\r\n    display: flex;\r\n    flex-direction: row;\r\n    justify-content: flex-end;\r\n    gap: 10px;\r\n    z-index: 1000;\r\n}\r\n\r\n\/* Estilos para os bot\u00f5es de redes sociais *\/\r\n.social-float-item-unique {\r\n    padding: 10px;\r\n    border-radius: 50%;\r\n    cursor: pointer;\r\n    display: flex;\r\n    align-items: center;\r\n    justify-content: center;\r\n    text-decoration: none;\r\n    width: 44px;\r\n    height: 44px;\r\n    overflow: hidden;\r\n    position: relative;\r\n    box-shadow: 0 4px 8px rgba(0,0,0,0.2);\r\n    transition: transform 0.2s, box-shadow 0.2s;\r\n}\r\n\r\n.social-float-item-unique:hover {\r\n    transform: translateY(-5px);\r\n    box-shadow: 0 8px 16px rgba(0,0,0,0.3);\r\n}\r\n\r\n.social-float-item-unique img {\r\n    width: 20px;\r\n    height: 20px;\r\n    transition: transform 0.2s;\r\n    object-fit: contain;\r\n}\r\n\r\n.social-float-item-unique:hover img {\r\n    transform: scale(1.2);\r\n}\r\n\r\n\/* Estilos para a legenda ao passar o mouse *\/\r\n.social-float-item-unique:hover::after {\r\n    content: attr(data-tooltip);\r\n    position: absolute;\r\n    bottom: 60px;\r\n    background-color: #333;\r\n    color: #fff;\r\n    padding: 5px 10px;\r\n    border-radius: 4px;\r\n    font-size: 12px;\r\n    white-space: nowrap;\r\n    z-index: 1001;\r\n}\r\n\r\n\/* Cores espec\u00edficas para cada bot\u00e3o *\/\r\n\r\n        .float-custom-0 { background-color: #ff0000; }\r\n        .float-custom-1 { background-color: #25d366; }\r\n        .float-custom-2 { background-color: #0088cc; }\r\n\r\n\/* Media query para mobile *\/\r\n@media (max-width: 768px) {\r\n    .social-float-wrapper-unique {\r\n        flex-direction: row;\r\n        gap: 5px;\r\n        bottom: 10px;\r\n        right: 10px;\r\n        left: auto;\r\n        top: auto;\r\n    }\r\n    .social-float-item-unique {\r\n        width: 36px;\r\n        height: 36px;\r\n        padding: 8px;\r\n    }\r\n    .social-float-item-unique img {\r\n        width: 18px;\r\n        height: 18px;\r\n    }\r\n    .social-float-item-unique:hover::after {\r\n        font-size: 10px;\r\n        bottom: 50px;\r\n        padding: 4px 8px;\r\n    }\r\n}\r\n<\/style>\r\n\r\n<div class=\"social-float-wrapper-unique\">\r\n    \r\n        <a class=\"social-float-item-unique float-custom-0\" href=\"https:\/\/www.youtube.com\/erivelton\" target=\"_blank\" data-tooltip=\"YouTube Channel\">\r\n            <img decoding=\"async\" src=\"https:\/\/encrypted-tbn0.gstatic.com\/images?q=tbn:ANd9GcT_4N37TIgWC_QLpspNwGddZH8DhzljeYMFnA&s\" alt=\"YouTube Channel Icon\">\r\n        <\/a>\r\n        <a class=\"social-float-item-unique float-custom-1\" href=\"https:\/\/wa.me\/5535999653990?text=Ol%C3%A1%2C%20seguinte...\" target=\"_blank\" data-tooltip=\"WhatsApp Contact\">\r\n            <img decoding=\"async\" src=\"http:\/\/gatocoins.com.br\/wp-content\/uploads\/2023\/10\/wahtsapp.png\" alt=\"WhatsApp Contact Icon\">\r\n        <\/a>\r\n        <a class=\"social-float-item-unique float-custom-2\" href=\"https:\/\/t.me\/eriveltonmkt\" target=\"_blank\" data-tooltip=\"Telegram Channel\">\r\n            <img decoding=\"async\" src=\"https:\/\/dolartube.com\/wp-content\/uploads\/2025\/03\/2111646.png\" alt=\"Telegram Channel Icon\">\r\n        <\/a>\r\n<\/div>\t\t\t\t<\/div>\n\t\t\t\t<\/div>\n\t\t\t\t<div class=\"elementor-element elementor-element-14d8c859 elementor-widget elementor-widget-text-editor\" data-id=\"14d8c859\" data-element_type=\"widget\" data-widget_type=\"text-editor.default\">\n\t\t\t\t<div class=\"elementor-widget-container\">\n\t\t\t\t\t\t\t\t\t<p><b>Avviso legale<\/b><\/p><p><b>Questo sito non \u00e8 affiliato a Facebook n\u00e9 ad alcuna entit\u00e0 Facebook.<\/b>\u00a0Una volta che lasci Facebook, la responsabilit\u00e0 non \u00e8 pi\u00f9 loro, ma del nostro sito web. Facciamo ogni sforzo per indicare e mostrare chiaramente tutte le prove del prodotto e utilizziamo risultati reali. Non vendiamo il tuo indirizzo email n\u00e9 altre informazioni a terzi. Non inviamo mai alcun tipo di spam. Per qualsiasi domanda, non esitate a contattarci tramite il link Contatti durante l&#039;orario lavorativo, dal luned\u00ec al venerd\u00ec dalle 9:00 alle 18:00. Leggiamo e rispondiamo a tutti i messaggi nell&#039;ordine in cui vengono ricevuti.<br \/>Il presente annuncio \u00e8 fornito esclusivamente a scopo informativo e non deve essere interpretato come consulenza legale. L&#039;inserzionista non \u00e8 responsabile delle decisioni prese sulla base delle informazioni fornite nel presente annuncio. L&#039;inserzionista non garantisce l&#039;accuratezza, la completezza o la tempestivit\u00e0 delle informazioni fornite. L&#039;uso delle informazioni contenute nel presente annuncio \u00e8 di esclusiva responsabilit\u00e0 dell&#039;utente. L&#039;inserzionista non sar\u00e0 responsabile per eventuali perdite, danni o reclami derivanti dall&#039;uso delle informazioni contenute nel presente annuncio.<\/p>\t\t\t\t\t\t\t\t<\/div>\n\t\t\t\t<\/div>\n\t\t\t\t<div class=\"elementor-element elementor-element-6efb1f15 elementor-widget elementor-widget-text-editor\" data-id=\"6efb1f15\" data-element_type=\"widget\" data-widget_type=\"text-editor.default\">\n\t\t\t\t<div class=\"elementor-widget-container\">\n\t\t\t\t\t\t\t\t\t<p style=\"text-align: center;\"><span style=\"color: #ffffff;\">Copyright 2023 \u2013 Ev Digital Business LTDA \u00ae<\/span><br \/><span style=\"color: #ffffff;\">Tutti i diritti riservati.<\/span> <a style=\"color: #ffffff;\" href=\"\/it\/politicas\/\">Informativa sulla privacy\u00a0 <\/a><span style=\"color: #ffffff;\"><a style=\"color: #ffffff;\" href=\"\/it\/termos\/\">Termini di utilizzo<\/a><\/span><\/p><p style=\"text-align: center;\">Numero di registrazione: 16.985.787\/0001-28 | Rua Pr\u00edncipe Humberto vl Campestre) numero 112 Quartiere Centro Comune di S\u00e3o Bernardo do Campo SP telefono (35) 9 9965-3990 | E-mail: eriveltoncgui2017@gmail.com<\/p>\t\t\t\t\t\t\t\t<\/div>\n\t\t\t\t<\/div>\n\t\t\t\t\t<\/div>\n\t\t<\/div>\n\t\t\t\t\t<\/div>\n\t\t<\/section>\n\t\t\t\t<\/div>","protected":false},"excerpt":{"rendered":"<p>SUPER AULA REMODELAGEM DE CANAIS DARK NO YOUTUBE As Vagas Se Esgotam a qualquer momento &nbsp; Seu v\u00eddeo j\u00e1 come\u00e7ou! Clique aqui para ativar o som QUERO CONHECER SUPER AULA GRATUITA REMODELAGEM DE CANAIS DARK As Vagas Se Esgotam a qualquer momento Insira seus dados para come\u00e7ar a assistir Ap\u00f3s cadstrar ( verifique Spam | [&hellip;]<\/p>","protected":false},"author":1,"featured_media":0,"parent":0,"menu_order":0,"comment_status":"closed","ping_status":"closed","template":"elementor_canvas","meta":{"footnotes":""},"class_list":["post-3484","page","type-page","status-publish","hentry"],"_links":{"self":[{"href":"https:\/\/dolartube.com\/it\/wp-json\/wp\/v2\/pages\/3484","targetHints":{"allow":["GET"]}}],"collection":[{"href":"https:\/\/dolartube.com\/it\/wp-json\/wp\/v2\/pages"}],"about":[{"href":"https:\/\/dolartube.com\/it\/wp-json\/wp\/v2\/types\/page"}],"author":[{"embeddable":true,"href":"https:\/\/dolartube.com\/it\/wp-json\/wp\/v2\/users\/1"}],"replies":[{"embeddable":true,"href":"https:\/\/dolartube.com\/it\/wp-json\/wp\/v2\/comments?post=3484"}],"version-history":[{"count":26,"href":"https:\/\/dolartube.com\/it\/wp-json\/wp\/v2\/pages\/3484\/revisions"}],"predecessor-version":[{"id":4792,"href":"https:\/\/dolartube.com\/it\/wp-json\/wp\/v2\/pages\/3484\/revisions\/4792"}],"wp:attachment":[{"href":"https:\/\/dolartube.com\/it\/wp-json\/wp\/v2\/media?parent=3484"}],"curies":[{"name":"wp","href":"https:\/\/api.w.org\/{rel}","templated":true}]}}