{"id":3,"date":"2024-12-12T14:16:16","date_gmt":"2024-12-12T14:16:16","guid":{"rendered":"http:\/\/dolartube.com\/?page_id=3"},"modified":"2024-12-12T17:48:23","modified_gmt":"2024-12-12T17:48:23","slug":"politicas","status":"publish","type":"page","link":"https:\/\/dolartube.com\/it\/politicas\/","title":{"rendered":"Informativa sulla privacy"},"content":{"rendered":"<h2><span style=\"color: #444444;\">politica sulla riservatezza<\/span><\/h2>\n<p><span style=\"color: #444444;\">La tua privacy \u00e8 importante per noi. La politica di Dolar Tube Monetiza\u00e7\u00e3o Americana \u00e8 quella di rispettare la tua privacy in relazione a qualsiasi informazione che potremmo raccogliere da te sul nostro sito web. <a href=\"https:\/\/dolartube.com\/it\/\">Dollaro tubolare di monetizzazione americano<\/a>e altri siti web di nostra propriet\u00e0 e da noi gestiti.<\/span><\/p>\n<p><span style=\"color: #444444;\">Richiediamo informazioni personali solo quando ne abbiamo realmente bisogno per fornirti un servizio. Le raccogliamo con mezzi equi e leciti, con la tua conoscenza e il tuo consenso. Ti informiamo inoltre sul motivo per cui le raccogliamo e su come verranno utilizzate.<\/span><\/p>\n<p><span style=\"color: #444444;\">Conserviamo le informazioni raccolte solo per il tempo necessario a fornirti il \u200b\u200bservizio richiesto. I dati che conserviamo vengono protetti con mezzi commercialmente accettabili per prevenirne la perdita e il furto, nonch\u00e9 l&#039;accesso, la divulgazione, la copia, l&#039;uso o la modifica non autorizzati.<\/span><\/p>\n<p><span style=\"color: #444444;\">Non condividiamo alcuna informazione personale identificabile pubblicamente o con terze parti, salvo quando richiesto dalla legge.<\/span><\/p>\n<p><span style=\"color: #444444;\">Il nostro sito web potrebbe contenere link a siti esterni non gestiti da noi. Si prega di notare che non abbiamo alcun controllo sul contenuto e sulle pratiche di questi siti e non possiamo assumerci alcuna responsabilit\u00e0 per i rispettivi contenuti.\u00a0<\/span><a style=\"background-color: transparent; color: #444444;\" href=\"https:\/\/politicaprivacidade.com\/\" target=\"_blank\" rel=\"noopener noreferrer\">politiche sulla privacy<\/a><span style=\"color: #444444;\">.<\/span><\/p>\n<p><span style=\"color: #444444;\">Puoi liberamente rifiutare la nostra richiesta di informazioni personali, con la consapevolezza che potremmo non essere in grado di fornirti alcuni dei servizi desiderati.<\/span><\/p>\n<p><span style=\"color: #444444;\">L&#039;utilizzo continuato del nostro sito web sar\u00e0 considerato come accettazione delle nostre pratiche in materia di privacy e trattamento dei dati personali. Per qualsiasi domanda su come gestiamo i dati degli utenti e le informazioni personali, non esitate a contattarci.<\/span><\/p>\n<ul>\n<li><span style=\"color: #444444;\">Il servizio Google AdSense che utilizziamo per pubblicare annunci pubblicitari utilizza un cookie DoubleClick per pubblicare annunci pi\u00f9 pertinenti sul Web e limitare il numero di volte in cui ti viene mostrato un determinato annuncio.<\/span><\/li>\n<li><span style=\"color: #444444;\">Per maggiori informazioni su Google AdSense, consulta le FAQ ufficiali sulla privacy di Google AdSense.<\/span><\/li>\n<li><span style=\"color: #444444;\">Utilizziamo la pubblicit\u00e0 per compensare i costi di gestione di questo sito e finanziare i futuri sviluppi. I cookie di pubblicit\u00e0 comportamentale utilizzati da questo sito sono progettati per garantire che ti vengano mostrati gli annunci pubblicitari pi\u00f9 pertinenti, ove possibile, monitorando in forma anonima i tuoi interessi e presentandoti contenuti simili che potrebbero interessarti.<\/span><\/li>\n<li><span style=\"color: #444444;\">Diversi partner pubblicizzano per nostro conto e i cookie di tracciamento degli affiliati ci consentono semplicemente di verificare se i nostri clienti sono arrivati sul nostro sito tramite uno dei siti dei nostri partner, in modo da poterli riconoscere in modo appropriato e, ove applicabile, consentire ai nostri partner affiliati di fornire eventuali bonus per aver effettuato un acquisto.<\/span><\/li>\n<\/ul>\n<p>&nbsp;<\/p>\n<h3><span style=\"color: #444444;\">Impegno dell&#039;utente<\/span><\/h3>\n<p><span style=\"color: #444444;\">L&#039;utente si impegna a fare un uso appropriato dei contenuti e delle informazioni che Dolar Tube Monetiza\u00e7\u00e3o Americana offre sul sito web e, a titolo esemplificativo ma non esaustivo:<\/span><\/p>\n<ul>\n<li><span style=\"color: #444444;\">A) Non intraprendere attivit\u00e0 illegali o contrarie alla buona fede e all&#039;ordine pubblico;<\/span><\/li>\n<li><span style=\"color: #444444;\">B) Non diffondere propaganda o contenuti di natura razzista, xenofoba, <\/span><span style=\"color: #212529;\"><a style=\"color: inherit !important; text-decoration: none !important; font-size: inherit !important;\" href=\"https:\/\/bbebbet.br.com\">bbbbet<\/a><\/span><span style=\"color: #444444;\"> o sfortuna, qualsiasi tipo di pornografia illegale, a sostegno del terrorismo o contro i diritti umani;<\/span><\/li>\n<li><span style=\"color: #444444;\">C) Non causare danni ai sistemi fisici (hardware) e logici (software) di Dolar Tube Monetiza\u00e7\u00e3o Americana, dei suoi fornitori o di terzi, n\u00e9 introdurre o diffondere virus informatici o qualsiasi altro sistema hardware o software in grado di causare i suddetti danni.<\/span><\/li>\n<\/ul>\n<h3><span style=\"color: #444444;\">Ulteriori informazioni<\/span><\/h3>\n<p><span style=\"color: #444444;\">Speriamo che questo abbia chiarito le cose e, come detto in precedenza, se c&#039;\u00e8 qualcosa di cui non sei sicuro di aver bisogno o meno, di solito \u00e8 pi\u00f9 sicuro lasciare i cookie abilitati nel caso in cui interagiscano con una delle funzionalit\u00e0 che usi sul nostro sito.<\/span><\/p>\n<p><span style=\"color: #444444;\">La presente politica \u00e8 in vigore a partire dal 12 dicembre 2024 alle ore 17:48<\/span><\/p>","protected":false},"excerpt":{"rendered":"<p>Pol\u00edtica Privacidade A sua privacidade \u00e9 importante para n\u00f3s. \u00c9 pol\u00edtica do Dolar Tube Monetiza\u00e7\u00e3o Americana respeitar a sua privacidade em rela\u00e7\u00e3o a qualquer informa\u00e7\u00e3o sua que possamos coletar no site Dolar Tube Monetiza\u00e7\u00e3o Americana, e outros sites que possu\u00edmos e operamos. Solicitamos informa\u00e7\u00f5es pessoais apenas quando realmente precisamos delas para lhe fornecer um servi\u00e7o. [&hellip;]<\/p>","protected":false},"author":1,"featured_media":0,"parent":0,"menu_order":0,"comment_status":"closed","ping_status":"open","template":"","meta":{"footnotes":""},"class_list":["post-3","page","type-page","status-publish","hentry"],"_links":{"self":[{"href":"https:\/\/dolartube.com\/it\/wp-json\/wp\/v2\/pages\/3","targetHints":{"allow":["GET"]}}],"collection":[{"href":"https:\/\/dolartube.com\/it\/wp-json\/wp\/v2\/pages"}],"about":[{"href":"https:\/\/dolartube.com\/it\/wp-json\/wp\/v2\/types\/page"}],"author":[{"embeddable":true,"href":"https:\/\/dolartube.com\/it\/wp-json\/wp\/v2\/users\/1"}],"replies":[{"embeddable":true,"href":"https:\/\/dolartube.com\/it\/wp-json\/wp\/v2\/comments?post=3"}],"version-history":[{"count":3,"href":"https:\/\/dolartube.com\/it\/wp-json\/wp\/v2\/pages\/3\/revisions"}],"predecessor-version":[{"id":178,"href":"https:\/\/dolartube.com\/it\/wp-json\/wp\/v2\/pages\/3\/revisions\/178"}],"wp:attachment":[{"href":"https:\/\/dolartube.com\/it\/wp-json\/wp\/v2\/media?parent=3"}],"curies":[{"name":"wp","href":"https:\/\/api.w.org\/{rel}","templated":true}]}}