{"id":2186,"date":"2025-05-13T12:09:48","date_gmt":"2025-05-13T12:09:48","guid":{"rendered":"https:\/\/dolartube.com\/?page_id=2186"},"modified":"2025-09-12T19:41:20","modified_gmt":"2025-09-12T19:41:20","slug":"automacao-criacao-de-imagens","status":"publish","type":"page","link":"https:\/\/dolartube.com\/it\/automacao-criacao-de-imagens\/","title":{"rendered":"automazione della creazione di immagini"},"content":{"rendered":"<div data-elementor-type=\"wp-page\" data-elementor-id=\"2186\" class=\"elementor elementor-2186\" data-elementor-post-type=\"page\">\n\t\t\t\t<div data-particle_enable=\"false\" data-particle-mobile-disabled=\"false\" class=\"elementor-element elementor-element-28dd5afa e-flex e-con-boxed e-con e-parent\" data-id=\"28dd5afa\" data-element_type=\"container\">\n\t\t\t\t\t<div class=\"e-con-inner\">\n\t\t\t\t<div class=\"elementor-element elementor-element-31636c9a elementor-widget elementor-widget-image\" data-id=\"31636c9a\" data-element_type=\"widget\" data-widget_type=\"image.default\">\n\t\t\t\t<div class=\"elementor-widget-container\">\n\t\t\t\t\t\t\t\t\t\t\t\t\t\t\t<img decoding=\"async\" width=\"300\" height=\"100\" src=\"https:\/\/dolartube.com\/wp-content\/uploads\/2025\/05\/a-digital-illustration-of-a-modern-logo-_HEtQwwJFRdSIXNhQ-kxf3Q_6Re9PQ2jTkuhi47ML1Dsfg-1-300x100.png\" class=\"attachment-medium size-medium wp-image-1950\" alt=\"\" srcset=\"https:\/\/dolartube.com\/wp-content\/uploads\/2025\/05\/a-digital-illustration-of-a-modern-logo-_HEtQwwJFRdSIXNhQ-kxf3Q_6Re9PQ2jTkuhi47ML1Dsfg-1-300x100.png 300w, https:\/\/dolartube.com\/wp-content\/uploads\/2025\/05\/a-digital-illustration-of-a-modern-logo-_HEtQwwJFRdSIXNhQ-kxf3Q_6Re9PQ2jTkuhi47ML1Dsfg-1-1024x341.png 1024w, https:\/\/dolartube.com\/wp-content\/uploads\/2025\/05\/a-digital-illustration-of-a-modern-logo-_HEtQwwJFRdSIXNhQ-kxf3Q_6Re9PQ2jTkuhi47ML1Dsfg-1-768x256.png 768w, https:\/\/dolartube.com\/wp-content\/uploads\/2025\/05\/a-digital-illustration-of-a-modern-logo-_HEtQwwJFRdSIXNhQ-kxf3Q_6Re9PQ2jTkuhi47ML1Dsfg-1.png 1536w\" sizes=\"(max-width: 300px) 100vw, 300px\" \/>\t\t\t\t\t\t\t\t\t\t\t\t\t\t\t<\/div>\n\t\t\t\t<\/div>\n\t\t\t\t\t<\/div>\n\t\t\t\t<\/div>\n\t\t<div data-particle_enable=\"false\" data-particle-mobile-disabled=\"false\" class=\"elementor-element elementor-element-779cc41b e-flex e-con-boxed e-con e-parent\" data-id=\"779cc41b\" data-element_type=\"container\">\n\t\t\t\t\t<div class=\"e-con-inner\">\n\t\t\t\t<div class=\"elementor-element elementor-element-81daad5 elementor-widget elementor-widget-heading\" data-id=\"81daad5\" data-element_type=\"widget\" data-widget_type=\"heading.default\">\n\t\t\t\t<div class=\"elementor-widget-container\">\n\t\t\t\t\t<h2 class=\"elementor-heading-title elementor-size-default\">Nuova automazione della creazione di immagini AI<\/h2>\t\t\t\t<\/div>\n\t\t\t\t<\/div>\n\t\t\t\t<div class=\"elementor-element elementor-element-77bc7621 elementor-widget elementor-widget-video\" data-id=\"77bc7621\" data-element_type=\"widget\" data-settings=\"{&quot;youtube_url&quot;:&quot;https:\\\/\\\/www.youtube.com\\\/watch?v=dCeHSFkF1nQ&quot;,&quot;video_type&quot;:&quot;youtube&quot;,&quot;controls&quot;:&quot;yes&quot;}\" data-widget_type=\"video.default\">\n\t\t\t\t<div class=\"elementor-widget-container\">\n\t\t\t\t\t\t\t<div class=\"elementor-wrapper elementor-open-inline\">\n\t\t\t<div class=\"elementor-video\"><\/div>\t\t<\/div>\n\t\t\t\t\t\t<\/div>\n\t\t\t\t<\/div>\n\t\t\t\t\t<\/div>\n\t\t\t\t<\/div>\n\t\t<div data-particle_enable=\"false\" data-particle-mobile-disabled=\"false\" class=\"elementor-element elementor-element-56c3610b e-flex e-con-boxed e-con e-parent\" data-id=\"56c3610b\" data-element_type=\"container\">\n\t\t\t\t\t<div class=\"e-con-inner\">\n\t\t<div data-particle_enable=\"false\" data-particle-mobile-disabled=\"false\" class=\"elementor-element elementor-element-568371e0 e-con-full e-flex e-con e-child\" data-id=\"568371e0\" data-element_type=\"container\">\n\t\t\t\t<div class=\"elementor-element elementor-element-53473cf8 elementor-align-center elementor-widget elementor-widget-button\" data-id=\"53473cf8\" data-element_type=\"widget\" data-widget_type=\"button.default\">\n\t\t\t\t<div class=\"elementor-widget-container\">\n\t\t\t\t\t\t\t\t\t<div class=\"elementor-button-wrapper\">\n\t\t\t\t\t<a class=\"elementor-button elementor-button-link elementor-size-sm\" href=\"https:\/\/dolartube.com.br\/#compre-agora\">\n\t\t\t\t\t\t<span class=\"elementor-button-content-wrapper\">\n\t\t\t\t\t\t\t\t\t<span class=\"elementor-button-text\">VOGLIO COMPRARE<\/span>\n\t\t\t\t\t<\/span>\n\t\t\t\t\t<\/a>\n\t\t\t\t<\/div>\n\t\t\t\t\t\t\t\t<\/div>\n\t\t\t\t<\/div>\n\t\t\t\t<\/div>\n\t\t<div data-particle_enable=\"false\" data-particle-mobile-disabled=\"false\" class=\"elementor-element elementor-element-26e40cb0 e-con-full e-flex e-con e-child\" data-id=\"26e40cb0\" data-element_type=\"container\">\n\t\t\t\t<div class=\"elementor-element elementor-element-17841a87 elementor-align-center elementor-widget elementor-widget-button\" data-id=\"17841a87\" data-element_type=\"widget\" data-widget_type=\"button.default\">\n\t\t\t\t<div class=\"elementor-widget-container\">\n\t\t\t\t\t\t\t\t\t<div class=\"elementor-button-wrapper\">\n\t\t\t\t\t<a class=\"elementor-button elementor-button-link elementor-size-sm\" href=\"https:\/\/dolartube.com.br\/#metaai\">\n\t\t\t\t\t\t<span class=\"elementor-button-content-wrapper\">\n\t\t\t\t\t\t\t\t\t<span class=\"elementor-button-text\">Torna al sito web<\/span>\n\t\t\t\t\t<\/span>\n\t\t\t\t\t<\/a>\n\t\t\t\t<\/div>\n\t\t\t\t\t\t\t\t<\/div>\n\t\t\t\t<\/div>\n\t\t\t\t<\/div>\n\t\t\t\t\t<\/div>\n\t\t\t\t<\/div>\n\t\t\t\t<\/div>","protected":false},"excerpt":{"rendered":"<p>Nova Automa\u00e7\u00e3o de Cria\u00e7\u00e3o de imagens IA QUERO ADQUIRIR Voltar ao Site<\/p>","protected":false},"author":1,"featured_media":0,"parent":0,"menu_order":0,"comment_status":"closed","ping_status":"closed","template":"elementor_canvas","meta":{"footnotes":""},"class_list":["post-2186","page","type-page","status-publish","hentry"],"_links":{"self":[{"href":"https:\/\/dolartube.com\/it\/wp-json\/wp\/v2\/pages\/2186","targetHints":{"allow":["GET"]}}],"collection":[{"href":"https:\/\/dolartube.com\/it\/wp-json\/wp\/v2\/pages"}],"about":[{"href":"https:\/\/dolartube.com\/it\/wp-json\/wp\/v2\/types\/page"}],"author":[{"embeddable":true,"href":"https:\/\/dolartube.com\/it\/wp-json\/wp\/v2\/users\/1"}],"replies":[{"embeddable":true,"href":"https:\/\/dolartube.com\/it\/wp-json\/wp\/v2\/comments?post=2186"}],"version-history":[{"count":25,"href":"https:\/\/dolartube.com\/it\/wp-json\/wp\/v2\/pages\/2186\/revisions"}],"predecessor-version":[{"id":4584,"href":"https:\/\/dolartube.com\/it\/wp-json\/wp\/v2\/pages\/2186\/revisions\/4584"}],"wp:attachment":[{"href":"https:\/\/dolartube.com\/it\/wp-json\/wp\/v2\/media?parent=2186"}],"curies":[{"name":"wp","href":"https:\/\/api.w.org\/{rel}","templated":true}]}}