{"id":181,"date":"2024-12-12T17:50:22","date_gmt":"2024-12-12T17:50:22","guid":{"rendered":"https:\/\/dolartube.com\/?page_id=181"},"modified":"2024-12-12T17:50:31","modified_gmt":"2024-12-12T17:50:31","slug":"sobre","status":"publish","type":"page","link":"https:\/\/dolartube.com\/it\/sobre\/","title":{"rendered":"Chi siamo"},"content":{"rendered":"<p><strong>Chi siamo \u2013 Scopri il potere del Dollar Tube e dei punti Mi piace<\/strong><\/p>\n<p>Benvenuti a <strong>Punti simili<\/strong>, la piattaforma che trasforma l&#039;impossibile in realt\u00e0 nel mondo digitale. Noi crediamo che chiunque, con la giusta strategia e gli strumenti giusti, possa raggiungere l&#039;indipendenza finanziaria su Internet e ottenere risultati concreti. Non importa se parti da zero o hai gi\u00e0 esperienza: \u00e8 qui che avviene la magia.<\/p>\n<h3><strong>La nostra missione<\/strong><\/h3>\n<p>La nostra missione \u00e8 chiara: fornirti conoscenze pratiche, strumenti esclusivi e trucchi innovativi che ti porteranno dritto al successo. Sappiamo che il mondo online \u00e8 pieno di promesse vuote, ma con Like Points imparerai il &quot;come&quot; e il &quot;perch\u00e9&quot; di ogni passaggio prima di metterlo in pratica. Nessuna teoria vaga o espediente infondato: solo strategie collaudate.<\/p>\n<h3><strong>Ci\u00f2 che ci rende unici<\/strong><\/h3>\n<ul>\n<li><strong>Nessuna spesa, solo guadagni:<\/strong> Qui imparerai metodi che non richiedono alcun investimento iniziale. Tutto ci\u00f2 di cui hai bisogno sono le conoscenze e gli strumenti che ti forniamo per iniziare a realizzare profitti.<\/li>\n<li><strong>Risultati comprovati:<\/strong> Con oltre 4 anni di storia e migliaia di canali sfruttati, la nostra metodologia viene costantemente aggiornata per stare al passo con ci\u00f2 che funziona davvero.<\/li>\n<li><strong>Automazione e intelligenza:<\/strong> Strumenti come <em>Strumenti oscuri<\/em> e il <em>Estratto SEO<\/em> ti mettono un passo avanti rispetto alla concorrenza, ottimizzando i processi e risparmiando tempo.<\/li>\n<li><strong>Social network esclusivo:<\/strong> Una community interna di creatori che condividono esperienze, suggerimenti e approfondimenti preziosi, cos\u00ec puoi imparare da chi ha gi\u00e0 avuto successo.<\/li>\n<li><strong>Senza bisogno di apparire:<\/strong> Le nostre soluzioni sono ideali per chi vuole trarre profitto senza rivelare la propria identit\u00e0, grazie a narratori umanizzati e risorse di creazione anonime.<\/li>\n<\/ul>\n<h3><strong>Cosa trovi qui<\/strong><\/h3>\n<ol>\n<li><strong>Corsi completi e step-by-step:<\/strong> Impara come creare e rendere professionale un canale YouTube, anche se sei un principiante assoluto.<\/li>\n<li><strong>Strumenti esclusivi:<\/strong>\n<ul>\n<li>Creazione di titoli, miniature e script con intelligenza artificiale.<\/li>\n<li>Ridimensionamento in blocco delle immagini.<\/li>\n<li>Estrattore SEO per i video della concorrenza.<\/li>\n<\/ul>\n<\/li>\n<li><strong>Massima produttivit\u00e0:<\/strong> Software per organizzare progetti, automatizzare processi e facilitare la creazione di contenuti in modo intuitivo.<\/li>\n<li><strong>Intelligenza artificiale di nuova generazione:<\/strong> Scopri le IA che stanno rivoluzionando la produzione di contenuti digitali e impara a utilizzarle per generare risultati concreti.<\/li>\n<\/ol>\n<h3><strong>Perch\u00e9 scegliere Like Points?<\/strong><\/h3>\n<p>Forniamo pi\u00f9 di semplici strumenti: ti offriamo l&#039;opportunit\u00e0 di cambiare la tua vita. Il nostro approccio pratico e diretto ti garantisce di sfruttare al meglio le piattaforme digitali. Che si tratti di creare canali oscuri, di scoprire nicchie redditizie o semplicemente di perfezionare la tua strategia, sarai sempre un passo avanti.<\/p>\n<p><strong>Sei pronto a iniziare il tuo viaggio verso il successo? I Punti Mi piace sono la base su cui costruire il futuro che meriti.<\/strong><\/p>","protected":false},"excerpt":{"rendered":"<p>Sobre N\u00f3s \u2013 Descubra o Poder do D\u00f3lar Tube &amp; Like points Bem-vindo ao Like Points, a plataforma que transforma o imposs\u00edvel em realidade no mundo digital. Aqui, acreditamos que qualquer pessoa, com a estrat\u00e9gia certa e as ferramentas adequadas, pode conquistar independ\u00eancia financeira na internet e alcan\u00e7ar resultados reais. N\u00e3o importa se voc\u00ea est\u00e1 [&hellip;]<\/p>","protected":false},"author":1,"featured_media":0,"parent":0,"menu_order":0,"comment_status":"closed","ping_status":"closed","template":"","meta":{"footnotes":""},"class_list":["post-181","page","type-page","status-publish","hentry"],"_links":{"self":[{"href":"https:\/\/dolartube.com\/it\/wp-json\/wp\/v2\/pages\/181","targetHints":{"allow":["GET"]}}],"collection":[{"href":"https:\/\/dolartube.com\/it\/wp-json\/wp\/v2\/pages"}],"about":[{"href":"https:\/\/dolartube.com\/it\/wp-json\/wp\/v2\/types\/page"}],"author":[{"embeddable":true,"href":"https:\/\/dolartube.com\/it\/wp-json\/wp\/v2\/users\/1"}],"replies":[{"embeddable":true,"href":"https:\/\/dolartube.com\/it\/wp-json\/wp\/v2\/comments?post=181"}],"version-history":[{"count":1,"href":"https:\/\/dolartube.com\/it\/wp-json\/wp\/v2\/pages\/181\/revisions"}],"predecessor-version":[{"id":182,"href":"https:\/\/dolartube.com\/it\/wp-json\/wp\/v2\/pages\/181\/revisions\/182"}],"wp:attachment":[{"href":"https:\/\/dolartube.com\/it\/wp-json\/wp\/v2\/media?parent=181"}],"curies":[{"name":"wp","href":"https:\/\/api.w.org\/{rel}","templated":true}]}}