{"id":179,"date":"2024-12-12T17:48:37","date_gmt":"2024-12-12T17:48:37","guid":{"rendered":"https:\/\/dolartube.com\/?page_id=179"},"modified":"2024-12-12T17:48:43","modified_gmt":"2024-12-12T17:48:43","slug":"termos","status":"publish","type":"page","link":"https:\/\/dolartube.com\/it\/termos\/","title":{"rendered":"Termini di utilizzo"},"content":{"rendered":"<h2><span style=\"color: rgb(68, 68, 68);\">1. Termini<\/span><\/h2>\n<p><span style=\"color: rgb(68, 68, 68);\">Quando si accede al sito web <a href=\"https:\/\/dolartube.com\/it\/\">Dollaro tubolare di monetizzazione americano<\/a>, accetti di rispettare i presenti termini di servizio, tutte le leggi e i regolamenti applicabili e accetti di essere responsabile del rispetto di tutte le leggi locali applicabili. Se non accetti uno qualsiasi di questi termini, ti \u00e8 vietato utilizzare o accedere a questo sito. I materiali contenuti in questo sito web sono protetti dalle leggi vigenti in materia di copyright e marchi.<\/span><\/p>\n<h2><span style=\"color: rgb(68, 68, 68);\">2. Licenza d&#039;uso<\/span><\/h2>\n<p><span style=\"color: rgb(68, 68, 68);\">\u00c8 concesso il permesso di scaricare temporaneamente una copia dei materiali (informazioni o software) sul sito web di Dolar Tube Monetiza\u00e7\u00e3o Americana esclusivamente per la visualizzazione transitoria personale e non commerciale. Questa \u00e8 la concessione di una licenza, non un trasferimento di propriet\u00e0, e in base a questa licenza non puoi:&nbsp;<\/span><\/p>\n<ol>\n<li><span style=\"color: rgb(68, 68, 68);\">modificare o copiare i materiali;&nbsp;<\/span><\/li>\n<li><span style=\"color: rgb(68, 68, 68);\">utilizzare i materiali per qualsiasi scopo commerciale o per qualsiasi esposizione al pubblico (commerciale o non commerciale);&nbsp;<\/span><\/li>\n<li><span style=\"color: rgb(68, 68, 68);\">tentare di decompilare o sottoporre a reverse engineering qualsiasi software contenuto nel sito web Dolar Tube Monetiza\u00e7\u00e3o Americana;&nbsp;<\/span><\/li>\n<li><span style=\"color: rgb(68, 68, 68);\">rimuovere qualsiasi copyright o altre annotazioni proprietarie dai materiali; O&nbsp;<\/span><\/li>\n<li><span style=\"color: rgb(68, 68, 68);\">trasferire i materiali a un&#039;altra persona o &#039;specchiarli&#039; su un altro server.<\/span><\/li>\n<\/ol>\n<p><span style=\"color: rgb(68, 68, 68);\">La presente licenza verr\u00e0 automaticamente revocata in caso di violazione di una qualsiasi di queste restrizioni e potr\u00e0 essere revocata in qualsiasi momento da Dolar Tube Monetiza\u00e7\u00e3o Americana. Al termine della visualizzazione di questi materiali o alla scadenza della presente licenza, dovrai distruggere tutti i materiali scaricati in tuo possesso, sia in formato elettronico che cartaceo.<\/span><\/p>\n<h2><span style=\"color: rgb(68, 68, 68);\">3. Dichiarazione di esclusione di responsabilit\u00e0<\/span><\/h2>\n<ol>\n<li><span style=\"color: rgb(68, 68, 68);\">I materiali sul sito web Dolar Tube Monetiza\u00e7\u00e3o Americana sono forniti &quot;cos\u00ec come sono&quot;. Dolar Tube Monetiza\u00e7\u00e3o Americana non offre alcuna garanzia, espressa o implicita, e con la presente nega e rifiuta tutte le altre garanzie, comprese, senza limitazioni, le garanzie o condizioni implicite di commerciabilit\u00e0, idoneit\u00e0 per uno scopo particolare o non violazione della propriet\u00e0 intellettuale o altra violazione dei diritti.<\/span><\/li>\n<li><span style=\"color: rgb(68, 68, 68);\">Inoltre, Dolar Tube Monetiza\u00e7\u00e3o Americana non garantisce n\u00e9 fa alcuna dichiarazione in merito all&#039;accuratezza, ai probabili risultati o all&#039;affidabilit\u00e0 dell&#039;uso dei materiali presenti sul suo sito web o altrimenti relativi a tali materiali o su qualsiasi sito collegato a questo sito.<\/span><\/li>\n<\/ol>\n<h2><span style=\"color: rgb(68, 68, 68);\">4. Limitazioni<\/span><\/h2>\n<p><span style=\"color: rgb(68, 68, 68);\">In nessun caso Dolar Tube Monetiza\u00e7\u00e3o Americana o i suoi fornitori saranno ritenuti responsabili per eventuali danni (inclusi, senza limitazioni, danni per perdita di dati o profitti, o dovuti a interruzione di attivit\u00e0) derivanti dall&#039;uso o dall&#039;impossibilit\u00e0 di utilizzare i materiali presenti sul sito Internet di Dolar Tube Monetiza\u00e7\u00e3o Americana, anche se Dolar Tube Monetiza\u00e7\u00e3o Americana o un rappresentante autorizzato di Dolar Tube Monetiza\u00e7\u00e3o Americana sono stati informati oralmente o per iscritto della possibilit\u00e0 di tale danno. Poich\u00e9 alcune giurisdizioni non consentono limitazioni sulle garanzie implicite o limitazioni di responsabilit\u00e0 per danni consequenziali o incidentali, tali limitazioni potrebbero non essere applicabili al tuo caso.<\/span><\/p>\n<h2><span style=\"color: rgb(68, 68, 68);\">5. Precisione dei materiali<\/span><\/h2>\n<p><span style=\"color: rgb(68, 68, 68);\">I materiali visualizzati sul sito web Dolar Tube Monetiza\u00e7\u00e3o Americana potrebbero contenere errori tecnici, tipografici o fotografici. Dolar Tube Monetiza\u00e7\u00e3o Americana non garantisce che il materiale presente sul suo sito web sia accurato, completo o aggiornato. Dolar Tube Monetiza\u00e7\u00e3o Americana pu\u00f2 apportare modifiche ai materiali contenuti nel suo sito web in qualsiasi momento e senza preavviso. Tuttavia, Dolar Tube Monetiza\u00e7\u00e3o Americana non si impegna ad aggiornare i materiali.<\/span><\/p>\n<h2><span style=\"color: rgb(68, 68, 68);\">6. Collegamenti<\/span><\/h2>\n<p><span style=\"color: rgb(68, 68, 68);\">Dolar Tube Monetiza\u00e7\u00e3o Americana non ha esaminato tutti i siti collegati al proprio sito web e non \u00e8 responsabile dei contenuti di nessuno di tali siti collegati. L&#039;inclusione di qualsiasi collegamento non implica l&#039;approvazione del sito da parte di Dolar Tube Monetiza\u00e7\u00e3o Americana. L&#039;utilizzo di qualsiasi sito web collegato avviene a rischio e pericolo dell&#039;utente.<\/span><\/p>\n<p><\/p>\n<h3><span style=\"color: rgb(68, 68, 68);\">Modifiche<\/span><\/h3>\n<p><span style=\"color: rgb(68, 68, 68);\">Dolar Tube Monetiza\u00e7\u00e3o Americana pu\u00f2 modificare i presenti termini di servizio per il proprio sito web in qualsiasi momento e senza preavviso. Utilizzando questo sito web accetti di essere vincolato dalla versione vigente di questi termini di servizio.<\/span><\/p>\n<h3><span style=\"color: rgb(68, 68, 68);\">Legge applicabile<\/span><\/h3>\n<p><span style=\"color: rgb(68, 68, 68);\">I presenti termini e condizioni sono regolati e interpretati in conformit\u00e0 con le leggi di Dolar Tube Monetiza\u00e7\u00e3o Americana e l&#039;utente si sottopone irrevocabilmente alla giurisdizione esclusiva dei tribunali di tale Stato o localit\u00e0.<\/span><\/p>","protected":false},"excerpt":{"rendered":"<p>1. Termos Ao acessar ao site Dolar Tube Monetiza\u00e7\u00e3o Americana, concorda em cumprir estes termos de servi\u00e7o, todas as leis e regulamentos aplic\u00e1veis \u200b\u200be concorda que \u00e9 respons\u00e1vel pelo cumprimento de todas as leis locais aplic\u00e1veis. Se voc\u00ea n\u00e3o concordar com algum desses termos, est\u00e1 proibido de usar ou acessar este site. Os materiais contidos [&hellip;]<\/p>","protected":false},"author":1,"featured_media":0,"parent":0,"menu_order":0,"comment_status":"closed","ping_status":"closed","template":"","meta":{"footnotes":""},"class_list":["post-179","page","type-page","status-publish","hentry"],"_links":{"self":[{"href":"https:\/\/dolartube.com\/it\/wp-json\/wp\/v2\/pages\/179","targetHints":{"allow":["GET"]}}],"collection":[{"href":"https:\/\/dolartube.com\/it\/wp-json\/wp\/v2\/pages"}],"about":[{"href":"https:\/\/dolartube.com\/it\/wp-json\/wp\/v2\/types\/page"}],"author":[{"embeddable":true,"href":"https:\/\/dolartube.com\/it\/wp-json\/wp\/v2\/users\/1"}],"replies":[{"embeddable":true,"href":"https:\/\/dolartube.com\/it\/wp-json\/wp\/v2\/comments?post=179"}],"version-history":[{"count":1,"href":"https:\/\/dolartube.com\/it\/wp-json\/wp\/v2\/pages\/179\/revisions"}],"predecessor-version":[{"id":180,"href":"https:\/\/dolartube.com\/it\/wp-json\/wp\/v2\/pages\/179\/revisions\/180"}],"wp:attachment":[{"href":"https:\/\/dolartube.com\/it\/wp-json\/wp\/v2\/media?parent=179"}],"curies":[{"name":"wp","href":"https:\/\/api.w.org\/{rel}","templated":true}]}}