{"id":3968,"date":"2025-07-15T19:43:29","date_gmt":"2025-07-15T19:43:29","guid":{"rendered":"https:\/\/dolartube.com\/?page_id=3968"},"modified":"2025-07-29T13:10:04","modified_gmt":"2025-07-29T13:10:04","slug":"shorts_creator","status":"publish","type":"page","link":"https:\/\/dolartube.com\/fr\/shorts_creator\/","title":{"rendered":"Cr\u00e9ateur de Shorts Plus Master"},"content":{"rendered":"<div data-elementor-type=\"wp-page\" data-elementor-id=\"3968\" class=\"elementor elementor-3968\" data-elementor-post-type=\"page\">\n\t\t\t\t<div data-particle_enable=\"false\" data-particle-mobile-disabled=\"false\" class=\"elementor-element elementor-element-fde1eaf e-con-full e-flex e-con e-parent\" data-id=\"fde1eaf\" data-element_type=\"container\" data-e-type=\"container\">\n\t\t\t\t<div class=\"elementor-element elementor-element-6a0c66f elementor-widget elementor-widget-html\" data-id=\"6a0c66f\" data-element_type=\"widget\" data-e-type=\"widget\" data-widget_type=\"html.default\">\n\t\t\t\t<div class=\"elementor-widget-container\">\n\t\t\t\t\t<!DOCTYPE html>\r\n<html lang=\"pt-BR\">\r\n<head>\r\n    <meta charset=\"UTF-8\">\r\n    <meta name=\"viewport\" content=\"width=device-width, initial-scale=1.0\">\r\n    <title>Viral Shorts Creator 4.0\u00a0: la machine \u00e0 vid\u00e9os virales<\/title>\r\n    <link rel=\"preconnect\" href=\"https:\/\/fonts.googleapis.com\">\r\n    <link rel=\"preconnect\" href=\"https:\/\/fonts.gstatic.com\" crossorigin>\r\n    <link href=\"https:\/\/fonts.googleapis.com\/css2?family=Poppins:wght@400;700;900&display=swap\" rel=\"stylesheet\">\r\n    <link rel=\"stylesheet\" href=\"https:\/\/cdnjs.cloudflare.com\/ajax\/libs\/font-awesome\/5.15.4\/css\/all.min.css\">\r\n    <style>\r\n        :root {\r\n            --primary-color: #6a11cb;\r\n            --secondary-color: #2575fc;\r\n            --cta-color: #28a745;\r\n            --cta-hover-color: #218838;\r\n            --text-color: #333;\r\n            --light-text-color: #fff;\r\n            --bg-color: #f4f7fc;\r\n        }\r\n\r\n        body {\r\n            font-family: 'Poppins', sans-serif;\r\n            line-height: 1.7;\r\n            margin: 0;\r\n            padding: 0;\r\n            background-color: var(--bg-color);\r\n            color: var(--text-color);\r\n        }\r\n\r\n        .container {\r\n            width: 90%;\r\n            max-width: 1100px;\r\n            margin: auto;\r\n            padding: 20px 0;\r\n        }\r\n\r\n        \/* --- Se\u00e7\u00e3o Her\u00f3i --- *\/\r\n        .hero {\r\n            background: linear-gradient(135deg, var(--primary-color), var(--secondary-color));\r\n            color: var(--light-text-color);\r\n            padding: 60px 20px 80px 20px;\r\n            text-align: center;\r\n        }\r\n        .hero h1 {\r\n            font-size: 3.5rem;\r\n            margin-bottom: 15px;\r\n            font-weight: 900;\r\n            text-shadow: 2px 2px 4px rgba(0,0,0,0.2);\r\n        }\r\n        .hero .subtitle {\r\n            font-size: 1.3rem;\r\n            max-width: 700px;\r\n            margin: 0 auto 30px auto;\r\n        }\r\n        .video-container {\r\n            max-width: 800px;\r\n            margin: 40px auto;\r\n            box-shadow: 0 10px 30px rgba(0,0,0,0.3);\r\n            border-radius: 15px;\r\n            overflow: hidden;\r\n            position: relative;\r\n            padding-top: 56.25%; \/* Propor\u00e7\u00e3o 16:9 *\/\r\n        }\r\n        .video-container iframe {\r\n            position: absolute;\r\n            top: 0;\r\n            left: 0;\r\n            width: 100%;\r\n            height: 100%;\r\n            border: 0;\r\n        }\r\n        \r\n        .cta-button {\r\n            display: inline-block;\r\n            background: var(--cta-color);\r\n            color: var(--light-text-color);\r\n            padding: 20px 40px;\r\n            text-decoration: none;\r\n            border-radius: 50px;\r\n            font-size: 1.5rem;\r\n            font-weight: 700;\r\n            text-transform: uppercase;\r\n            box-shadow: 0 5px 15px rgba(0,0,0,0.2);\r\n            transition: transform 0.2s ease, background-color 0.2s ease;\r\n            margin-top: 30px;\r\n        }\r\n        .cta-button:hover {\r\n            background: var(--cta-hover-color);\r\n            transform: scale(1.05);\r\n        }\r\n\r\n        \/* --- Se\u00e7\u00f5es Gerais --- *\/\r\n        .section {\r\n            padding: 60px 20px;\r\n            text-align: center;\r\n        }\r\n        .section-title {\r\n            font-size: 2.5rem;\r\n            font-weight: 700;\r\n            margin-bottom: 40px;\r\n            position: relative;\r\n        }\r\n        .section-title::after {\r\n            content: '';\r\n            width: 80px;\r\n            height: 4px;\r\n            background: var(--primary-color);\r\n            position: absolute;\r\n            bottom: -10px;\r\n            left: 50%;\r\n            transform: translateX(-50%);\r\n            border-radius: 2px;\r\n        }\r\n\r\n        \/* --- Se\u00e7\u00e3o de Dores --- *\/\r\n        .pain-points {\r\n            display: flex;\r\n            justify-content: space-around;\r\n            flex-wrap: wrap;\r\n            gap: 20px;\r\n        }\r\n        .pain-point {\r\n            background: #fff;\r\n            padding: 25px;\r\n            border-radius: 10px;\r\n            box-shadow: 0 4px 20px rgba(0,0,0,0.08);\r\n            width: 220px;\r\n            transition: transform 0.2s;\r\n        }\r\n        .pain-point:hover {\r\n            transform: translateY(-10px);\r\n        }\r\n        .pain-point i {\r\n            font-size: 2.5rem;\r\n            color: var(--primary-color);\r\n            margin-bottom: 15px;\r\n        }\r\n\r\n        \/* --- Se\u00e7\u00e3o de Benef\u00edcios --- *\/\r\n        .features-grid {\r\n            display: grid;\r\n            grid-template-columns: repeat(auto-fit, minmax(300px, 1fr));\r\n            gap: 30px;\r\n            text-align: left;\r\n        }\r\n        .feature-card {\r\n            background: #fff;\r\n            padding: 30px;\r\n            border-radius: 10px;\r\n            box-shadow: 0 4px 20px rgba(0,0,0,0.08);\r\n            border-top: 5px solid var(--secondary-color);\r\n        }\r\n        .feature-card h3 {\r\n            font-size: 1.5rem;\r\n            color: var(--primary-color);\r\n            margin-top: 0;\r\n        }\r\n        .feature-card i {\r\n            margin-right: 10px;\r\n            color: var(--secondary-color);\r\n        }\r\n        \r\n        \/* --- Se\u00e7\u00e3o da Oferta (Stack) --- *\/\r\n        .offer-stack {\r\n            background: #fff;\r\n            padding: 40px;\r\n            border-radius: 15px;\r\n            box-shadow: 0 10px 30px rgba(0,0,0,0.1);\r\n            max-width: 800px;\r\n            margin: 0 auto;\r\n        }\r\n        .offer-item {\r\n            display: flex;\r\n            justify-content: space-between;\r\n            align-items: center;\r\n            padding: 15px 0;\r\n            border-bottom: 1px dashed #ccc;\r\n            font-size: 1.1rem;\r\n        }\r\n        .offer-item:last-child {\r\n            border-bottom: none;\r\n        }\r\n        .item-value {\r\n            font-weight: 700;\r\n            color: #777;\r\n            text-decoration: line-through;\r\n        }\r\n        .total-value {\r\n            text-align: right;\r\n            margin-top: 20px;\r\n            font-size: 1.2rem;\r\n        }\r\n        .final-price {\r\n            font-size: 3rem;\r\n            font-weight: 900;\r\n            color: var(--cta-color);\r\n            margin: 20px 0;\r\n        }\r\n        \r\n        \/* --- FAQ --- *\/\r\n        .faq-item {\r\n            background: #fff;\r\n            margin-bottom: 10px;\r\n            padding: 20px;\r\n            border-radius: 5px;\r\n            text-align: left;\r\n        }\r\n        .faq-item summary {\r\n            font-weight: 700;\r\n            cursor: pointer;\r\n            list-style: none; \/* Remove a seta padr\u00e3o *\/\r\n        }\r\n        .faq-item summary::-webkit-details-marker {\r\n            display: none;\r\n        }\r\n        \r\n        \/* --- Footer --- *\/\r\n        .footer {\r\n            background: #333;\r\n            color: #aaa;\r\n            padding: 40px 20px;\r\n            text-align: center;\r\n        }\r\n\r\n        @media (max-width: 768px) {\r\n            .hero h1 { font-size: 2.5rem; }\r\n            .hero .subtitle { font-size: 1.1rem; }\r\n            .section-title { font-size: 2rem; }\r\n            .cta-button { font-size: 1.2rem; padding: 15px 30px; }\r\n        }\r\n    <\/style>\r\n<\/head>\r\n<body>\r\n    \r\n    <header class=\"hero\">\r\n        <div class=\"container\">\r\n            <h1>La machine \u00e0 courts m\u00e9trages viraux qui fonctionne pour vous\u00a0!<\/h1>\r\n            <p class=\"subtitle\">D\u00e9couvrez comment transformer n&#039;importe quelle id\u00e9e en vid\u00e9os courtes et captivantes en quelques minutes, 100% en mode pilote automatique. Regardez la vid\u00e9o et d\u00e9couvrez la puissance de l&#039;automatisation\u00a0!<\/p>\r\n            \r\n            <div class=\"video-container\">\r\n                <iframe width=\"560\" height=\"315\" src=\"https:\/\/www.youtube.com\/embed\/McxFxb_b4xA?si=MyLJBSYeLG2B_ANz\" title=\"Lecteur vid\u00e9o YouTube\" frameborder=\"0\" allow=\"accelerometer; autoplay; clipboard-write; encrypted-media; gyroscope; picture-in-picture; web-share\" referrerpolicy=\"strict-origin-when-cross-origin\" allowfullscreen><\/iframe>\r\n            <\/div>\r\n\r\n            <a href=\"https:\/\/pay.hotmart.com\/P100845896H?off=25wlu86v\" class=\"cta-button\">JE VEUX DEVENIR VIRAL MAINTENANT !<\/a>\r\n        <\/div>\r\n    <\/header>\r\n\r\n    <main>\r\n        <section class=\"section\">\r\n            <div class=\"container\">\r\n                <h2 class=\"section-title\">Vous identifiez-vous \u00e0 l\u2019un de ces probl\u00e8mes ?<\/h2>\r\n                <div class=\"pain-points\">\r\n                    <div class=\"pain-point\">\r\n                        <i class=\"fas fa-clock\"><\/i>\r\n                        <h4>Heures perdues<\/h4>\r\n                        <p>Passez-vous plus de temps \u00e0 \u00e9diter qu\u2019\u00e0 cr\u00e9er ?<\/p>\r\n                    <\/div>\r\n                    <div class=\"pain-point\">\r\n                        <i class=\"fas fa-lightbulb\"><\/i>\r\n                        <h4>Manque d&#039;id\u00e9es<\/h4>\r\n                        <p>Pas d&#039;inspiration pour des itin\u00e9raires engageants ?<\/p>\r\n                    <\/div>\r\n                    <div class=\"pain-point\">\r\n                        <i class=\"fas fa-dollar-sign\"><\/i>\r\n                        <h4>Co\u00fbts \u00e9lev\u00e9s<\/h4>\r\n                        <p>Les outils co\u00fbteux et les freelances p\u00e8sent sur votre poche ?<\/p>\r\n                    <\/div>\r\n                    <div class=\"pain-point\">\r\n                        <i class=\"fas fa-chart-line\"><\/i>\r\n                        <h4>Quelques vues<\/h4>\r\n                        <p>Vos vid\u00e9os n\u2019atteignent pas le public souhait\u00e9 ?<\/p>\r\n                    <\/div>\r\n                <\/div>\r\n            <\/div>\r\n        <\/section>\r\n\r\n        <section class=\"section\" style=\"background: #fff;\">\r\n            <div class=\"container\">\r\n                <h2 class=\"section-title\">Pr\u00e9sentation de la solution ultime<\/h2>\r\n                <p style=\"max-width: 800px; margin: 0 auto 40px auto;\">LE <strong>Cr\u00e9ateur de courts m\u00e9trages viraux 4.0 MASTER<\/strong> C&#039;est l&#039;outil qui vous manquait. Il ne se contente pas de cr\u00e9er des vid\u00e9os, il cr\u00e9e des ponts entre vous et des millions de vues. Finies les t\u00e2ches manuelles et la frustration\u00a0! Il est temps d&#039;automatiser, de devenir viral et de mon\u00e9tiser.\r\n<p>&nbsp;<\/p>\r\n<iframe width=\"560\" height=\"315\" src=\"https:\/\/www.youtube.com\/embed\/8opq1k2C5X4?si=0ZM-V4NBXAC4G_-E\" title=\"Lecteur vid\u00e9o YouTube\" frameborder=\"0\" allow=\"accelerometer; autoplay; clipboard-write; encrypted-media; gyroscope; picture-in-picture; web-share\" referrerpolicy=\"strict-origin-when-cross-origin\" allowfullscreen><\/iframe>\r\n<p>&nbsp;<\/p>\r\n<iframe width=\"560\" height=\"315\" src=\"https:\/\/www.youtube.com\/embed\/1c__DaKC-i0?si=Yrt6yk9ZquVPhc2t\" title=\"Lecteur vid\u00e9o YouTube\" frameborder=\"0\" allow=\"accelerometer; autoplay; clipboard-write; encrypted-media; gyroscope; picture-in-picture; web-share\" referrerpolicy=\"strict-origin-when-cross-origin\" allowfullscreen><\/iframe>\r\n<p>&nbsp;<\/p>\r\n<iframe width=\"560\" height=\"315\" src=\"https:\/\/www.youtube.com\/embed\/nf3noTOk39U?si=b-qIKxWm64tKzwCY\" title=\"Lecteur vid\u00e9o YouTube\" frameborder=\"0\" allow=\"accelerometer; autoplay; clipboard-write; encrypted-media; gyroscope; picture-in-picture; web-share\" referrerpolicy=\"strict-origin-when-cross-origin\" allowfullscreen><\/iframe>\r\n<\/p>\r\n                <div class=\"features-grid\">\r\n                    <div class=\"feature-card\">\r\n                        <h3><i class=\"fas fa-robot\"><\/i> Libert\u00e9 cr\u00e9ative totale<\/h3>\r\n                        <p>Avec la prise en charge de plusieurs API (y compris <strong>lib\u00e9rer Qwen<\/strong>), vous ma\u00eetrisez parfaitement vos co\u00fbts et votre qualit\u00e9. Envie d&#039;utiliser la meilleure technologie sans d\u00e9penser un centime\u00a0? C&#039;est possible\u00a0!<\/p>\r\n                    <\/div>\r\n                    <div class=\"feature-card\">\r\n                        <h3><i class=\"fas fa-image\"><\/i> Images de cin\u00e9ma, \u00e0 co\u00fbt z\u00e9ro<\/h3>\r\n                        <p>Oubliez les banques d&#039;images co\u00fbteuses. Notre syst\u00e8me <strong>Pollinisations<\/strong> g\u00e9n\u00e8re des images illimit\u00e9es et de haute qualit\u00e9 bas\u00e9es sur votre script sans frais suppl\u00e9mentaires.<\/p>\r\n                    <\/div>\r\n                    <div class=\"feature-card\">\r\n                        <h3><i class=\"fas fa-microphone-alt\"><\/i> Des voix qui captivent et retiennent<\/h3>\r\n                        <p>Utilisez des narrations multi-voix, avec diff\u00e9rents accents et dans diff\u00e9rentes langues. Cr\u00e9ez des dialogues dynamiques qui captivent du d\u00e9but \u00e0 la fin et augmentent consid\u00e9rablement la r\u00e9tention de votre vid\u00e9o.<\/p>\r\n                    <\/div>\r\n                    <div class=\"feature-card\">\r\n                        <h3><i class=\"fas fa-bullhorn\"><\/i> Mon\u00e9tisez chaque court m\u00e9trage que vous cr\u00e9ez<\/h3>\r\n                        <p>Avec la ressource de <strong>CTA (Appel \u00e0 l&#039;action)<\/strong> Gr\u00e2ce \u00e0 cette vid\u00e9o personnalis\u00e9e, vous pouvez promouvoir vos produits, services ou liens d&#039;affiliation directement dans la vid\u00e9o. Transformez les vues en ventes\u00a0!<\/p>\r\n                    <\/div>\r\n                <\/div>\r\n            <\/div>\r\n        <\/section>\r\n\r\n        <section class=\"section\">\r\n             <div class=\"container\">\r\n                <h2 class=\"section-title\">Tout ce que vous prenez aujourd&#039;hui<\/h2>\r\n                <div class=\"offer-stack\">\r\n                    <div class=\"offer-item\">\r\n                        <span>\u2705 <strong>Cr\u00e9ateur de courts m\u00e9trages viraux 4.0 MASTER<\/strong><\/span>\r\n                        <span class=\"item-value\">R$ 297,00<\/span>\r\n                    <\/div>\r\n                    <div class=\"offer-item\">\r\n                        <span>\ud83c\udf81 <strong>Bonus #1 :<\/strong> G\u00e9n\u00e9rateur d&#039;images illimit\u00e9 (Polinations)<\/span>\r\n                        <span class=\"item-value\">R$ 197,00<\/span>\r\n                    <\/div>\r\n                    <div class=\"offer-item\">\r\n                        <span>\ud83c\udf81 <strong>Bonus #2 :<\/strong> Pack de musique de fond virale<\/span>\r\n                        <span class=\"item-value\">R$ 97,00<\/span>\r\n                    <\/div>\r\n                    <div class=\"offer-item\">\r\n                        <span>\ud83c\udf81 <strong>Bonus #3 :<\/strong> Pack d&#039;effets sonores persuasifs<\/span>\r\n                        <span class=\"item-value\">R$ 97,00<\/span>\r\n                    <\/div>\r\n                    <div class=\"total-value\">\r\n                        <p>Valeur totale : <span style=\"text-decoration: line-through;\">R$ 688,00<\/span><\/p>\r\n                    <\/div>\r\n                    <p style=\"text-align: center;\">Obtenez tout cela aujourd&#039;hui pour seulement :<\/p>\r\n                    <h3 class=\"final-price\">12x de R$ 15,20 <br> <span style=\"font-size: 1.5rem; font-weight: 400;\">ou R$ 147,00 en esp\u00e8ces<\/span><\/h3>\r\n                    <div style=\"text-align: center;\">\r\n                        <a href=\"https:\/\/pay.hotmart.com\/P100845896H?off=25wlu86v\" class=\"cta-button\">ACHETEZ MAINTENANT AVEC REMISE !<\/a>\r\n                        <p style=\"margin-top: 15px;\"><i class=\"fas fa-shield-alt\"><\/i> Achat s\u00e9curis\u00e9 100% avec garantie de 7 jours.<\/p>\r\n                    <\/div>\r\n                <\/div>\r\n            <\/div>\r\n        <\/section>\r\n        \r\n        <section class=\"section\" style=\"background: #fff;\">\r\n            <div class=\"container\">\r\n                <h2 class=\"section-title\">Foire aux questions (FAQ)<\/h2>\r\n                <details class=\"faq-item\">\r\n                    <summary>S&#039;agit-il d&#039;un paiement unique ou de frais mensuels ?<\/summary>\r\n                    <p style=\"margin-top: 10px;\">Paiement annuel\u00a0! Vous achetez le logiciel et vous l&#039;utilisez pendant un an, y compris les futures mises \u00e0 jour jusqu&#039;\u00e0 la version 4.0.<\/p>\r\n                <\/details>\r\n                 <details class=\"faq-item\">\r\n                    <summary>Ai-je besoin de connaissances techniques ?<\/summary>\r\n                    <p style=\"margin-top: 10px;\">Non\u00a0! L&#039;outil a \u00e9t\u00e9 con\u00e7u pour \u00eatre extr\u00eamement simple d&#039;utilisation. Si vous savez copier-coller, vous n&#039;avez besoin que des cl\u00e9s API. Un tutoriel vous explique comment proc\u00e9der et vous \u00eates pr\u00eat. Nous proposons des tutoriels vid\u00e9o pour la configuration initiale de l&#039;API.<\/p>\r\n                <\/details>\r\n                <details class=\"faq-item\">\r\n                    <summary>Est-ce que \u00e7a marche sur mon ordinateur ?<\/summary>\r\n                    <p style=\"margin-top: 10px;\">Le logiciel est optimis\u00e9 pour Windows 11 64 bits et fonctionne probablement aussi bien sous Windows 10. Il a \u00e9t\u00e9 test\u00e9 sur des ordinateurs \u00e9quip\u00e9s de processeurs Intel et de cartes graphiques NVIDIA, et des correctifs am\u00e9liorent la compatibilit\u00e9 avec AMD.<\/p>\r\n                <\/details>\r\n                 <details class=\"faq-item\">\r\n                    <summary>Comment puis-je acc\u00e9der au logiciel ?<\/summary>\r\n                    <p style=\"margin-top: 10px;\">Imm\u00e9diatement apr\u00e8s la confirmation du paiement, vous recevrez un e-mail contenant des instructions pour t\u00e9l\u00e9charger le logiciel dans notre tableau de bord d&#039;outils Like Points et vous y aurez votre num\u00e9ro de s\u00e9rie exclusif sur la plateforme Like Points (Gato Coins).<\/p>\r\n                <\/details>\r\n            <\/div>\r\n        <\/section>\r\n\r\n    <\/main>\r\n\r\n    <footer class=\"footer\">\r\n        <div class=\"container\">\r\n            <p><strong>Mentions l\u00e9gales :<\/strong> Ce produit est un outil d&#039;aide \u00e0 la cr\u00e9ation de contenu. Les r\u00e9sultats d&#039;audience et de mon\u00e9tisation d\u00e9pendent de plusieurs facteurs, tels que la niche, la coh\u00e9rence et les strat\u00e9gies marketing, et ne sont pas garantis.<\/p>\r\n            <p>\u00a9 2025 Viral Shorts Creator - Tous droits r\u00e9serv\u00e9s.<\/p>\r\n        <\/div>\r\n    <\/footer>\r\n\r\n<\/body>\r\n<\/html>\t\t\t\t<\/div>\n\t\t\t\t<\/div>\n\t\t\t\t<\/div>\n\t\t\t\t<\/div>","protected":false},"excerpt":{"rendered":"<p>Viral Shorts Creator 4.0 \u2013 La machine \u00e0 vid\u00e9os virales\u00a0! La machine \u00e0 cr\u00e9er des courts m\u00e9trages viraux qui vous correspond\u00a0! D\u00e9couvrez comment transformer n&#039;importe quelle id\u00e9e en vid\u00e9os courtes et addictives en quelques minutes, 100% en mode automatique. Regardez la vid\u00e9o et d\u00e9couvrez la puissance de l&#039;automatisation\u00a0! JE VEUX DEVENIR VIRAL MAINTENANT\u00a0! Vous reconnaissez-vous dans l&#039;un de ces probl\u00e8mes\u00a0? Heures [\u2026]<\/p>","protected":false},"author":1,"featured_media":0,"parent":0,"menu_order":0,"comment_status":"closed","ping_status":"closed","template":"elementor_canvas","meta":{"footnotes":""},"class_list":["post-3968","page","type-page","status-publish","hentry"],"_links":{"self":[{"href":"https:\/\/dolartube.com\/fr\/wp-json\/wp\/v2\/pages\/3968","targetHints":{"allow":["GET"]}}],"collection":[{"href":"https:\/\/dolartube.com\/fr\/wp-json\/wp\/v2\/pages"}],"about":[{"href":"https:\/\/dolartube.com\/fr\/wp-json\/wp\/v2\/types\/page"}],"author":[{"embeddable":true,"href":"https:\/\/dolartube.com\/fr\/wp-json\/wp\/v2\/users\/1"}],"replies":[{"embeddable":true,"href":"https:\/\/dolartube.com\/fr\/wp-json\/wp\/v2\/comments?post=3968"}],"version-history":[{"count":26,"href":"https:\/\/dolartube.com\/fr\/wp-json\/wp\/v2\/pages\/3968\/revisions"}],"predecessor-version":[{"id":4134,"href":"https:\/\/dolartube.com\/fr\/wp-json\/wp\/v2\/pages\/3968\/revisions\/4134"}],"wp:attachment":[{"href":"https:\/\/dolartube.com\/fr\/wp-json\/wp\/v2\/media?parent=3968"}],"curies":[{"name":"wp","href":"https:\/\/api.w.org\/{rel}","templated":true}]}}