{"id":3,"date":"2024-12-12T14:16:16","date_gmt":"2024-12-12T14:16:16","guid":{"rendered":"http:\/\/dolartube.com\/?page_id=3"},"modified":"2024-12-12T17:48:23","modified_gmt":"2024-12-12T17:48:23","slug":"politicas","status":"publish","type":"page","link":"https:\/\/dolartube.com\/fr\/politicas\/","title":{"rendered":"Politiques de confidentialit\u00e9"},"content":{"rendered":"<h2><span style=\"color: #444444;\">politique de confidentialit\u00e9<\/span><\/h2>\n<p><span style=\"color: #444444;\">Votre vie priv\u00e9e est importante pour nous. La politique de Dolar Tube Monetiza\u00e7\u00e3o Americana est de respecter votre vie priv\u00e9e concernant toute information que nous pouvons collecter aupr\u00e8s de vous sur le site Web. <a href=\"https:\/\/dolartube.com\/fr\/\">Mon\u00e9tisation du dollar am\u00e9ricain<\/a>, et d\u2019autres sites Web que nous poss\u00e9dons et exploitons.<\/span><\/p>\n<p><span style=\"color: #444444;\">Nous ne demandons des informations personnelles que lorsque nous en avons r\u00e9ellement besoin pour vous fournir un service. Nous le faisons par des moyens justes et l\u00e9gaux, avec votre connaissance et votre consentement. Nous vous informons \u00e9galement pourquoi nous les collectons et comment elles seront utilis\u00e9es.<\/span><\/p>\n<p><span style=\"color: #444444;\">Nous conservons les informations collect\u00e9es uniquement le temps n\u00e9cessaire pour vous fournir le service demand\u00e9. Nous prot\u00e9geons les donn\u00e9es que nous stockons par des moyens commercialement acceptables afin d\u2019emp\u00eacher la perte et le vol, ainsi que l\u2019acc\u00e8s, la divulgation, la copie, l\u2019utilisation ou la modification non autoris\u00e9s.<\/span><\/p>\n<p><span style=\"color: #444444;\">Nous ne partageons aucune information d\u2019identification personnelle publiquement ou avec des tiers, sauf lorsque la loi l\u2019exige.<\/span><\/p>\n<p><span style=\"color: #444444;\">Notre site Web peut contenir des liens vers des sites Web externes qui ne sont pas exploit\u00e9s par nous. Veuillez noter que nous n&#039;avons aucun contr\u00f4le sur le contenu et les pratiques de ces sites et ne pouvons accepter aucune responsabilit\u00e9 pour leurs contenus respectifs.\u00a0<\/span><a style=\"background-color: transparent; color: #444444;\" href=\"https:\/\/politicaprivacidade.com\/\" target=\"_blank\" rel=\"noopener noreferrer\">politiques de confidentialit\u00e9<\/a><span style=\"color: #444444;\">.<\/span><\/p>\n<p><span style=\"color: #444444;\">Vous \u00eates libre de refuser notre demande de renseignements personnels, sachant que nous pourrions ne pas \u00eatre en mesure de vous fournir certains des services souhait\u00e9s.<\/span><\/p>\n<p><span style=\"color: #444444;\">Votre utilisation continue de notre site Web sera consid\u00e9r\u00e9e comme une acceptation de nos pratiques en mati\u00e8re de confidentialit\u00e9 et d\u2019informations personnelles. Si vous avez des questions sur la mani\u00e8re dont nous traitons les donn\u00e9es utilisateur et les informations personnelles, veuillez nous contacter.<\/span><\/p>\n<ul>\n<li><span style=\"color: #444444;\">Le service Google AdSense que nous utilisons pour diffuser des publicit\u00e9s utilise un cookie DoubleClick pour diffuser des annonces plus pertinentes sur le Web et limiter le nombre de fois qu&#039;une annonce donn\u00e9e vous est pr\u00e9sent\u00e9e.<\/span><\/li>\n<li><span style=\"color: #444444;\">Pour plus d&#039;informations sur Google AdSense, consultez la FAQ officielle sur la confidentialit\u00e9 de Google AdSense.<\/span><\/li>\n<li><span style=\"color: #444444;\">Nous utilisons des publicit\u00e9s pour compenser les co\u00fbts de fonctionnement de ce site Web et fournir un financement pour le d\u00e9veloppement futur. Les cookies de publicit\u00e9 comportementale utilis\u00e9s par ce site sont con\u00e7us pour garantir que nous vous fournissons les publicit\u00e9s les plus pertinentes dans la mesure du possible en suivant anonymement vos int\u00e9r\u00eats et en pr\u00e9sentant des \u00e9l\u00e9ments similaires susceptibles de vous int\u00e9resser.<\/span><\/li>\n<li><span style=\"color: #444444;\">Plusieurs partenaires font de la publicit\u00e9 en notre nom et les cookies de suivi d&#039;affiliation nous permettent simplement de voir si nos clients sont venus sur le site via l&#039;un de nos sites partenaires afin que nous puissions les cr\u00e9diter de mani\u00e8re appropri\u00e9e et, le cas \u00e9ch\u00e9ant, permettre \u00e0 nos partenaires affili\u00e9s de fournir tout bonus qu&#039;ils peuvent vous offrir pour effectuer un achat.<\/span><\/li>\n<\/ul>\n<p>&nbsp;<\/p>\n<h3><span style=\"color: #444444;\">Engagement des utilisateurs<\/span><\/h3>\n<p><span style=\"color: #444444;\">L&#039;utilisateur s&#039;engage \u00e0 faire un usage appropri\u00e9 du contenu et des informations que Dolar Tube Monetiza\u00e7\u00e3o Americana propose sur le site Web et, \u00e0 titre d&#039;exemple mais sans s&#039;y limiter :<\/span><\/p>\n<ul>\n<li><span style=\"color: #444444;\">A) Ne pas se livrer \u00e0 des activit\u00e9s ill\u00e9gales ou contraires \u00e0 la bonne foi et \u00e0 l\u2019ordre public ;<\/span><\/li>\n<li><span style=\"color: #444444;\">B) Ne pas diffuser de propagande ou de contenu \u00e0 caract\u00e8re raciste, x\u00e9nophobe, <\/span><span style=\"color: #212529;\"><a style=\"color: inherit !important; text-decoration: none !important; font-size: inherit !important;\" href=\"https:\/\/bbebbet.br.com\">bbbbet<\/a><\/span><span style=\"color: #444444;\"> ou de malchance, tout type de pornographie ill\u00e9gale, en soutien au terrorisme ou contre les droits de l\u2019homme ;<\/span><\/li>\n<li><span style=\"color: #444444;\">C) Ne pas causer de dommages aux syst\u00e8mes physiques (mat\u00e9riels) et logiques (logiciels) de Dolar Tube Monetiza\u00e7\u00e3o Americana, de ses fournisseurs ou de tiers, ni introduire ou diffuser des virus informatiques ou tout autre syst\u00e8me mat\u00e9riel ou logiciel susceptible de causer les dommages susmentionn\u00e9s.<\/span><\/li>\n<\/ul>\n<h3><span style=\"color: #444444;\">Plus d&#039;informations<\/span><\/h3>\n<p><span style=\"color: #444444;\">J&#039;esp\u00e8re que cela a clarifi\u00e9 les choses pour vous et comme cela a \u00e9t\u00e9 mentionn\u00e9 pr\u00e9c\u00e9demment, s&#039;il y a quelque chose dont vous n&#039;\u00eates pas s\u00fbr d&#039;avoir besoin ou non, il est g\u00e9n\u00e9ralement plus s\u00fbr de laisser les cookies activ\u00e9s au cas o\u00f9 ils interagiraient avec l&#039;une des fonctionnalit\u00e9s que vous utilisez sur notre site.<\/span><\/p>\n<p><span style=\"color: #444444;\">Cette politique est en vigueur \u00e0 compter du 12 d\u00e9cembre 2024 \u00e0 17h48.<\/span><\/p>","protected":false},"excerpt":{"rendered":"<p>Pol\u00edtica Privacidade A sua privacidade \u00e9 importante para n\u00f3s. \u00c9 pol\u00edtica do Dolar Tube Monetiza\u00e7\u00e3o Americana respeitar a sua privacidade em rela\u00e7\u00e3o a qualquer informa\u00e7\u00e3o sua que possamos coletar no site Dolar Tube Monetiza\u00e7\u00e3o Americana, e outros sites que possu\u00edmos e operamos. Solicitamos informa\u00e7\u00f5es pessoais apenas quando realmente precisamos delas para lhe fornecer um servi\u00e7o. [&hellip;]<\/p>","protected":false},"author":1,"featured_media":0,"parent":0,"menu_order":0,"comment_status":"closed","ping_status":"open","template":"","meta":{"footnotes":""},"class_list":["post-3","page","type-page","status-publish","hentry"],"_links":{"self":[{"href":"https:\/\/dolartube.com\/fr\/wp-json\/wp\/v2\/pages\/3","targetHints":{"allow":["GET"]}}],"collection":[{"href":"https:\/\/dolartube.com\/fr\/wp-json\/wp\/v2\/pages"}],"about":[{"href":"https:\/\/dolartube.com\/fr\/wp-json\/wp\/v2\/types\/page"}],"author":[{"embeddable":true,"href":"https:\/\/dolartube.com\/fr\/wp-json\/wp\/v2\/users\/1"}],"replies":[{"embeddable":true,"href":"https:\/\/dolartube.com\/fr\/wp-json\/wp\/v2\/comments?post=3"}],"version-history":[{"count":3,"href":"https:\/\/dolartube.com\/fr\/wp-json\/wp\/v2\/pages\/3\/revisions"}],"predecessor-version":[{"id":178,"href":"https:\/\/dolartube.com\/fr\/wp-json\/wp\/v2\/pages\/3\/revisions\/178"}],"wp:attachment":[{"href":"https:\/\/dolartube.com\/fr\/wp-json\/wp\/v2\/media?parent=3"}],"curies":[{"name":"wp","href":"https:\/\/api.w.org\/{rel}","templated":true}]}}