{"id":183,"date":"2024-12-12T17:53:57","date_gmt":"2024-12-12T17:53:57","guid":{"rendered":"https:\/\/dolartube.com\/?page_id=183"},"modified":"2024-12-12T17:53:57","modified_gmt":"2024-12-12T17:53:57","slug":"contato","status":"publish","type":"page","link":"https:\/\/dolartube.com\/fr\/contato\/","title":{"rendered":"Contact"},"content":{"rendered":"<p><strong>Page de contact<\/strong><\/p>\n<p>Si vous avez des questions, des suggestions ou souhaitez en savoir plus sur nos produits et services, n&#039;h\u00e9sitez pas \u00e0 nous contacter ! Nous sommes pr\u00eats \u00e0 vous aider et \u00e0 vous assurer la meilleure exp\u00e9rience possible.<\/p>\n<h3>Moyens de contact :<\/h3>\n<p><strong>\ud83d\udce7 Courriel : eriveltoncgui2017@gmail.com<\/strong><br \/>\n<strong>\ud83d\udcde T\u00e9l\u00e9phone :<\/strong> +55 (35) 9 9965-3990<br \/>\n<strong>\ud83d\udcf1 WhatsApp :<\/strong> Cliquez sur le lien ci-dessous pour nous parler directement via WhatsApp :<\/p>\n<p><a href=\"https:\/\/wa.me\/5535999653990\"><strong>Appeler sur WhatsApp<\/strong><\/a><\/p>\n<p>Notre service est disponible du lundi au vendredi, de 9h \u00e0 18h (heure de Brasilia). Si vous nous contactez en dehors des heures ouvrables, nous vous r\u00e9pondrons dans les plus brefs d\u00e9lais.<\/p>\n<p>Nous avons h\u00e2te de vous entendre !<\/p>","protected":false},"excerpt":{"rendered":"<p>P\u00e1gina de Contato Se voc\u00ea tem d\u00favidas, sugest\u00f5es ou gostaria de saber mais sobre nossos produtos e servi\u00e7os, entre em contato conosco! Estamos prontos para ajudar e garantir que voc\u00ea tenha a melhor experi\u00eancia poss\u00edvel. Formas de contato: \ud83d\udce7 E-mail: eriveltoncgui2017@gmail.com \ud83d\udcde Telefone: +55 (35) 9 9965-3990 \ud83d\udcf1 WhatsApp: Clique no link abaixo para falar [&hellip;]<\/p>","protected":false},"author":1,"featured_media":0,"parent":0,"menu_order":0,"comment_status":"closed","ping_status":"closed","template":"","meta":{"footnotes":""},"class_list":["post-183","page","type-page","status-publish","hentry"],"_links":{"self":[{"href":"https:\/\/dolartube.com\/fr\/wp-json\/wp\/v2\/pages\/183","targetHints":{"allow":["GET"]}}],"collection":[{"href":"https:\/\/dolartube.com\/fr\/wp-json\/wp\/v2\/pages"}],"about":[{"href":"https:\/\/dolartube.com\/fr\/wp-json\/wp\/v2\/types\/page"}],"author":[{"embeddable":true,"href":"https:\/\/dolartube.com\/fr\/wp-json\/wp\/v2\/users\/1"}],"replies":[{"embeddable":true,"href":"https:\/\/dolartube.com\/fr\/wp-json\/wp\/v2\/comments?post=183"}],"version-history":[{"count":1,"href":"https:\/\/dolartube.com\/fr\/wp-json\/wp\/v2\/pages\/183\/revisions"}],"predecessor-version":[{"id":185,"href":"https:\/\/dolartube.com\/fr\/wp-json\/wp\/v2\/pages\/183\/revisions\/185"}],"wp:attachment":[{"href":"https:\/\/dolartube.com\/fr\/wp-json\/wp\/v2\/media?parent=183"}],"curies":[{"name":"wp","href":"https:\/\/api.w.org\/{rel}","templated":true}]}}