{"id":181,"date":"2024-12-12T17:50:22","date_gmt":"2024-12-12T17:50:22","guid":{"rendered":"https:\/\/dolartube.com\/?page_id=181"},"modified":"2024-12-12T17:50:31","modified_gmt":"2024-12-12T17:50:31","slug":"sobre","status":"publish","type":"page","link":"https:\/\/dolartube.com\/fr\/sobre\/","title":{"rendered":"\u00c0 propos de nous"},"content":{"rendered":"<p><strong>\u00c0 propos de nous \u2013 D\u00e9couvrez la puissance du Dollar Tube et des points J&#039;aime<\/strong><\/p>\n<p>Bienvenue \u00e0 <strong>J&#039;aime les points<\/strong>, la plateforme qui transforme l&#039;impossible en r\u00e9alit\u00e9 dans le monde num\u00e9rique. Nous sommes convaincus que chacun, avec la bonne strat\u00e9gie et les bons outils, peut atteindre l&#039;ind\u00e9pendance financi\u00e8re sur internet et obtenir des r\u00e9sultats concrets. Que vous d\u00e9butiez ou que vous ayez d\u00e9j\u00e0 de l&#039;exp\u00e9rience, c&#039;est ici que la magie op\u00e8re.<\/p>\n<h3><strong>Notre mission<\/strong><\/h3>\n<p>Notre mission est claire\u00a0: vous offrir des connaissances pratiques, des outils exclusifs et des astuces innovantes qui vous m\u00e8neront droit au succ\u00e8s. Nous savons que le monde en ligne est rempli de promesses en l&#039;air, mais chez Like Points, vous apprenez le \u00ab\u00a0comment\u00a0\u00bb et le \u00ab\u00a0pourquoi\u00a0\u00bb de chaque \u00e9tape avant de la mettre en pratique. Pas de th\u00e9orie vague ni de gadgets sans fondement, juste des strat\u00e9gies \u00e9prouv\u00e9es.<\/p>\n<h3><strong>Ce qui nous rend unique<\/strong><\/h3>\n<ul>\n<li><strong>Pas de d\u00e9penses, juste des gains :<\/strong> Ici, vous apprendrez des m\u00e9thodes qui ne n\u00e9cessitent aucun investissement initial. Vous n&#039;avez besoin que des connaissances et des outils que nous vous fournissons pour commencer \u00e0 g\u00e9n\u00e9rer des profits.<\/li>\n<li><strong>R\u00e9sultats prouv\u00e9s :<\/strong> Avec plus de 4 ans d&#039;histoire et des milliers de canaux exploit\u00e9s, notre m\u00e9thodologie est constamment mise \u00e0 jour pour suivre ce qui fonctionne r\u00e9ellement.<\/li>\n<li><strong>Automatisation et intelligence :<\/strong> Des outils comme <em>Outils sombres<\/em> et le <em>Extrait SEO<\/em> vous donne une longueur d&#039;avance sur la concurrence, en optimisant les processus et en gagnant du temps.<\/li>\n<li><strong>R\u00e9seau social exclusif :<\/strong> Une communaut\u00e9 interne de cr\u00e9ateurs qui partagent des exp\u00e9riences, des conseils et des id\u00e9es pr\u00e9cieuses afin que vous puissiez apprendre de ceux qui ont d\u00e9j\u00e0 r\u00e9ussi.<\/li>\n<li><strong>Sans avoir besoin de compara\u00eetre :<\/strong> Nos solutions sont id\u00e9ales pour ceux qui cherchent \u00e0 faire du profit sans exposer leur identit\u00e9, avec des narrateurs humanis\u00e9s et des ressources de cr\u00e9ation anonymes.<\/li>\n<\/ul>\n<h3><strong>Ce que vous trouverez ici<\/strong><\/h3>\n<ol>\n<li><strong>Cours complets et \u00e9tape par \u00e9tape :<\/strong> Apprenez \u00e0 cr\u00e9er et professionnaliser une cha\u00eene YouTube, m\u00eame si vous \u00eates compl\u00e8tement d\u00e9butant.<\/li>\n<li><strong>Outils exclusifs :<\/strong>\n<ul>\n<li>Cr\u00e9ation de titres, vignettes et scripts avec intelligence artificielle.<\/li>\n<li>Redimensionnement d&#039;images en masse.<\/li>\n<li>Extracteur SEO pour les vid\u00e9os des concurrents.<\/li>\n<\/ul>\n<\/li>\n<li><strong>Productivit\u00e9 maximale :<\/strong> Logiciel pour organiser des projets, automatiser des processus et faciliter la cr\u00e9ation de contenu de mani\u00e8re intuitive.<\/li>\n<li><strong>Intelligence artificielle de nouvelle g\u00e9n\u00e9ration :<\/strong> D\u00e9couvrez les IA qui r\u00e9volutionnent la production de contenu num\u00e9rique et apprenez \u00e0 les utiliser pour g\u00e9n\u00e9rer des r\u00e9sultats concrets.<\/li>\n<\/ol>\n<h3><strong>Pourquoi choisir Like Points ?<\/strong><\/h3>\n<p>Nous vous proposons bien plus que des outils\u00a0: nous vous offrons la possibilit\u00e9 de changer votre vie. Notre approche pratique et directe vous permet de tirer le meilleur parti des plateformes num\u00e9riques. Que vous cr\u00e9iez des canaux cach\u00e9s, trouviez des niches rentables ou perfectionniez simplement votre strat\u00e9gie, vous aurez toujours une longueur d&#039;avance.<\/p>\n<p><strong>\u00cates-vous pr\u00eat \u00e0 vous lancer sur la voie du succ\u00e8s\u00a0? Les points J&#039;aime sont la base pour b\u00e2tir l&#039;avenir que vous m\u00e9ritez.<\/strong><\/p>","protected":false},"excerpt":{"rendered":"<p>Sobre N\u00f3s \u2013 Descubra o Poder do D\u00f3lar Tube &amp; Like points Bem-vindo ao Like Points, a plataforma que transforma o imposs\u00edvel em realidade no mundo digital. Aqui, acreditamos que qualquer pessoa, com a estrat\u00e9gia certa e as ferramentas adequadas, pode conquistar independ\u00eancia financeira na internet e alcan\u00e7ar resultados reais. N\u00e3o importa se voc\u00ea est\u00e1 [&hellip;]<\/p>","protected":false},"author":1,"featured_media":0,"parent":0,"menu_order":0,"comment_status":"closed","ping_status":"closed","template":"","meta":{"footnotes":""},"class_list":["post-181","page","type-page","status-publish","hentry"],"_links":{"self":[{"href":"https:\/\/dolartube.com\/fr\/wp-json\/wp\/v2\/pages\/181","targetHints":{"allow":["GET"]}}],"collection":[{"href":"https:\/\/dolartube.com\/fr\/wp-json\/wp\/v2\/pages"}],"about":[{"href":"https:\/\/dolartube.com\/fr\/wp-json\/wp\/v2\/types\/page"}],"author":[{"embeddable":true,"href":"https:\/\/dolartube.com\/fr\/wp-json\/wp\/v2\/users\/1"}],"replies":[{"embeddable":true,"href":"https:\/\/dolartube.com\/fr\/wp-json\/wp\/v2\/comments?post=181"}],"version-history":[{"count":1,"href":"https:\/\/dolartube.com\/fr\/wp-json\/wp\/v2\/pages\/181\/revisions"}],"predecessor-version":[{"id":182,"href":"https:\/\/dolartube.com\/fr\/wp-json\/wp\/v2\/pages\/181\/revisions\/182"}],"wp:attachment":[{"href":"https:\/\/dolartube.com\/fr\/wp-json\/wp\/v2\/media?parent=181"}],"curies":[{"name":"wp","href":"https:\/\/api.w.org\/{rel}","templated":true}]}}