{"id":179,"date":"2024-12-12T17:48:37","date_gmt":"2024-12-12T17:48:37","guid":{"rendered":"https:\/\/dolartube.com\/?page_id=179"},"modified":"2024-12-12T17:48:43","modified_gmt":"2024-12-12T17:48:43","slug":"termos","status":"publish","type":"page","link":"https:\/\/dolartube.com\/fr\/termos\/","title":{"rendered":"Conditions d&#039;utilisation"},"content":{"rendered":"<h2><span style=\"color: rgb(68, 68, 68);\">1. Conditions<\/span><\/h2>\n<p><span style=\"color: rgb(68, 68, 68);\">Lors de l&#039;acc\u00e8s au site Web <a href=\"https:\/\/dolartube.com\/fr\/\">Mon\u00e9tisation du dollar am\u00e9ricain<\/a>, vous acceptez de vous conformer aux pr\u00e9sentes conditions de service, \u00e0 toutes les lois et r\u00e9glementations applicables, et acceptez que vous \u00eates responsable du respect de toutes les lois locales applicables. Si vous n\u2019\u00eates pas d\u2019accord avec l\u2019une de ces conditions, il vous est interdit d\u2019utiliser ou d\u2019acc\u00e9der \u00e0 ce site. Les \u00e9l\u00e9ments contenus dans ce site Web sont prot\u00e9g\u00e9s par les lois applicables en mati\u00e8re de droit d\u2019auteur et de marques.<\/span><\/p>\n<h2><span style=\"color: rgb(68, 68, 68);\">2. Licence d&#039;utilisation<\/span><\/h2>\n<p><span style=\"color: rgb(68, 68, 68);\">L&#039;autorisation est accord\u00e9e de t\u00e9l\u00e9charger temporairement une copie du mat\u00e9riel (information ou logiciel) sur le site Web de Dolar Tube Monetiza\u00e7\u00e3o Americana pour une visualisation transitoire personnelle et non commerciale uniquement. Il s&#039;agit de l&#039;octroi d&#039;une licence, et non d&#039;un transfert de titre, et en vertu de cette licence, vous ne pouvez pas :&nbsp;<\/span><\/p>\n<ol>\n<li><span style=\"color: rgb(68, 68, 68);\">modifier ou copier les documents ;&nbsp;<\/span><\/li>\n<li><span style=\"color: rgb(68, 68, 68);\">utiliser les mat\u00e9riaux \u00e0 des fins commerciales ou pour toute exposition publique (commerciale ou non commerciale)\u00a0;&nbsp;<\/span><\/li>\n<li><span style=\"color: rgb(68, 68, 68);\">tenter de d\u00e9compiler ou de proc\u00e9der \u00e0 une ing\u00e9nierie inverse de tout logiciel contenu sur le site Web Dolar Tube Monetiza\u00e7\u00e3o Americana\u00a0;&nbsp;<\/span><\/li>\n<li><span style=\"color: rgb(68, 68, 68);\">supprimer tout droit d\u2019auteur ou autre mention de propri\u00e9t\u00e9 des documents\u00a0; ou&nbsp;<\/span><\/li>\n<li><span style=\"color: rgb(68, 68, 68);\">transf\u00e9rer les documents \u00e0 une autre personne ou \u00ab refl\u00e9ter \u00bb les documents sur un autre serveur.<\/span><\/li>\n<\/ol>\n<p><span style=\"color: rgb(68, 68, 68);\">Cette licence sera automatiquement r\u00e9sili\u00e9e si vous violez l&#039;une de ces restrictions et pourra \u00eatre r\u00e9sili\u00e9e par Dolar Tube Monetiza\u00e7\u00e3o Americana \u00e0 tout moment. \u00c0 la fin de votre consultation de ces documents ou \u00e0 la r\u00e9siliation de cette licence, vous devez d\u00e9truire tout document t\u00e9l\u00e9charg\u00e9 en votre possession, qu&#039;il soit sous forme \u00e9lectronique ou imprim\u00e9e.<\/span><\/p>\n<h2><span style=\"color: rgb(68, 68, 68);\">3. Clause de non-responsabilit\u00e9<\/span><\/h2>\n<ol>\n<li><span style=\"color: rgb(68, 68, 68);\">Les documents pr\u00e9sents sur le site Web de Dolar Tube Monetiza\u00e7\u00e3o Americana sont fournis \u00ab tels quels \u00bb. Dolar Tube Monetiza\u00e7\u00e3o Americana n&#039;offre aucune garantie, expresse ou implicite, et d\u00e9cline et nie par la pr\u00e9sente toutes les autres garanties, y compris, sans limitation, les garanties ou conditions implicites de qualit\u00e9 marchande, d&#039;ad\u00e9quation \u00e0 un usage particulier ou de non-violation de la propri\u00e9t\u00e9 intellectuelle ou autre violation des droits.<\/span><\/li>\n<li><span style=\"color: rgb(68, 68, 68);\">De plus, Dolar Tube Monetiza\u00e7\u00e3o Americana ne garantit ni ne fait aucune d\u00e9claration concernant l&#039;exactitude, les r\u00e9sultats probables ou la fiabilit\u00e9 de l&#039;utilisation des mat\u00e9riaux sur son site Web ou autrement li\u00e9s \u00e0 ces mat\u00e9riaux ou sur tout site li\u00e9 \u00e0 ce site.<\/span><\/li>\n<\/ol>\n<h2><span style=\"color: rgb(68, 68, 68);\">4. Limitations<\/span><\/h2>\n<p><span style=\"color: rgb(68, 68, 68);\">En aucun cas, Dolar Tube Monetiza\u00e7\u00e3o Americana ou ses fournisseurs ne pourront \u00eatre tenus responsables de tout dommage (y compris, sans limitation, les dommages pour perte de donn\u00e9es ou de profit, ou en raison d&#039;une interruption d&#039;activit\u00e9) d\u00e9coulant de l&#039;utilisation ou de l&#039;impossibilit\u00e9 d&#039;utiliser les mat\u00e9riaux sur le site Internet de Dolar Tube Monetiza\u00e7\u00e3o Americana, m\u00eame si Dolar Tube Monetiza\u00e7\u00e3o Americana ou un repr\u00e9sentant autoris\u00e9 de Dolar Tube Monetiza\u00e7\u00e3o Americana a \u00e9t\u00e9 inform\u00e9 oralement ou par \u00e9crit de la possibilit\u00e9 de tels dommages. \u00c9tant donn\u00e9 que certaines juridictions n\u2019autorisent pas les limitations des garanties implicites ou les limitations de responsabilit\u00e9 pour les dommages indirects ou accessoires, ces limitations peuvent ne pas s\u2019appliquer \u00e0 vous.<\/span><\/p>\n<h2><span style=\"color: rgb(68, 68, 68);\">5. Exactitude des mat\u00e9riaux<\/span><\/h2>\n<p><span style=\"color: rgb(68, 68, 68);\">Les \u00e9l\u00e9ments affich\u00e9s sur le site Web de Dolar Tube Monetiza\u00e7\u00e3o Americana peuvent contenir des erreurs techniques, typographiques ou photographiques. Dolar Tube Monetiza\u00e7\u00e3o Americana ne garantit pas que tout \u00e9l\u00e9ment de son site Web est exact, complet ou \u00e0 jour. Dolar Tube Monetiza\u00e7\u00e3o Americana peut apporter des modifications aux \u00e9l\u00e9ments contenus sur son site Web \u00e0 tout moment et sans pr\u00e9avis. Cependant, Dolar Tube Monetiza\u00e7\u00e3o Americana ne s&#039;engage pas \u00e0 mettre \u00e0 jour les documents.<\/span><\/p>\n<h2><span style=\"color: rgb(68, 68, 68);\">6. Liens<\/span><\/h2>\n<p><span style=\"color: rgb(68, 68, 68);\">Dolar Tube Monetiza\u00e7\u00e3o Americana n&#039;a pas examin\u00e9 tous les sites li\u00e9s \u00e0 son site Web et n&#039;est pas responsable du contenu de ces sites li\u00e9s. L&#039;inclusion de tout lien n&#039;implique pas l&#039;approbation du site par Dolar Tube Monetiza\u00e7\u00e3o Americana. L&#039;utilisation de tout site Web li\u00e9 se fait aux risques et p\u00e9rils de l&#039;utilisateur.<\/span><\/p>\n<p><\/p>\n<h3><span style=\"color: rgb(68, 68, 68);\">Modifications<\/span><\/h3>\n<p><span style=\"color: rgb(68, 68, 68);\">Dolar Tube Monetiza\u00e7\u00e3o Americana peut r\u00e9viser ces conditions d&#039;utilisation de son site Web \u00e0 tout moment sans pr\u00e9avis. En utilisant ce site Web, vous acceptez d&#039;\u00eatre li\u00e9 par la version alors en vigueur de ces conditions de service.<\/span><\/p>\n<h3><span style=\"color: rgb(68, 68, 68);\">Loi applicable<\/span><\/h3>\n<p><span style=\"color: rgb(68, 68, 68);\">Ces termes et conditions sont r\u00e9gis et interpr\u00e9t\u00e9s conform\u00e9ment aux lois de Dolar Tube Monetiza\u00e7\u00e3o Americana et vous vous soumettez irr\u00e9vocablement \u00e0 la juridiction exclusive des tribunaux de cet \u00c9tat ou de cet endroit.<\/span><\/p>","protected":false},"excerpt":{"rendered":"<p>1. Termos Ao acessar ao site Dolar Tube Monetiza\u00e7\u00e3o Americana, concorda em cumprir estes termos de servi\u00e7o, todas as leis e regulamentos aplic\u00e1veis \u200b\u200be concorda que \u00e9 respons\u00e1vel pelo cumprimento de todas as leis locais aplic\u00e1veis. Se voc\u00ea n\u00e3o concordar com algum desses termos, est\u00e1 proibido de usar ou acessar este site. Os materiais contidos [&hellip;]<\/p>","protected":false},"author":1,"featured_media":0,"parent":0,"menu_order":0,"comment_status":"closed","ping_status":"closed","template":"","meta":{"footnotes":""},"class_list":["post-179","page","type-page","status-publish","hentry"],"_links":{"self":[{"href":"https:\/\/dolartube.com\/fr\/wp-json\/wp\/v2\/pages\/179","targetHints":{"allow":["GET"]}}],"collection":[{"href":"https:\/\/dolartube.com\/fr\/wp-json\/wp\/v2\/pages"}],"about":[{"href":"https:\/\/dolartube.com\/fr\/wp-json\/wp\/v2\/types\/page"}],"author":[{"embeddable":true,"href":"https:\/\/dolartube.com\/fr\/wp-json\/wp\/v2\/users\/1"}],"replies":[{"embeddable":true,"href":"https:\/\/dolartube.com\/fr\/wp-json\/wp\/v2\/comments?post=179"}],"version-history":[{"count":1,"href":"https:\/\/dolartube.com\/fr\/wp-json\/wp\/v2\/pages\/179\/revisions"}],"predecessor-version":[{"id":180,"href":"https:\/\/dolartube.com\/fr\/wp-json\/wp\/v2\/pages\/179\/revisions\/180"}],"wp:attachment":[{"href":"https:\/\/dolartube.com\/fr\/wp-json\/wp\/v2\/media?parent=179"}],"curies":[{"name":"wp","href":"https:\/\/api.w.org\/{rel}","templated":true}]}}