{"id":3968,"date":"2025-07-15T19:43:29","date_gmt":"2025-07-15T19:43:29","guid":{"rendered":"https:\/\/dolartube.com\/?page_id=3968"},"modified":"2025-07-29T13:10:04","modified_gmt":"2025-07-29T13:10:04","slug":"shorts_creator","status":"publish","type":"page","link":"https:\/\/dolartube.com\/es\/shorts_creator\/","title":{"rendered":"Creador de cortos Plus Master"},"content":{"rendered":"<div data-elementor-type=\"wp-page\" data-elementor-id=\"3968\" class=\"elementor elementor-3968\" data-elementor-post-type=\"page\">\n\t\t\t\t<div data-particle_enable=\"false\" data-particle-mobile-disabled=\"false\" class=\"elementor-element elementor-element-fde1eaf e-con-full e-flex e-con e-parent\" data-id=\"fde1eaf\" data-element_type=\"container\" data-e-type=\"container\">\n\t\t\t\t<div class=\"elementor-element elementor-element-6a0c66f elementor-widget elementor-widget-html\" data-id=\"6a0c66f\" data-element_type=\"widget\" data-e-type=\"widget\" data-widget_type=\"html.default\">\n\t\t\t\t<div class=\"elementor-widget-container\">\n\t\t\t\t\t<!DOCTYPE html>\r\n<html lang=\"pt-BR\">\r\n<head>\r\n    <meta charset=\"UTF-8\">\r\n    <meta name=\"viewport\" content=\"width=device-width, initial-scale=1.0\">\r\n    <title>Creador de cortos virales 4.0: La m\u00e1quina de videos virales<\/title>\r\n    <link rel=\"preconnect\" href=\"https:\/\/fonts.googleapis.com\">\r\n    <link rel=\"preconnect\" href=\"https:\/\/fonts.gstatic.com\" crossorigin>\r\n    <link href=\"https:\/\/fonts.googleapis.com\/css2?family=Poppins:wght@400;700;900&display=swap\" rel=\"stylesheet\">\r\n    <link rel=\"stylesheet\" href=\"https:\/\/cdnjs.cloudflare.com\/ajax\/libs\/font-awesome\/5.15.4\/css\/all.min.css\">\r\n    <style>\r\n        :root {\r\n            --primary-color: #6a11cb;\r\n            --secondary-color: #2575fc;\r\n            --cta-color: #28a745;\r\n            --cta-hover-color: #218838;\r\n            --text-color: #333;\r\n            --light-text-color: #fff;\r\n            --bg-color: #f4f7fc;\r\n        }\r\n\r\n        body {\r\n            font-family: 'Poppins', sans-serif;\r\n            line-height: 1.7;\r\n            margin: 0;\r\n            padding: 0;\r\n            background-color: var(--bg-color);\r\n            color: var(--text-color);\r\n        }\r\n\r\n        .container {\r\n            width: 90%;\r\n            max-width: 1100px;\r\n            margin: auto;\r\n            padding: 20px 0;\r\n        }\r\n\r\n        \/* --- Se\u00e7\u00e3o Her\u00f3i --- *\/\r\n        .hero {\r\n            background: linear-gradient(135deg, var(--primary-color), var(--secondary-color));\r\n            color: var(--light-text-color);\r\n            padding: 60px 20px 80px 20px;\r\n            text-align: center;\r\n        }\r\n        .hero h1 {\r\n            font-size: 3.5rem;\r\n            margin-bottom: 15px;\r\n            font-weight: 900;\r\n            text-shadow: 2px 2px 4px rgba(0,0,0,0.2);\r\n        }\r\n        .hero .subtitle {\r\n            font-size: 1.3rem;\r\n            max-width: 700px;\r\n            margin: 0 auto 30px auto;\r\n        }\r\n        .video-container {\r\n            max-width: 800px;\r\n            margin: 40px auto;\r\n            box-shadow: 0 10px 30px rgba(0,0,0,0.3);\r\n            border-radius: 15px;\r\n            overflow: hidden;\r\n            position: relative;\r\n            padding-top: 56.25%; \/* Propor\u00e7\u00e3o 16:9 *\/\r\n        }\r\n        .video-container iframe {\r\n            position: absolute;\r\n            top: 0;\r\n            left: 0;\r\n            width: 100%;\r\n            height: 100%;\r\n            border: 0;\r\n        }\r\n        \r\n        .cta-button {\r\n            display: inline-block;\r\n            background: var(--cta-color);\r\n            color: var(--light-text-color);\r\n            padding: 20px 40px;\r\n            text-decoration: none;\r\n            border-radius: 50px;\r\n            font-size: 1.5rem;\r\n            font-weight: 700;\r\n            text-transform: uppercase;\r\n            box-shadow: 0 5px 15px rgba(0,0,0,0.2);\r\n            transition: transform 0.2s ease, background-color 0.2s ease;\r\n            margin-top: 30px;\r\n        }\r\n        .cta-button:hover {\r\n            background: var(--cta-hover-color);\r\n            transform: scale(1.05);\r\n        }\r\n\r\n        \/* --- Se\u00e7\u00f5es Gerais --- *\/\r\n        .section {\r\n            padding: 60px 20px;\r\n            text-align: center;\r\n        }\r\n        .section-title {\r\n            font-size: 2.5rem;\r\n            font-weight: 700;\r\n            margin-bottom: 40px;\r\n            position: relative;\r\n        }\r\n        .section-title::after {\r\n            content: '';\r\n            width: 80px;\r\n            height: 4px;\r\n            background: var(--primary-color);\r\n            position: absolute;\r\n            bottom: -10px;\r\n            left: 50%;\r\n            transform: translateX(-50%);\r\n            border-radius: 2px;\r\n        }\r\n\r\n        \/* --- Se\u00e7\u00e3o de Dores --- *\/\r\n        .pain-points {\r\n            display: flex;\r\n            justify-content: space-around;\r\n            flex-wrap: wrap;\r\n            gap: 20px;\r\n        }\r\n        .pain-point {\r\n            background: #fff;\r\n            padding: 25px;\r\n            border-radius: 10px;\r\n            box-shadow: 0 4px 20px rgba(0,0,0,0.08);\r\n            width: 220px;\r\n            transition: transform 0.2s;\r\n        }\r\n        .pain-point:hover {\r\n            transform: translateY(-10px);\r\n        }\r\n        .pain-point i {\r\n            font-size: 2.5rem;\r\n            color: var(--primary-color);\r\n            margin-bottom: 15px;\r\n        }\r\n\r\n        \/* --- Se\u00e7\u00e3o de Benef\u00edcios --- *\/\r\n        .features-grid {\r\n            display: grid;\r\n            grid-template-columns: repeat(auto-fit, minmax(300px, 1fr));\r\n            gap: 30px;\r\n            text-align: left;\r\n        }\r\n        .feature-card {\r\n            background: #fff;\r\n            padding: 30px;\r\n            border-radius: 10px;\r\n            box-shadow: 0 4px 20px rgba(0,0,0,0.08);\r\n            border-top: 5px solid var(--secondary-color);\r\n        }\r\n        .feature-card h3 {\r\n            font-size: 1.5rem;\r\n            color: var(--primary-color);\r\n            margin-top: 0;\r\n        }\r\n        .feature-card i {\r\n            margin-right: 10px;\r\n            color: var(--secondary-color);\r\n        }\r\n        \r\n        \/* --- Se\u00e7\u00e3o da Oferta (Stack) --- *\/\r\n        .offer-stack {\r\n            background: #fff;\r\n            padding: 40px;\r\n            border-radius: 15px;\r\n            box-shadow: 0 10px 30px rgba(0,0,0,0.1);\r\n            max-width: 800px;\r\n            margin: 0 auto;\r\n        }\r\n        .offer-item {\r\n            display: flex;\r\n            justify-content: space-between;\r\n            align-items: center;\r\n            padding: 15px 0;\r\n            border-bottom: 1px dashed #ccc;\r\n            font-size: 1.1rem;\r\n        }\r\n        .offer-item:last-child {\r\n            border-bottom: none;\r\n        }\r\n        .item-value {\r\n            font-weight: 700;\r\n            color: #777;\r\n            text-decoration: line-through;\r\n        }\r\n        .total-value {\r\n            text-align: right;\r\n            margin-top: 20px;\r\n            font-size: 1.2rem;\r\n        }\r\n        .final-price {\r\n            font-size: 3rem;\r\n            font-weight: 900;\r\n            color: var(--cta-color);\r\n            margin: 20px 0;\r\n        }\r\n        \r\n        \/* --- FAQ --- *\/\r\n        .faq-item {\r\n            background: #fff;\r\n            margin-bottom: 10px;\r\n            padding: 20px;\r\n            border-radius: 5px;\r\n            text-align: left;\r\n        }\r\n        .faq-item summary {\r\n            font-weight: 700;\r\n            cursor: pointer;\r\n            list-style: none; \/* Remove a seta padr\u00e3o *\/\r\n        }\r\n        .faq-item summary::-webkit-details-marker {\r\n            display: none;\r\n        }\r\n        \r\n        \/* --- Footer --- *\/\r\n        .footer {\r\n            background: #333;\r\n            color: #aaa;\r\n            padding: 40px 20px;\r\n            text-align: center;\r\n        }\r\n\r\n        @media (max-width: 768px) {\r\n            .hero h1 { font-size: 2.5rem; }\r\n            .hero .subtitle { font-size: 1.1rem; }\r\n            .section-title { font-size: 2rem; }\r\n            .cta-button { font-size: 1.2rem; padding: 15px 30px; }\r\n        }\r\n    <\/style>\r\n<\/head>\r\n<body>\r\n    \r\n    <header class=\"hero\">\r\n        <div class=\"container\">\r\n            <h1>\u00a1La m\u00e1quina de shorts virales que trabaja para ti!<\/h1>\r\n            <p class=\"subtitle\">Descubre c\u00f3mo convertir cualquier idea en v\u00eddeos cortos y adictivos en minutos, con 100% en piloto autom\u00e1tico. \u00a1Mira el v\u00eddeo y descubre el poder de la automatizaci\u00f3n!<\/p>\r\n            \r\n            <div class=\"video-container\">\r\n                <iframe width=\"560\" height=\"315\" src=\"https:\/\/www.youtube.com\/embed\/McxFxb_b4xA?si=MyLJBSYeLG2B_ANz\" title=\"Reproductor de v\u00eddeo de YouTube\" frameborder=\"0\" allow=\"accelerometer; autoplay; clipboard-write; encrypted-media; gyroscope; picture-in-picture; web-share\" referrerpolicy=\"strict-origin-when-cross-origin\" allowfullscreen><\/iframe>\r\n            <\/div>\r\n\r\n            <a href=\"https:\/\/pay.hotmart.com\/P100845896H?off=25wlu86v\" class=\"cta-button\">\u00a1QUIERO VOLVERME VIRAL AHORA!<\/a>\r\n        <\/div>\r\n    <\/header>\r\n\r\n    <main>\r\n        <section class=\"section\">\r\n            <div class=\"container\">\r\n                <h2 class=\"section-title\">\u00bfTe identificas con alguno de estos problemas?<\/h2>\r\n                <div class=\"pain-points\">\r\n                    <div class=\"pain-point\">\r\n                        <i class=\"fas fa-clock\"><\/i>\r\n                        <h4>Horas perdidas<\/h4>\r\n                        <p>\u00bfPasas m\u00e1s tiempo editando que creando?<\/p>\r\n                    <\/div>\r\n                    <div class=\"pain-point\">\r\n                        <i class=\"fas fa-lightbulb\"><\/i>\r\n                        <h4>Falta de ideas<\/h4>\r\n                        <p>\u00bfNo encuentras inspiraci\u00f3n para itinerarios atractivos?<\/p>\r\n                    <\/div>\r\n                    <div class=\"pain-point\">\r\n                        <i class=\"fas fa-dollar-sign\"><\/i>\r\n                        <h4>Altos costos<\/h4>\r\n                        <p>\u00bfLas herramientas costosas y los trabajadores aut\u00f3nomos pesan en tu bolsillo?<\/p>\r\n                    <\/div>\r\n                    <div class=\"pain-point\">\r\n                        <i class=\"fas fa-chart-line\"><\/i>\r\n                        <h4>Pocas vistas<\/h4>\r\n                        <p>\u00bfTus v\u00eddeos no llegan a la audiencia que deseas?<\/p>\r\n                    <\/div>\r\n                <\/div>\r\n            <\/div>\r\n        <\/section>\r\n\r\n        <section class=\"section\" style=\"background: #fff;\">\r\n            <div class=\"container\">\r\n                <h2 class=\"section-title\">Presentamos la soluci\u00f3n definitiva<\/h2>\r\n                <p style=\"max-width: 800px; margin: 0 auto 40px auto;\">EL <strong>Creador de cortos virales 4.0 MAESTRO<\/strong> Es la herramienta que te faltaba. No solo crea videos, sino que te conecta con millones de visualizaciones. Se acabaron el trabajo manual y la frustraci\u00f3n. Es hora de automatizar, viralizar y monetizar.\r\n<p>&nbsp;<\/p>\r\n<iframe width=\"560\" height=\"315\" src=\"https:\/\/www.youtube.com\/embed\/8opq1k2C5X4?si=0ZM-V4NBXAC4G_-E\" title=\"Reproductor de v\u00eddeo de YouTube\" frameborder=\"0\" allow=\"accelerometer; autoplay; clipboard-write; encrypted-media; gyroscope; picture-in-picture; web-share\" referrerpolicy=\"strict-origin-when-cross-origin\" allowfullscreen><\/iframe>\r\n<p>&nbsp;<\/p>\r\n<iframe width=\"560\" height=\"315\" src=\"https:\/\/www.youtube.com\/embed\/1c__DaKC-i0?si=Yrt6yk9ZquVPhc2t\" title=\"Reproductor de v\u00eddeo de YouTube\" frameborder=\"0\" allow=\"accelerometer; autoplay; clipboard-write; encrypted-media; gyroscope; picture-in-picture; web-share\" referrerpolicy=\"strict-origin-when-cross-origin\" allowfullscreen><\/iframe>\r\n<p>&nbsp;<\/p>\r\n<iframe width=\"560\" height=\"315\" src=\"https:\/\/www.youtube.com\/embed\/nf3noTOk39U?si=b-qIKxWm64tKzwCY\" title=\"Reproductor de v\u00eddeo de YouTube\" frameborder=\"0\" allow=\"accelerometer; autoplay; clipboard-write; encrypted-media; gyroscope; picture-in-picture; web-share\" referrerpolicy=\"strict-origin-when-cross-origin\" allowfullscreen><\/iframe>\r\n<\/p>\r\n                <div class=\"features-grid\">\r\n                    <div class=\"feature-card\">\r\n                        <h3><i class=\"fas fa-robot\"><\/i> Libertad creativa total<\/h3>\r\n                        <p>Con soporte para m\u00faltiples API (incluidas <strong>Qwen gratis<\/strong>), tienes control total sobre tus costos y calidad. \u00bfQuieres usar la mejor tecnolog\u00eda sin gastar un c\u00e9ntimo? \u00a1Puedes!<\/p>\r\n                    <\/div>\r\n                    <div class=\"feature-card\">\r\n                        <h3><i class=\"fas fa-image\"><\/i> Im\u00e1genes de cine, coste cero<\/h3>\r\n                        <p>Olv\u00eddate de los costosos bancos de im\u00e1genes. Nuestro sistema <strong>Polinizaciones<\/strong> Genera im\u00e1genes ilimitadas y de alta calidad basadas en tu script sin costo adicional.<\/p>\r\n                    <\/div>\r\n                    <div class=\"feature-card\">\r\n                        <h3><i class=\"fas fa-microphone-alt\"><\/i> Voces que cautivan y retienen<\/h3>\r\n                        <p>Usa narraciones con m\u00faltiples voces, acentos e idiomas. Crea di\u00e1logos din\u00e1micos que cautivan de principio a fin, aumentando dr\u00e1sticamente la retenci\u00f3n de tu video.<\/p>\r\n                    <\/div>\r\n                    <div class=\"feature-card\">\r\n                        <h3><i class=\"fas fa-bullhorn\"><\/i> Monetiza cada corto que crees<\/h3>\r\n                        <p>Con el recurso de <strong>CTA (Llamada a la acci\u00f3n)<\/strong> Con este video personalizado, puedes promocionar tus productos, servicios o enlaces de afiliado directamente. \u00a1Convierte las visualizaciones en ventas!<\/p>\r\n                    <\/div>\r\n                <\/div>\r\n            <\/div>\r\n        <\/section>\r\n\r\n        <section class=\"section\">\r\n             <div class=\"container\">\r\n                <h2 class=\"section-title\">Todo lo que tomas hoy<\/h2>\r\n                <div class=\"offer-stack\">\r\n                    <div class=\"offer-item\">\r\n                        <span>\u2705 <strong>Creador de cortos virales 4.0 MAESTRO<\/strong><\/span>\r\n                        <span class=\"item-value\">R$ 297,00<\/span>\r\n                    <\/div>\r\n                    <div class=\"offer-item\">\r\n                        <span>\ud83c\udf81 <strong>Bono #1:<\/strong> Generador de im\u00e1genes ilimitado (Polinaciones)<\/span>\r\n                        <span class=\"item-value\">R$ 197,00<\/span>\r\n                    <\/div>\r\n                    <div class=\"offer-item\">\r\n                        <span>\ud83c\udf81 <strong>Bono #2:<\/strong> Paquete de m\u00fasica de fondo viral<\/span>\r\n                        <span class=\"item-value\">R$ 97.00<\/span>\r\n                    <\/div>\r\n                    <div class=\"offer-item\">\r\n                        <span>\ud83c\udf81 <strong>Bono #3:<\/strong> Paquete de efectos de sonido persuasivos<\/span>\r\n                        <span class=\"item-value\">R$ 97.00<\/span>\r\n                    <\/div>\r\n                    <div class=\"total-value\">\r\n                        <p>Valor total: <span style=\"text-decoration: line-through;\">R$ 688.00<\/span><\/p>\r\n                    <\/div>\r\n                    <p style=\"text-align: center;\">Cons\u00edguelo todo hoy por s\u00f3lo:<\/p>\r\n                    <h3 class=\"final-price\">12x de R$ 15.20 <br> <span style=\"font-size: 1.5rem; font-weight: 400;\">o R$ 147,00 en efectivo<\/span><\/h3>\r\n                    <div style=\"text-align: center;\">\r\n                        <a href=\"https:\/\/pay.hotmart.com\/P100845896H?off=25wlu86v\" class=\"cta-button\">\u00a1COMPRE AHORA CON DESCUENTO!<\/a>\r\n                        <p style=\"margin-top: 15px;\"><i class=\"fas fa-shield-alt\"><\/i> Compra segura de 100% con garant\u00eda de 7 d\u00edas.<\/p>\r\n                    <\/div>\r\n                <\/div>\r\n            <\/div>\r\n        <\/section>\r\n        \r\n        <section class=\"section\" style=\"background: #fff;\">\r\n            <div class=\"container\">\r\n                <h2 class=\"section-title\">Preguntas frecuentes (FAQ)<\/h2>\r\n                <details class=\"faq-item\">\r\n                    <summary>\u00bfEs un pago \u00fanico o una tarifa mensual?<\/summary>\r\n                    <p style=\"margin-top: 10px;\">\u00a1Pago anual! Compras el software y es tuyo por un a\u00f1o, incluyendo futuras actualizaciones a la versi\u00f3n 4.0.<\/p>\r\n                <\/details>\r\n                 <details class=\"faq-item\">\r\n                    <summary>\u00bfNecesito conocimientos t\u00e9cnicos?<\/summary>\r\n                    <p style=\"margin-top: 10px;\">\u00a1No! La herramienta fue dise\u00f1ada para ser extremadamente f\u00e1cil de usar. Si sabes copiar y pegar, solo necesitas las claves API. Hay un tutorial que te ense\u00f1a c\u00f3mo hacerlo y listo. Ofrecemos videotutoriales para la configuraci\u00f3n inicial de la API.<\/p>\r\n                <\/details>\r\n                <details class=\"faq-item\">\r\n                    <summary>\u00bfFunciona en mi computadora?<\/summary>\r\n                    <p style=\"margin-top: 10px;\">El software est\u00e1 optimizado para Windows 11 de 64 bits y probablemente tambi\u00e9n funcione correctamente en Windows 10. Se ha probado en ordenadores con procesadores Intel y tarjetas gr\u00e1ficas NVIDIA, e incluye correcciones para mejorar la compatibilidad con AMD.<\/p>\r\n                <\/details>\r\n                 <details class=\"faq-item\">\r\n                    <summary>\u00bfC\u00f3mo puedo acceder al software?<\/summary>\r\n                    <p style=\"margin-top: 10px;\">Inmediatamente despu\u00e9s de la confirmaci\u00f3n del pago, recibir\u00e1s un correo electr\u00f3nico con instrucciones para descargar el software dentro de nuestro panel de herramientas Like Points y all\u00ed tendr\u00e1s tu n\u00famero de serie exclusivo en la plataforma Like Points (Gato Coins).<\/p>\r\n                <\/details>\r\n            <\/div>\r\n        <\/section>\r\n\r\n    <\/main>\r\n\r\n    <footer class=\"footer\">\r\n        <div class=\"container\">\r\n            <p><strong>Aviso legal:<\/strong> Este producto es una herramienta que facilita la creaci\u00f3n de contenido. Los resultados de audiencia y monetizaci\u00f3n dependen de m\u00faltiples factores, como el nicho, la consistencia y las estrategias de marketing, y no est\u00e1n garantizados.<\/p>\r\n            <p>\u00a9 2025 Viral Shorts Creator - Todos los derechos reservados.<\/p>\r\n        <\/div>\r\n    <\/footer>\r\n\r\n<\/body>\r\n<\/html>\t\t\t\t<\/div>\n\t\t\t\t<\/div>\n\t\t\t\t<\/div>\n\t\t\t\t<\/div>","protected":false},"excerpt":{"rendered":"<p>Viral Shorts Creator 4.0 &#8211; A M\u00e1quina de V\u00eddeos Virais A M\u00e1quina de Criar Shorts Virais que Trabalha por Voc\u00ea! Descubra como transformar qualquer ideia em v\u00eddeos curtos e viciantes em minutos, 100% no autom\u00e1tico. Assista ao v\u00eddeo e veja o poder da automa\u00e7\u00e3o! QUERO VIRALIZAR AGORA! Voc\u00ea se identifica com algum destes problemas? Horas [&hellip;]<\/p>","protected":false},"author":1,"featured_media":0,"parent":0,"menu_order":0,"comment_status":"closed","ping_status":"closed","template":"elementor_canvas","meta":{"footnotes":""},"class_list":["post-3968","page","type-page","status-publish","hentry"],"_links":{"self":[{"href":"https:\/\/dolartube.com\/es\/wp-json\/wp\/v2\/pages\/3968","targetHints":{"allow":["GET"]}}],"collection":[{"href":"https:\/\/dolartube.com\/es\/wp-json\/wp\/v2\/pages"}],"about":[{"href":"https:\/\/dolartube.com\/es\/wp-json\/wp\/v2\/types\/page"}],"author":[{"embeddable":true,"href":"https:\/\/dolartube.com\/es\/wp-json\/wp\/v2\/users\/1"}],"replies":[{"embeddable":true,"href":"https:\/\/dolartube.com\/es\/wp-json\/wp\/v2\/comments?post=3968"}],"version-history":[{"count":26,"href":"https:\/\/dolartube.com\/es\/wp-json\/wp\/v2\/pages\/3968\/revisions"}],"predecessor-version":[{"id":4134,"href":"https:\/\/dolartube.com\/es\/wp-json\/wp\/v2\/pages\/3968\/revisions\/4134"}],"wp:attachment":[{"href":"https:\/\/dolartube.com\/es\/wp-json\/wp\/v2\/media?parent=3968"}],"curies":[{"name":"wp","href":"https:\/\/api.w.org\/{rel}","templated":true}]}}