{"id":183,"date":"2024-12-12T17:53:57","date_gmt":"2024-12-12T17:53:57","guid":{"rendered":"https:\/\/dolartube.com\/?page_id=183"},"modified":"2024-12-12T17:53:57","modified_gmt":"2024-12-12T17:53:57","slug":"contato","status":"publish","type":"page","link":"https:\/\/dolartube.com\/es\/contato\/","title":{"rendered":"Contacto"},"content":{"rendered":"<p><strong>P\u00e1gina de contacto<\/strong><\/p>\n<p>Si tiene alguna pregunta, sugerencia o desea saber m\u00e1s sobre nuestros productos y servicios, \u00a1cont\u00e1ctenos! Estamos listos para ayudarle y garantizarle la mejor experiencia posible.<\/p>\n<h3>M\u00e9todos de contacto:<\/h3>\n<p><strong>\ud83d\udce7 Correo electr\u00f3nico: eriveltoncgui2017@gmail.com<\/strong><br \/>\n<strong>\ud83d\udcde Tel\u00e9fono:<\/strong> +55 (35) 9 9965-3990<br \/>\n<strong>\ud83d\udcf1WhatsApp:<\/strong> Haga clic en el siguiente enlace para hablar con nosotros directamente por WhatsApp:<\/p>\n<p><a href=\"https:\/\/wa.me\/5535999653990\"><strong>Llamar por WhatsApp<\/strong><\/a><\/p>\n<p>Nuestro servicio de atenci\u00f3n al cliente est\u00e1 disponible de lunes a viernes, de 9:00 a 18:00 (hora de Brasilia). Si nos contacta fuera de nuestro horario de atenci\u00f3n, le responderemos lo antes posible.<\/p>\n<p>\u00a1Esperamos saber de usted!<\/p>","protected":false},"excerpt":{"rendered":"<p>P\u00e1gina de Contato Se voc\u00ea tem d\u00favidas, sugest\u00f5es ou gostaria de saber mais sobre nossos produtos e servi\u00e7os, entre em contato conosco! Estamos prontos para ajudar e garantir que voc\u00ea tenha a melhor experi\u00eancia poss\u00edvel. Formas de contato: \ud83d\udce7 E-mail: eriveltoncgui2017@gmail.com \ud83d\udcde Telefone: +55 (35) 9 9965-3990 \ud83d\udcf1 WhatsApp: Clique no link abaixo para falar [&hellip;]<\/p>","protected":false},"author":1,"featured_media":0,"parent":0,"menu_order":0,"comment_status":"closed","ping_status":"closed","template":"","meta":{"footnotes":""},"class_list":["post-183","page","type-page","status-publish","hentry"],"_links":{"self":[{"href":"https:\/\/dolartube.com\/es\/wp-json\/wp\/v2\/pages\/183","targetHints":{"allow":["GET"]}}],"collection":[{"href":"https:\/\/dolartube.com\/es\/wp-json\/wp\/v2\/pages"}],"about":[{"href":"https:\/\/dolartube.com\/es\/wp-json\/wp\/v2\/types\/page"}],"author":[{"embeddable":true,"href":"https:\/\/dolartube.com\/es\/wp-json\/wp\/v2\/users\/1"}],"replies":[{"embeddable":true,"href":"https:\/\/dolartube.com\/es\/wp-json\/wp\/v2\/comments?post=183"}],"version-history":[{"count":1,"href":"https:\/\/dolartube.com\/es\/wp-json\/wp\/v2\/pages\/183\/revisions"}],"predecessor-version":[{"id":185,"href":"https:\/\/dolartube.com\/es\/wp-json\/wp\/v2\/pages\/183\/revisions\/185"}],"wp:attachment":[{"href":"https:\/\/dolartube.com\/es\/wp-json\/wp\/v2\/media?parent=183"}],"curies":[{"name":"wp","href":"https:\/\/api.w.org\/{rel}","templated":true}]}}