{"id":181,"date":"2024-12-12T17:50:22","date_gmt":"2024-12-12T17:50:22","guid":{"rendered":"https:\/\/dolartube.com\/?page_id=181"},"modified":"2024-12-12T17:50:31","modified_gmt":"2024-12-12T17:50:31","slug":"sobre","status":"publish","type":"page","link":"https:\/\/dolartube.com\/es\/sobre\/","title":{"rendered":"Sobre nosotros"},"content":{"rendered":"<p><strong>Sobre nosotros \u2013 Descubra el poder del Dollar Tube y los puntos Like<\/strong><\/p>\n<p>Bienvenido a <strong>Puntos de Me Gusta<\/strong>, la plataforma que convierte lo imposible en realidad en el mundo digital. Aqu\u00ed creemos que cualquier persona, con la estrategia adecuada y las herramientas adecuadas, puede lograr la independencia financiera en Internet y obtener resultados reales. No importa si empiezas desde cero o ya tienes experiencia: aqu\u00ed es donde ocurre la magia.<\/p>\n<h3><strong>Nuestra misi\u00f3n<\/strong><\/h3>\n<p>Nuestra misi\u00f3n es clara: brindarte conocimiento pr\u00e1ctico, herramientas exclusivas y trucos innovadores que te lleven directo al \u00e9xito. Sabemos que el mundo online est\u00e1 lleno de promesas vac\u00edas, pero en Like Points aprendes el \u201cc\u00f3mo\u201d y el \u201cpor qu\u00e9\u201d de cada paso antes de ponerlo en pr\u00e1ctica. No hay teor\u00edas sueltas ni trucos sin fundamento: s\u00f3lo estrategias probadas y verdaderas.<\/p>\n<h3><strong>Lo que nos hace \u00fanicos<\/strong><\/h3>\n<ul>\n<li><strong>Sin gastos, solo ganancias:<\/strong> Aqu\u00ed aprender\u00e1s m\u00e9todos que no requieren ninguna inversi\u00f3n inicial. Todo lo que necesitas es el conocimiento y las herramientas que te proporcionamos para empezar a obtener ganancias.<\/li>\n<li><strong>Resultados comprobados:<\/strong> Con m\u00e1s de 4 a\u00f1os de historia y miles de canales apalancados, nuestra metodolog\u00eda se actualiza constantemente para estar al d\u00eda con lo que realmente funciona.<\/li>\n<li><strong>Automatizaci\u00f3n e inteligencia:<\/strong> Herramientas como <em>Herramientas oscuras<\/em> y el <em>Extracto de SEO<\/em> Te ponemos por delante de la competencia, optimizando procesos y ahorrando tiempo.<\/li>\n<li><strong>Red social exclusiva:<\/strong> Una comunidad interna de creadores que comparten experiencias, consejos y conocimientos valiosos para que puedas aprender de aquellos que ya han tenido \u00e9xito.<\/li>\n<li><strong>Sin necesidad de comparecer:<\/strong> Nuestras soluciones son ideales para quienes buscan lucrar sin exponer su identidad, con narradores humanizados y recursos de creaci\u00f3n an\u00f3nimos.<\/li>\n<\/ul>\n<h3><strong>Lo que encuentras aqu\u00ed<\/strong><\/h3>\n<ol>\n<li><strong>Cursos completos y paso a paso:<\/strong> Aprende a crear y profesionalizar un canal de YouTube, incluso si eres un principiante absoluto.<\/li>\n<li><strong>Herramientas exclusivas:<\/strong>\n<ul>\n<li>Creaci\u00f3n de t\u00edtulos, miniaturas y guiones con inteligencia artificial.<\/li>\n<li>Cambio de tama\u00f1o de im\u00e1genes en masa.<\/li>\n<li>Extractor SEO para v\u00eddeos de la competencia.<\/li>\n<\/ul>\n<\/li>\n<li><strong>M\u00e1xima productividad:<\/strong> Software para organizar proyectos, automatizar procesos y facilitar la creaci\u00f3n de contenidos de forma intuitiva.<\/li>\n<li><strong>Inteligencia artificial de pr\u00f3xima generaci\u00f3n:<\/strong> Descubra las IA que est\u00e1n revolucionando la producci\u00f3n de contenidos digitales y aprenda a utilizarlas para generar resultados concretos.<\/li>\n<\/ol>\n<h3><strong>\u00bfPor qu\u00e9 elegir Like Points?<\/strong><\/h3>\n<p>Ofrecemos m\u00e1s que herramientas: ofrecemos la oportunidad de cambiar tu vida. Nuestro enfoque pr\u00e1ctico y directo garantiza que aproveche al m\u00e1ximo las plataformas digitales. Ya sea creando canales oscuros, descubriendo nichos rentables o simplemente perfeccionando su estrategia, siempre estar\u00e1 un paso adelante.<\/p>\n<p><strong>\u00bfEst\u00e1s listo para comenzar tu viaje hacia el \u00e9xito? Like Points es tu base para construir el futuro que te mereces.<\/strong><\/p>","protected":false},"excerpt":{"rendered":"<p>Sobre N\u00f3s \u2013 Descubra o Poder do D\u00f3lar Tube &amp; Like points Bem-vindo ao Like Points, a plataforma que transforma o imposs\u00edvel em realidade no mundo digital. Aqui, acreditamos que qualquer pessoa, com a estrat\u00e9gia certa e as ferramentas adequadas, pode conquistar independ\u00eancia financeira na internet e alcan\u00e7ar resultados reais. N\u00e3o importa se voc\u00ea est\u00e1 [&hellip;]<\/p>","protected":false},"author":1,"featured_media":0,"parent":0,"menu_order":0,"comment_status":"closed","ping_status":"closed","template":"","meta":{"footnotes":""},"class_list":["post-181","page","type-page","status-publish","hentry"],"_links":{"self":[{"href":"https:\/\/dolartube.com\/es\/wp-json\/wp\/v2\/pages\/181","targetHints":{"allow":["GET"]}}],"collection":[{"href":"https:\/\/dolartube.com\/es\/wp-json\/wp\/v2\/pages"}],"about":[{"href":"https:\/\/dolartube.com\/es\/wp-json\/wp\/v2\/types\/page"}],"author":[{"embeddable":true,"href":"https:\/\/dolartube.com\/es\/wp-json\/wp\/v2\/users\/1"}],"replies":[{"embeddable":true,"href":"https:\/\/dolartube.com\/es\/wp-json\/wp\/v2\/comments?post=181"}],"version-history":[{"count":1,"href":"https:\/\/dolartube.com\/es\/wp-json\/wp\/v2\/pages\/181\/revisions"}],"predecessor-version":[{"id":182,"href":"https:\/\/dolartube.com\/es\/wp-json\/wp\/v2\/pages\/181\/revisions\/182"}],"wp:attachment":[{"href":"https:\/\/dolartube.com\/es\/wp-json\/wp\/v2\/media?parent=181"}],"curies":[{"name":"wp","href":"https:\/\/api.w.org\/{rel}","templated":true}]}}