{"id":179,"date":"2024-12-12T17:48:37","date_gmt":"2024-12-12T17:48:37","guid":{"rendered":"https:\/\/dolartube.com\/?page_id=179"},"modified":"2024-12-12T17:48:43","modified_gmt":"2024-12-12T17:48:43","slug":"termos","status":"publish","type":"page","link":"https:\/\/dolartube.com\/es\/termos\/","title":{"rendered":"Condiciones de uso"},"content":{"rendered":"<h2><span style=\"color: rgb(68, 68, 68);\">1. Condiciones<\/span><\/h2>\n<p><span style=\"color: rgb(68, 68, 68);\">Al acceder al sitio web <a href=\"https:\/\/dolartube.com\/es\/\">D\u00f3lar estadounidense de tubo de monetizaci\u00f3n<\/a>, usted acepta cumplir con estos t\u00e9rminos de servicio, todas las leyes y regulaciones aplicables, y acepta que es responsable del cumplimiento de todas las leyes locales aplicables. Si no est\u00e1 de acuerdo con alguno de estos t\u00e9rminos, se le proh\u00edbe utilizar o acceder a este sitio. Los materiales contenidos en este sitio web est\u00e1n protegidos por las leyes de derechos de autor y marcas registradas aplicables.<\/span><\/p>\n<h2><span style=\"color: rgb(68, 68, 68);\">2. Licencia de uso<\/span><\/h2>\n<p><span style=\"color: rgb(68, 68, 68);\">Se concede permiso para descargar temporalmente una copia de los materiales (informaci\u00f3n o software) del sitio web de Dolar Tube Monetiza\u00e7\u00e3o Americana \u00fanicamente para visualizaci\u00f3n transitoria personal y no comercial. Esta es la concesi\u00f3n de una licencia, no una transferencia de t\u00edtulo, y bajo esta licencia usted no puede:&nbsp;<\/span><\/p>\n<ol>\n<li><span style=\"color: rgb(68, 68, 68);\">modificar o copiar los materiales;&nbsp;<\/span><\/li>\n<li><span style=\"color: rgb(68, 68, 68);\">utilizar los materiales para cualquier prop\u00f3sito comercial o para cualquier exhibici\u00f3n p\u00fablica (comercial o no comercial);&nbsp;<\/span><\/li>\n<li><span style=\"color: rgb(68, 68, 68);\">intentar descompilar o realizar ingenier\u00eda inversa a cualquier software contenido en el sitio web de Dolar Tube Monetiza\u00e7\u00e3o Americana;&nbsp;<\/span><\/li>\n<li><span style=\"color: rgb(68, 68, 68);\">eliminar cualquier copyright u otras notaciones de propiedad de los materiales; o&nbsp;<\/span><\/li>\n<li><span style=\"color: rgb(68, 68, 68);\">transferir los materiales a otra persona o &#039;duplicar&#039; los materiales en cualquier otro servidor.<\/span><\/li>\n<\/ol>\n<p><span style=\"color: rgb(68, 68, 68);\">Esta licencia terminar\u00e1 autom\u00e1ticamente si usted viola cualquiera de estas restricciones y Dolar Tube Monetiza\u00e7\u00e3o Americana podr\u00e1 rescindirla en cualquier momento. Al finalizar la visualizaci\u00f3n de estos materiales o al finalizar esta licencia, deber\u00e1 destruir cualquier material descargado que se encuentre en su posesi\u00f3n, ya sea en formato electr\u00f3nico o impreso.<\/span><\/p>\n<h2><span style=\"color: rgb(68, 68, 68);\">3. Descargo de responsabilidad<\/span><\/h2>\n<ol>\n<li><span style=\"color: rgb(68, 68, 68);\">Los materiales del sitio web de Dolar Tube Monetiza\u00e7\u00e3o Americana se proporcionan &quot;tal cual&quot;. Dolar Tube Monetiza\u00e7\u00e3o Americana no ofrece garant\u00edas, expresas o impl\u00edcitas, y por la presente renuncia y niega todas las dem\u00e1s garant\u00edas, incluidas, entre otras, las garant\u00edas o condiciones impl\u00edcitas de comerciabilidad, idoneidad para un prop\u00f3sito particular o no infracci\u00f3n de la propiedad intelectual u otra violaci\u00f3n de derechos.<\/span><\/li>\n<li><span style=\"color: rgb(68, 68, 68);\">Adem\u00e1s, Dolar Tube Monetiza\u00e7\u00e3o Americana no garantiza ni hace ninguna declaraci\u00f3n sobre la precisi\u00f3n, los resultados probables o la confiabilidad del uso de los materiales en su sitio web o de otro modo relacionados con dichos materiales o en cualquier sitio vinculado a este sitio.<\/span><\/li>\n<\/ol>\n<h2><span style=\"color: rgb(68, 68, 68);\">4. Limitaciones<\/span><\/h2>\n<p><span style=\"color: rgb(68, 68, 68);\">En ning\u00fan caso Dolar Tube Monetiza\u00e7\u00e3o Americana o sus proveedores ser\u00e1n responsables por da\u00f1os de ning\u00fan tipo (incluyendo, sin limitaci\u00f3n, da\u00f1os por p\u00e9rdida de datos o ganancias, o debido a la interrupci\u00f3n del negocio) que surjan del uso o la imposibilidad de usar los materiales en el sitio de Internet de Dolar Tube Monetiza\u00e7\u00e3o Americana, incluso si Dolar Tube Monetiza\u00e7\u00e3o Americana o un representante autorizado de Dolar Tube Monetiza\u00e7\u00e3o Americana ha sido notificado oralmente o por escrito de la posibilidad de tal da\u00f1o. Debido a que algunas jurisdicciones no permiten limitaciones en las garant\u00edas impl\u00edcitas o limitaciones de responsabilidad por da\u00f1os consecuentes o incidentales, estas limitaciones pueden no aplicarse en su caso.<\/span><\/p>\n<h2><span style=\"color: rgb(68, 68, 68);\">5. Precisi\u00f3n de los materiales<\/span><\/h2>\n<p><span style=\"color: rgb(68, 68, 68);\">Los materiales mostrados en el sitio web de Dolar Tube Monetiza\u00e7\u00e3o Americana pueden incluir errores t\u00e9cnicos, tipogr\u00e1ficos o fotogr\u00e1ficos. Dolar Tube Monetiza\u00e7\u00e3o Americana no garantiza que ning\u00fan material en su sitio web sea preciso, completo o actual. Dolar Tube Monetiza\u00e7\u00e3o Americana puede realizar cambios en los materiales contenidos en su sitio web en cualquier momento sin previo aviso. Sin embargo, Dolar Tube Monetiza\u00e7\u00e3o Americana no se compromete a actualizar los materiales.<\/span><\/p>\n<h2><span style=\"color: rgb(68, 68, 68);\">6. Enlaces<\/span><\/h2>\n<p><span style=\"color: rgb(68, 68, 68);\">Dolar Tube Monetiza\u00e7\u00e3o Americana no ha revisado todos los sitios vinculados a su sitio web y no es responsable por el contenido de ninguno de dichos sitios vinculados. La inclusi\u00f3n de cualquier v\u00ednculo no implica aprobaci\u00f3n del sitio por parte de Dolar Tube Monetiza\u00e7\u00e3o Americana. El uso de cualquier sitio web vinculado se realiza por cuenta y riesgo del usuario.<\/span><\/p>\n<p><\/p>\n<h3><span style=\"color: rgb(68, 68, 68);\">Modificaciones<\/span><\/h3>\n<p><span style=\"color: rgb(68, 68, 68);\">Dolar Tube Monetiza\u00e7\u00e3o Americana puede revisar estos t\u00e9rminos de servicio de su sitio web en cualquier momento sin previo aviso. Al utilizar este sitio web, usted acepta estar sujeto a la versi\u00f3n vigente en ese momento de estos t\u00e9rminos de servicio.<\/span><\/p>\n<h3><span style=\"color: rgb(68, 68, 68);\">Ley aplicable<\/span><\/h3>\n<p><span style=\"color: rgb(68, 68, 68);\">Estos t\u00e9rminos y condiciones se rigen e interpretan de conformidad con las leyes de Dolar Tube Monetiza\u00e7\u00e3o Americana y usted se somete irrevocablemente a la jurisdicci\u00f3n exclusiva de los tribunales de ese estado o ubicaci\u00f3n.<\/span><\/p>","protected":false},"excerpt":{"rendered":"<p>1. Termos Ao acessar ao site Dolar Tube Monetiza\u00e7\u00e3o Americana, concorda em cumprir estes termos de servi\u00e7o, todas as leis e regulamentos aplic\u00e1veis \u200b\u200be concorda que \u00e9 respons\u00e1vel pelo cumprimento de todas as leis locais aplic\u00e1veis. Se voc\u00ea n\u00e3o concordar com algum desses termos, est\u00e1 proibido de usar ou acessar este site. Os materiais contidos [&hellip;]<\/p>","protected":false},"author":1,"featured_media":0,"parent":0,"menu_order":0,"comment_status":"closed","ping_status":"closed","template":"","meta":{"footnotes":""},"class_list":["post-179","page","type-page","status-publish","hentry"],"_links":{"self":[{"href":"https:\/\/dolartube.com\/es\/wp-json\/wp\/v2\/pages\/179","targetHints":{"allow":["GET"]}}],"collection":[{"href":"https:\/\/dolartube.com\/es\/wp-json\/wp\/v2\/pages"}],"about":[{"href":"https:\/\/dolartube.com\/es\/wp-json\/wp\/v2\/types\/page"}],"author":[{"embeddable":true,"href":"https:\/\/dolartube.com\/es\/wp-json\/wp\/v2\/users\/1"}],"replies":[{"embeddable":true,"href":"https:\/\/dolartube.com\/es\/wp-json\/wp\/v2\/comments?post=179"}],"version-history":[{"count":1,"href":"https:\/\/dolartube.com\/es\/wp-json\/wp\/v2\/pages\/179\/revisions"}],"predecessor-version":[{"id":180,"href":"https:\/\/dolartube.com\/es\/wp-json\/wp\/v2\/pages\/179\/revisions\/180"}],"wp:attachment":[{"href":"https:\/\/dolartube.com\/es\/wp-json\/wp\/v2\/media?parent=179"}],"curies":[{"name":"wp","href":"https:\/\/api.w.org\/{rel}","templated":true}]}}