{"id":1671,"date":"2025-04-29T16:21:54","date_gmt":"2025-04-29T16:21:54","guid":{"rendered":"https:\/\/dolartube.com\/?page_id=1671"},"modified":"2025-04-29T16:24:45","modified_gmt":"2025-04-29T16:24:45","slug":"ia-que-faz-ghibli-infinito","status":"publish","type":"page","link":"https:\/\/dolartube.com\/es\/ia-que-faz-ghibli-infinito\/","title":{"rendered":"Har\u00eda ghibli infinitos"},"content":{"rendered":"<div data-elementor-type=\"wp-page\" data-elementor-id=\"1671\" class=\"elementor elementor-1671\" data-elementor-post-type=\"page\">\n\t\t\t\t<div data-particle_enable=\"false\" data-particle-mobile-disabled=\"false\" class=\"elementor-element elementor-element-6ee51c60 e-flex e-con-boxed e-con e-parent\" data-id=\"6ee51c60\" data-element_type=\"container\">\n\t\t\t\t\t<div class=\"e-con-inner\">\n\t\t\t\t<div class=\"elementor-element elementor-element-4a317d8c elementor-widget elementor-widget-heading\" data-id=\"4a317d8c\" data-element_type=\"widget\" data-widget_type=\"heading.default\">\n\t\t\t\t<div class=\"elementor-widget-container\">\n\t\t\t\t\t<h2 class=\"elementor-heading-title elementor-size-default\">Te dej\u00e9 el enlace a continuaci\u00f3n. <span style='background-color:orangered'>Antes de ir Mira el video de automatizaci\u00f3n a continuaci\u00f3n<\/span>  No tienes idea de cu\u00e1nto puede generar esto en d\u00f3lares con solo 1 clic.<\/h2>\t\t\t\t<\/div>\n\t\t\t\t<\/div>\n\t\t\t\t\t<\/div>\n\t\t\t\t<\/div>\n\t\t<div data-particle_enable=\"false\" data-particle-mobile-disabled=\"false\" class=\"elementor-element elementor-element-2cf3c7a0 e-flex e-con-boxed e-con e-parent\" data-id=\"2cf3c7a0\" data-element_type=\"container\">\n\t\t\t\t\t<div class=\"e-con-inner\">\n\t\t<div data-particle_enable=\"false\" data-particle-mobile-disabled=\"false\" class=\"elementor-element elementor-element-4aeb73fa e-con-full e-flex e-con e-child\" data-id=\"4aeb73fa\" data-element_type=\"container\">\n\t\t\t\t<div class=\"elementor-element elementor-element-340a578a elementor-widget elementor-widget-video\" data-id=\"340a578a\" data-element_type=\"widget\" data-settings=\"{&quot;youtube_url&quot;:&quot;https:\\\/\\\/www.youtube.com\\\/watch?v=McxFxb_b4xA&quot;,&quot;video_type&quot;:&quot;youtube&quot;,&quot;controls&quot;:&quot;yes&quot;}\" data-widget_type=\"video.default\">\n\t\t\t\t<div class=\"elementor-widget-container\">\n\t\t\t\t\t\t\t<div class=\"elementor-wrapper elementor-open-inline\">\n\t\t\t<div class=\"elementor-video\"><\/div>\t\t<\/div>\n\t\t\t\t\t\t<\/div>\n\t\t\t\t<\/div>\n\t\t\t\t<\/div>\n\t\t<div data-particle_enable=\"false\" data-particle-mobile-disabled=\"false\" class=\"elementor-element elementor-element-701a88e e-con-full e-flex e-con e-child\" data-id=\"701a88e\" data-element_type=\"container\">\n\t\t\t\t<div class=\"elementor-element elementor-element-618e8f5 elementor-widget elementor-widget-heading\" data-id=\"618e8f5\" data-element_type=\"widget\" data-widget_type=\"heading.default\">\n\t\t\t\t<div class=\"elementor-widget-container\">\n\t\t\t\t\t<h2 class=\"elementor-heading-title elementor-size-default\">Para consultar las vacantes en la Plataforma AUTOMATIONS reg\u00edstrate a continuaci\u00f3n<\/h2>\t\t\t\t<\/div>\n\t\t\t\t<\/div>\n\t\t\t\t<div class=\"elementor-element elementor-element-62d8ba17 elementor-button-align-stretch elementor-widget elementor-widget-form\" data-id=\"62d8ba17\" data-element_type=\"widget\" data-settings=\"{&quot;step_next_label&quot;:&quot;Next&quot;,&quot;step_previous_label&quot;:&quot;Previous&quot;,&quot;button_width&quot;:&quot;100&quot;,&quot;step_type&quot;:&quot;number_text&quot;,&quot;step_icon_shape&quot;:&quot;circle&quot;}\" data-widget_type=\"form.default\">\n\t\t\t\t<div class=\"elementor-widget-container\">\n\t\t\t\t\t\t\t<form class=\"elementor-form\" method=\"post\" name=\"New Form\" action=\"\">\n\t\t\t<input type=\"hidden\" name=\"post_id\" value=\"1671\"\/>\n\t\t\t<input type=\"hidden\" name=\"form_id\" value=\"62d8ba17\"\/>\n\t\t\t<input type=\"hidden\" name=\"referer_title\" value=\"ia que faz ghibli infinito\" \/>\n\n\t\t\t\t\t\t\t<input type=\"hidden\" name=\"queried_id\" value=\"1671\"\/>\n\t\t\t\n\t\t\t<div class=\"elementor-form-fields-wrapper elementor-labels-above\">\n\t\t\t\t\t\t\t\t<div class=\"elementor-field-type-text elementor-field-group elementor-column elementor-field-group-name elementor-col-100\">\n\t\t\t\t\t\t\t\t\t\t\t\t\t<input size=\"1\" type=\"text\" name=\"form_fields[name]\" id=\"form-field-name\" class=\"elementor-field elementor-size-sm  elementor-field-textual\" placeholder=\"Nombre\">\n\t\t\t\t\t\t\t\t\t\t\t<\/div>\n\t\t\t\t\t\t\t\t<div class=\"elementor-field-type-email elementor-field-group elementor-column elementor-field-group-email elementor-col-100 elementor-field-required\">\n\t\t\t\t\t\t\t\t\t\t\t\t\t<input size=\"1\" type=\"email\" name=\"form_fields[email]\" id=\"form-field-email\" class=\"elementor-field elementor-size-sm  elementor-field-textual\" placeholder=\"Correo electr\u00f3nico\" required=\"required\" aria-required=\"true\">\n\t\t\t\t\t\t\t\t\t\t\t<\/div>\n\t\t\t\t\t\t\t\t<div class=\"elementor-field-group elementor-column elementor-field-type-submit elementor-col-100 e-form__buttons\">\n\t\t\t\t\t<button class=\"elementor-button elementor-size-sm\" type=\"submit\">\n\t\t\t\t\t\t<span class=\"elementor-button-content-wrapper\">\n\t\t\t\t\t\t\t\t\t\t\t\t\t\t\t\t\t\t\t\t\t\t<span class=\"elementor-button-text\">Quiero participar<\/span>\n\t\t\t\t\t\t\t\t\t\t\t\t\t<\/span>\n\t\t\t\t\t<\/button>\n\t\t\t\t<\/div>\n\t\t\t<\/div>\n\t\t<input type=\"hidden\" name=\"trp-form-language\" value=\"es\"\/><\/form>\n\t\t\t\t\t\t<\/div>\n\t\t\t\t<\/div>\n\t\t\t\t<div class=\"elementor-element elementor-element-494002d4 elementor-widget elementor-widget-text-editor\" data-id=\"494002d4\" data-element_type=\"widget\" data-widget_type=\"text-editor.default\">\n\t\t\t\t<div class=\"elementor-widget-container\">\n\t\t\t\t\t\t\t\t\t<p>Luego de registrarte, revisa tu Bandeja de Entrada, Promociones, Carpetas de Spam y encuentra el correo electr\u00f3nico de bienvenida para validar tu registro.<\/p>\t\t\t\t\t\t\t\t<\/div>\n\t\t\t\t<\/div>\n\t\t\t\t<\/div>\n\t\t\t\t\t<\/div>\n\t\t\t\t<\/div>\n\t\t<div data-particle_enable=\"false\" data-particle-mobile-disabled=\"false\" class=\"elementor-element elementor-element-4b63f9da e-flex e-con-boxed e-con e-parent\" data-id=\"4b63f9da\" data-element_type=\"container\">\n\t\t\t\t\t<div class=\"e-con-inner\">\n\t\t\t\t<div class=\"elementor-element elementor-element-7b43f150 elementor-widget elementor-widget-heading\" data-id=\"7b43f150\" data-element_type=\"widget\" data-widget_type=\"heading.default\">\n\t\t\t\t<div class=\"elementor-widget-container\">\n\t\t\t\t\t<h2 class=\"elementor-heading-title elementor-size-default\">Tu sitio web est\u00e1 aqu\u00ed<\/h2>\t\t\t\t<\/div>\n\t\t\t\t<\/div>\n\t\t\t\t<div class=\"elementor-element elementor-element-72d7d149 elementor-align-center elementor-widget elementor-widget-button\" data-id=\"72d7d149\" data-element_type=\"widget\" data-widget_type=\"button.default\">\n\t\t\t\t<div class=\"elementor-widget-container\">\n\t\t\t\t\t\t\t\t\t<div class=\"elementor-button-wrapper\">\n\t\t\t\t\t<a class=\"elementor-button elementor-button-link elementor-size-sm\" href=\"https:\/\/huggingface.co\/spaces\/Yuanshi\/OminiControl_Art\">\n\t\t\t\t\t\t<span class=\"elementor-button-content-wrapper\">\n\t\t\t\t\t\t\t\t\t<span class=\"elementor-button-text\">HAGA CLIC AQU\u00cd PARA VISITAR EL SITIO QUE PROMET\u00cd<\/span>\n\t\t\t\t\t<\/span>\n\t\t\t\t\t<\/a>\n\t\t\t\t<\/div>\n\t\t\t\t\t\t\t\t<\/div>\n\t\t\t\t<\/div>\n\t\t\t\t\t<\/div>\n\t\t\t\t<\/div>\n\t\t<div data-particle_enable=\"false\" data-particle-mobile-disabled=\"false\" class=\"elementor-element elementor-element-b10e6ba e-flex e-con-boxed e-con e-parent\" data-id=\"b10e6ba\" data-element_type=\"container\">\n\t\t\t\t\t<div class=\"e-con-inner\">\n\t\t\t\t<div class=\"elementor-element elementor-element-38f1670d elementor-widget elementor-widget-text-editor\" data-id=\"38f1670d\" data-element_type=\"widget\" data-widget_type=\"text-editor.default\">\n\t\t\t\t<div class=\"elementor-widget-container\">\n\t\t\t\t\t\t\t\t\t<p style=\"text-align: center;\"><span style=\"color: #ffffff;\"><a style=\"color: #ffffff;\" href=\"https:\/\/dolartube.com\/es\/politicas\/\" target=\"_blank\" rel=\"noopener\">Pol\u00edticas de privacidad<\/a> | <a style=\"color: #ffffff;\" href=\"https:\/\/dolartube.com\/es\/termos\/\" target=\"_blank\" rel=\"noopener\">Condiciones de uso<\/a><\/span><\/p>\t\t\t\t\t\t\t\t<\/div>\n\t\t\t\t<\/div>\n\t\t\t\t\t<\/div>\n\t\t\t\t<\/div>\n\t\t\t\t<\/div>","protected":false},"excerpt":{"rendered":"<p>Deixei pra voc\u00ea o link abaixo Antes de ir Assista ao video de automa\u00e7\u00e3o abaixo Voc\u00ea n\u00e3o faz ideia do quanto isso pode gerar em Dolares com apenas 1 click. Para verificar vagas na Plataforma das AUTOMA\u00c7\u00d5ES inscreva-se abaixo Ap\u00f3s se cadastrar verifique as pastas Caixa de Entrada, Promo\u00e7\u00f5es, Spam e encontre o email de [&hellip;]<\/p>","protected":false},"author":1,"featured_media":0,"parent":0,"menu_order":0,"comment_status":"closed","ping_status":"closed","template":"elementor_canvas","meta":{"footnotes":""},"class_list":["post-1671","page","type-page","status-publish","hentry"],"_links":{"self":[{"href":"https:\/\/dolartube.com\/es\/wp-json\/wp\/v2\/pages\/1671","targetHints":{"allow":["GET"]}}],"collection":[{"href":"https:\/\/dolartube.com\/es\/wp-json\/wp\/v2\/pages"}],"about":[{"href":"https:\/\/dolartube.com\/es\/wp-json\/wp\/v2\/types\/page"}],"author":[{"embeddable":true,"href":"https:\/\/dolartube.com\/es\/wp-json\/wp\/v2\/users\/1"}],"replies":[{"embeddable":true,"href":"https:\/\/dolartube.com\/es\/wp-json\/wp\/v2\/comments?post=1671"}],"version-history":[{"count":4,"href":"https:\/\/dolartube.com\/es\/wp-json\/wp\/v2\/pages\/1671\/revisions"}],"predecessor-version":[{"id":1676,"href":"https:\/\/dolartube.com\/es\/wp-json\/wp\/v2\/pages\/1671\/revisions\/1676"}],"wp:attachment":[{"href":"https:\/\/dolartube.com\/es\/wp-json\/wp\/v2\/media?parent=1671"}],"curies":[{"name":"wp","href":"https:\/\/api.w.org\/{rel}","templated":true}]}}