{"id":183,"date":"2024-12-12T17:53:57","date_gmt":"2024-12-12T17:53:57","guid":{"rendered":"https:\/\/dolartube.com\/?page_id=183"},"modified":"2024-12-12T17:53:57","modified_gmt":"2024-12-12T17:53:57","slug":"contato","status":"publish","type":"page","link":"https:\/\/dolartube.com\/en\/contato\/","title":{"rendered":"Contact"},"content":{"rendered":"<p><strong>Contact Page<\/strong><\/p>\n<p>If you have any questions, suggestions or would like to know more about our products and services, please contact us! We are ready to help and ensure you have the best experience possible.<\/p>\n<h3>Contact methods:<\/h3>\n<p><strong>\ud83d\udce7 Email: eriveltoncgui2017@gmail.com<\/strong><br \/>\n<strong>\ud83d\udcde Phone:<\/strong> +55 (35) 9 9965-3990<br \/>\n<strong>\ud83d\udcf1 WhatsApp:<\/strong> Click on the link below to talk to us directly via WhatsApp:<\/p>\n<p><a href=\"https:\/\/wa.me\/5535999653990\"><strong>Call on WhatsApp<\/strong><\/a><\/p>\n<p>Our customer service is available from Monday to Friday, from 9am to 6pm (Bras\u00edlia time). If you contact us outside of our business hours, we will get back to you as soon as possible.<\/p>\n<p>We look forward to hearing from you!<\/p>","protected":false},"excerpt":{"rendered":"<p>P\u00e1gina de Contato Se voc\u00ea tem d\u00favidas, sugest\u00f5es ou gostaria de saber mais sobre nossos produtos e servi\u00e7os, entre em contato conosco! Estamos prontos para ajudar e garantir que voc\u00ea tenha a melhor experi\u00eancia poss\u00edvel. Formas de contato: \ud83d\udce7 E-mail: eriveltoncgui2017@gmail.com \ud83d\udcde Telefone: +55 (35) 9 9965-3990 \ud83d\udcf1 WhatsApp: Clique no link abaixo para falar [&hellip;]<\/p>","protected":false},"author":1,"featured_media":0,"parent":0,"menu_order":0,"comment_status":"closed","ping_status":"closed","template":"","meta":{"footnotes":""},"class_list":["post-183","page","type-page","status-publish","hentry"],"_links":{"self":[{"href":"https:\/\/dolartube.com\/en\/wp-json\/wp\/v2\/pages\/183","targetHints":{"allow":["GET"]}}],"collection":[{"href":"https:\/\/dolartube.com\/en\/wp-json\/wp\/v2\/pages"}],"about":[{"href":"https:\/\/dolartube.com\/en\/wp-json\/wp\/v2\/types\/page"}],"author":[{"embeddable":true,"href":"https:\/\/dolartube.com\/en\/wp-json\/wp\/v2\/users\/1"}],"replies":[{"embeddable":true,"href":"https:\/\/dolartube.com\/en\/wp-json\/wp\/v2\/comments?post=183"}],"version-history":[{"count":1,"href":"https:\/\/dolartube.com\/en\/wp-json\/wp\/v2\/pages\/183\/revisions"}],"predecessor-version":[{"id":185,"href":"https:\/\/dolartube.com\/en\/wp-json\/wp\/v2\/pages\/183\/revisions\/185"}],"wp:attachment":[{"href":"https:\/\/dolartube.com\/en\/wp-json\/wp\/v2\/media?parent=183"}],"curies":[{"name":"wp","href":"https:\/\/api.w.org\/{rel}","templated":true}]}}