{"id":179,"date":"2024-12-12T17:48:37","date_gmt":"2024-12-12T17:48:37","guid":{"rendered":"https:\/\/dolartube.com\/?page_id=179"},"modified":"2024-12-12T17:48:43","modified_gmt":"2024-12-12T17:48:43","slug":"termos","status":"publish","type":"page","link":"https:\/\/dolartube.com\/en\/termos\/","title":{"rendered":"Terms of Use"},"content":{"rendered":"<h2><span style=\"color: rgb(68, 68, 68);\">1. Terms<\/span><\/h2>\n<p><span style=\"color: rgb(68, 68, 68);\">When accessing the website <a href=\"https:\/\/dolartube.com\/en\/\">American Monetization Tube Dollar<\/a>, you agree to comply with these terms of service, all applicable laws and regulations, and agree that you are responsible for compliance with any applicable local laws. If you do not agree with any of these terms, you are prohibited from using or accessing this site. The materials contained in this website are protected by applicable copyright and trademark law.<\/span><\/p>\n<h2><span style=\"color: rgb(68, 68, 68);\">2. Use License<\/span><\/h2>\n<p><span style=\"color: rgb(68, 68, 68);\">Permission is granted to temporarily download one copy of the materials (information or software) on Dolar Tube Monetiza\u00e7\u00e3o Americana&#039;s website for personal, non-commercial transitory viewing only. This is the grant of a license, not a transfer of title, and under this license you may not:&nbsp;<\/span><\/p>\n<ol>\n<li><span style=\"color: rgb(68, 68, 68);\">modify or copy the materials;&nbsp;<\/span><\/li>\n<li><span style=\"color: rgb(68, 68, 68);\">use the materials for any commercial purpose, or for any public display (commercial or non-commercial);&nbsp;<\/span><\/li>\n<li><span style=\"color: rgb(68, 68, 68);\">attempt to decompile or reverse engineer any software contained on the Dolar Tube Monetiza\u00e7\u00e3o Americana website;&nbsp;<\/span><\/li>\n<li><span style=\"color: rgb(68, 68, 68);\">remove any copyright or other proprietary notations from the materials; or&nbsp;<\/span><\/li>\n<li><span style=\"color: rgb(68, 68, 68);\">transfer the materials to another person or &#039;mirror&#039; the materials on any other server.<\/span><\/li>\n<\/ol>\n<p><span style=\"color: rgb(68, 68, 68);\">This license shall automatically terminate if you violate any of these restrictions and may be terminated by Dolar Tube Monetiza\u00e7\u00e3o Americana at any time. Upon terminating your viewing of these materials or upon the termination of this license, you must destroy any downloaded materials in your possession whether in electronic or printed format.<\/span><\/p>\n<h2><span style=\"color: rgb(68, 68, 68);\">3. Disclaimer<\/span><\/h2>\n<ol>\n<li><span style=\"color: rgb(68, 68, 68);\">The materials on Dolar Tube Monetiza\u00e7\u00e3o Americana&#039;s website are provided &#039;as is&#039;. Dolar Tube Monetiza\u00e7\u00e3o Americana makes no warranties, expressed or implied, and hereby disclaims and negates all other warranties, including without limitation, implied warranties or conditions of merchantability, fitness for a particular purpose, or non-infringement of intellectual property or other violation of rights.<\/span><\/li>\n<li><span style=\"color: rgb(68, 68, 68);\">Furthermore, Dolar Tube Monetiza\u00e7\u00e3o Americana does not warrant or make any representations concerning the accuracy, likely results, or reliability of the use of the materials on its website or otherwise relating to such materials or on any sites linked to this site.<\/span><\/li>\n<\/ol>\n<h2><span style=\"color: rgb(68, 68, 68);\">4. Limitations<\/span><\/h2>\n<p><span style=\"color: rgb(68, 68, 68);\">In no event shall Dolar Tube Monetiza\u00e7\u00e3o Americana or its suppliers be liable for any damages (including, without limitation, damages for loss of data or profit, or due to business interruption) arising out of the use or inability to use the materials on Dolar Tube Monetiza\u00e7\u00e3o Americana&#039;s Internet site, even if Dolar Tube Monetiza\u00e7\u00e3o Americana or a Dolar Tube Monetiza\u00e7\u00e3o Americana authorized representative has been notified orally or in writing of the possibility of such damage. Because some jurisdictions do not allow limitations on implied warranties, or limitations of liability for consequential or incidental damages, these limitations may not apply to you.<\/span><\/p>\n<h2><span style=\"color: rgb(68, 68, 68);\">5. Accuracy of materials<\/span><\/h2>\n<p><span style=\"color: rgb(68, 68, 68);\">The materials displayed on the Dolar Tube Monetiza\u00e7\u00e3o Americana website may include technical, typographical, or photographic errors. Dolar Tube Monetiza\u00e7\u00e3o Americana does not warrant that any material on its website is accurate, complete, or current. Dolar Tube Monetiza\u00e7\u00e3o Americana may make changes to the materials contained on its website at any time without notice. However, Dolar Tube Monetiza\u00e7\u00e3o Americana does not undertake to update the materials.<\/span><\/p>\n<h2><span style=\"color: rgb(68, 68, 68);\">6. Links<\/span><\/h2>\n<p><span style=\"color: rgb(68, 68, 68);\">Dolar Tube Monetiza\u00e7\u00e3o Americana has not reviewed all of the sites linked to its website and is not responsible for the contents of any such linked site. The inclusion of any link does not imply endorsement by Dolar Tube Monetiza\u00e7\u00e3o Americana of the site. Use of any such linked website is at the user&#039;s own risk.<\/span><\/p>\n<p><\/p>\n<h3><span style=\"color: rgb(68, 68, 68);\">Modifications<\/span><\/h3>\n<p><span style=\"color: rgb(68, 68, 68);\">Dolar Tube Monetiza\u00e7\u00e3o Americana may revise these terms of service for its website at any time without notice. By using this website, you are agreeing to be bound by the then current version of these terms of service.<\/span><\/p>\n<h3><span style=\"color: rgb(68, 68, 68);\">Applicable law<\/span><\/h3>\n<p><span style=\"color: rgb(68, 68, 68);\">These terms and conditions are governed by and construed in accordance with the laws of Dolar Tube Monetiza\u00e7\u00e3o Americana and you irrevocably submit to the exclusive jurisdiction of the courts in that State or location.<\/span><\/p>","protected":false},"excerpt":{"rendered":"<p>1. Termos Ao acessar ao site Dolar Tube Monetiza\u00e7\u00e3o Americana, concorda em cumprir estes termos de servi\u00e7o, todas as leis e regulamentos aplic\u00e1veis \u200b\u200be concorda que \u00e9 respons\u00e1vel pelo cumprimento de todas as leis locais aplic\u00e1veis. Se voc\u00ea n\u00e3o concordar com algum desses termos, est\u00e1 proibido de usar ou acessar este site. Os materiais contidos [&hellip;]<\/p>","protected":false},"author":1,"featured_media":0,"parent":0,"menu_order":0,"comment_status":"closed","ping_status":"closed","template":"","meta":{"footnotes":""},"class_list":["post-179","page","type-page","status-publish","hentry"],"_links":{"self":[{"href":"https:\/\/dolartube.com\/en\/wp-json\/wp\/v2\/pages\/179","targetHints":{"allow":["GET"]}}],"collection":[{"href":"https:\/\/dolartube.com\/en\/wp-json\/wp\/v2\/pages"}],"about":[{"href":"https:\/\/dolartube.com\/en\/wp-json\/wp\/v2\/types\/page"}],"author":[{"embeddable":true,"href":"https:\/\/dolartube.com\/en\/wp-json\/wp\/v2\/users\/1"}],"replies":[{"embeddable":true,"href":"https:\/\/dolartube.com\/en\/wp-json\/wp\/v2\/comments?post=179"}],"version-history":[{"count":1,"href":"https:\/\/dolartube.com\/en\/wp-json\/wp\/v2\/pages\/179\/revisions"}],"predecessor-version":[{"id":180,"href":"https:\/\/dolartube.com\/en\/wp-json\/wp\/v2\/pages\/179\/revisions\/180"}],"wp:attachment":[{"href":"https:\/\/dolartube.com\/en\/wp-json\/wp\/v2\/media?parent=179"}],"curies":[{"name":"wp","href":"https:\/\/api.w.org\/{rel}","templated":true}]}}