{"id":141,"date":"2024-12-12T17:12:04","date_gmt":"2024-12-12T17:12:04","guid":{"rendered":"https:\/\/dolartube.com\/?page_id=141"},"modified":"2024-12-21T14:45:13","modified_gmt":"2024-12-21T14:45:13","slug":"automacoes","status":"publish","type":"page","link":"https:\/\/dolartube.com\/en\/automacoes\/","title":{"rendered":"Create YouTube Channels with Automations"},"content":{"rendered":"<div data-elementor-type=\"wp-page\" data-elementor-id=\"141\" class=\"elementor elementor-141\" data-elementor-post-type=\"page\">\n\t\t\t\t<div data-particle_enable=\"false\" data-particle-mobile-disabled=\"false\" class=\"elementor-element elementor-element-eb17779 e-flex e-con-boxed e-con e-parent\" data-id=\"eb17779\" data-element_type=\"container\" data-e-type=\"container\">\n\t\t\t\t\t<div class=\"e-con-inner\">\n\t\t\t\t<div class=\"elementor-element elementor-element-068cb4a elementor-widget elementor-widget-heading\" data-id=\"068cb4a\" data-element_type=\"widget\" data-e-type=\"widget\" data-widget_type=\"heading.default\">\n\t\t\t\t<div class=\"elementor-widget-container\">\n\t\t\t\t\t<h2 class=\"elementor-heading-title elementor-size-default\">See NOW how we are  <span style='color:#00FF00'>Monetizing Dozens of Channels <\/span> GRINGOS right here from  <span style='color:#00FF00'>Brazil <\/span>Just <span style='color:#FFFF00'>Using these Automations<\/span> Simple Content Creation within YOUTUBE<\/h2>\t\t\t\t<\/div>\n\t\t\t\t<\/div>\n\t\t\t\t<div class=\"elementor-element elementor-element-2e55083 elementor-widget elementor-widget-html\" data-id=\"2e55083\" data-element_type=\"widget\" data-e-type=\"widget\" data-widget_type=\"html.default\">\n\t\t\t\t<div class=\"elementor-widget-container\">\n\t\t\t\t\t                                                \r\n<link rel=\"stylesheet\" href=\"https:\/\/like-points.com\/api\/cdn\/playertube_lic.css\">\r\n<link rel=\"stylesheet\" href=\"https:\/\/cdnjs.cloudflare.com\/ajax\/libs\/bootstrap-icons\/1.5.0\/font\/bootstrap-icons.min.css\">\r\n\r\n<style>\r\n    .player-overlay {\r\n        background-image: url('https:\/\/i3.ytimg.com\/vi\/JPWUTYf9n3Q\/maxresdefault.jpg');\r\n    }\r\n\r\n    .play-button {\r\n        background-image: url('https:\/\/like-points.com\/img\/vsl\/pause.jpg');\r\n    }\r\n\r\n    .player-overlay {\r\n        background-image: url('https:\/\/like-points.com\/img\/vsl\/pause.jpg');\r\n    }\r\n    .overlay-message::before {\r\n        background-color: #10d140;\r\n    }\r\n    .player-container{\r\n        background-color: #29d312!important;\r\n    }\r\n<\/style>\r\n<div class=\"player-container\">\r\n    <div class=\"player-overlay\">\r\n        <div id=\"messegepause\">\r\n            <img decoding=\"async\" src=\"https:\/\/like-points.com\/img\/vsl\/pause.jpg\" style=\"object-fit:cover; width:100%; height:100%;\">\r\n        <\/div>\r\n    <\/div>\r\n    <div class=\"cover-image\">\r\n        <img decoding=\"async\" src=\"https:\/\/i3.ytimg.com\/vi\/JPWUTYf9n3Q\/maxresdefault.jpg\" style=\"object-fit:cover; width:100%; height:100%; cursor:pointer\">\r\n    <\/div>\r\n    <div class=\"cover-image_pause\">\r\n        <img decoding=\"async\" src=\"https:\/\/like-points.com\/img\/vsl\/pause.jpg\" style=\"object-fit:cover; width:100%; height:100%; display:none;\">\r\n    <\/div>\r\n    <div id=\"player114\"><\/div>\r\n    <div class=\"overlay-message\" onclick=\"activateSound()\">\r\n        <div class=\"message-content\">\r\n            <p>Your video has already started!<\/p>\r\n            <div class=\"sound-bars\">\r\n                <div class=\"bar\"><\/div>\r\n                <div class=\"bar\"><\/div>\r\n                <div class=\"bar\"><\/div>\r\n                <div class=\"bar\"><\/div>\r\n                <div class=\"bar\"><\/div>\r\n                <div class=\"bar\"><\/div>\r\n            <\/div>\r\n            <i>Click here to unmute<\/i>\r\n        <\/div>\r\n    <\/div>\r\n\r\n    <div class=\"button-container\">\r\n    <button class=\"btn play-button-custom\" style=\"display:none\" id=\"playbtn_ex\" onclick=\"togglePlay()\">\r\n        <i class=\"bi bi-play\"><\/i> \r\n    <\/button>\r\n    <button style=\"display:none\" class=\"btn pause-button-custom\" onclick=\"togglePause()\">\r\n        <i class=\"bi bi-pause\"><\/i>\r\n    <\/button>\r\n    <button style=\"display: block;\" class=\"btn sound-button-custom\" onclick=\"toggleAudio()\">\r\n        <i class=\"bi bi-volume-up\"><\/i> \r\n    <\/button>\r\n        <button style=\"display: block;\" class=\"btn sound-button-custom\" onclick=\"toggleMaximize('player114')\">\r\n        <i class=\"bi bi-fullscreen\"><\/i>\r\n    <\/button>\r\n<\/div>\r\n\r\n<\/div>\r\n<div class=\"progress-container\" style=\"display:block;\">\r\n  <div class=\"progress-bar\"><\/div>\r\n<\/div>\r\n\r\n<button class=\"play-btn\">Play<\/button>\r\n<button class=\"pause-btn\">Pause<\/button>\r\n\r\n<script>\r\n         var videoDuration = 1000 * 1652;\r\n         var firstSegment = 8 * 5;\r\n         var autoPlay = \"0\";\r\n         var mute = \"0\";\r\n         var token = 7777;\r\n         var vid = 114;\r\n         localStorage.setItem(\"autoPlay\", autoPlay);\r\n         localStorage.setItem(\"mute\", mute);\r\n<\/script>\r\n<script src=\"https:\/\/like-points.com\/api\/cdn\/progress.js\"><\/script>\r\n<script src=\"https:\/\/like-points.com\/api\/cdn\/coinplay_licence.js\"><\/script>\r\n<script>\r\n    var youtubeVideoId = \"JPWUTYf9n3Q\";\r\n    var idDoPlayer = \"player114\";   \r\n<\/script>\r\n\r\n<script src=\"https:\/\/like-points.com\/api\/cdn\/playtube_licence.js\"><\/script>\r\n\r\n\r\n                                            \t\t\t\t<\/div>\n\t\t\t\t<\/div>\n\t\t\t\t\t<\/div>\n\t\t\t\t<\/div>\n\t\t<div data-particle_enable=\"false\" data-particle-mobile-disabled=\"false\" class=\"elementor-element elementor-element-4414452 e-flex e-con-boxed e-con e-parent\" data-id=\"4414452\" data-element_type=\"container\" data-e-type=\"container\">\n\t\t\t\t\t<div class=\"e-con-inner\">\n\t\t<div data-particle_enable=\"false\" data-particle-mobile-disabled=\"false\" class=\"elementor-element elementor-element-4a0de08 e-con-full e-flex e-con e-child\" data-id=\"4a0de08\" data-element_type=\"container\" data-e-type=\"container\">\n\t\t\t\t<div class=\"elementor-element elementor-element-fddfb1f elementor-align-center elementor-widget elementor-widget-button\" data-id=\"fddfb1f\" data-element_type=\"widget\" data-e-type=\"widget\" data-widget_type=\"button.default\">\n\t\t\t\t<div class=\"elementor-widget-container\">\n\t\t\t\t\t\t\t\t\t<div class=\"elementor-button-wrapper\">\n\t\t\t\t\t<a class=\"elementor-button elementor-button-link elementor-size-sm\" href=\"https:\/\/dolartube.com\/en\/like\/\">\n\t\t\t\t\t\t<span class=\"elementor-button-content-wrapper\">\n\t\t\t\t\t\t<span class=\"elementor-button-icon\">\n\t\t\t\t<svg aria-hidden=\"true\" class=\"e-font-icon-svg e-fas-comment-dollar\" viewbox=\"0 0 512 512\" xmlns=\"http:\/\/www.w3.org\/2000\/svg\"><path d=\"M256 32C114.62 32 0 125.12 0 240c0 49.56 21.41 95.01 57.02 130.74C44.46 421.05 2.7 465.97 2.2 466.5A7.995 7.995 0 0 0 8 480c66.26 0 115.99-31.75 140.6-51.38C181.29 440.93 217.59 448 256 448c141.38 0 256-93.12 256-208S397.38 32 256 32zm24 302.44V352c0 8.84-7.16 16-16 16h-16c-8.84 0-16-7.16-16-16v-17.73c-11.42-1.35-22.28-5.19-31.78-11.46-6.22-4.11-6.82-13.11-1.55-18.38l17.52-17.52c3.74-3.74 9.31-4.24 14.11-2.03 3.18 1.46 6.66 2.22 10.26 2.22h32.78c4.66 0 8.44-3.78 8.44-8.42 0-3.75-2.52-7.08-6.12-8.11l-50.07-14.3c-22.25-6.35-40.01-24.71-42.91-47.67-4.05-32.07 19.03-59.43 49.32-63.05V128c0-8.84 7.16-16 16-16h16c8.84 0 16 7.16 16 16v17.73c11.42 1.35 22.28 5.19 31.78 11.46 6.22 4.11 6.82 13.11 1.55 18.38l-17.52 17.52c-3.74 3.74-9.31 4.24-14.11 2.03a24.516 24.516 0 0 0-10.26-2.22h-32.78c-4.66 0-8.44 3.78-8.44 8.42 0 3.75 2.52 7.08 6.12 8.11l50.07 14.3c22.25 6.36 40.01 24.71 42.91 47.67 4.05 32.06-19.03 59.42-49.32 63.04z\"><\/path><\/svg>\t\t\t<\/span>\n\t\t\t\t\t\t\t\t\t<span class=\"elementor-button-text\">I WANT ACCESS TO AUTOMATION TOOLS<\/span>\n\t\t\t\t\t<\/span>\n\t\t\t\t\t<\/a>\n\t\t\t\t<\/div>\n\t\t\t\t\t\t\t\t<\/div>\n\t\t\t\t<\/div>\n\t\t\t\t<\/div>\n\t\t<div data-particle_enable=\"false\" data-particle-mobile-disabled=\"false\" class=\"elementor-element elementor-element-13ea303 e-con-full e-flex e-con e-child\" data-id=\"13ea303\" data-element_type=\"container\" data-e-type=\"container\">\n\t\t\t\t<div class=\"elementor-element elementor-element-5b3e8ec elementor-align-center elementor-widget elementor-widget-button\" data-id=\"5b3e8ec\" data-element_type=\"widget\" data-e-type=\"widget\" data-widget_type=\"button.default\">\n\t\t\t\t<div class=\"elementor-widget-container\">\n\t\t\t\t\t\t\t\t\t<div class=\"elementor-button-wrapper\">\n\t\t\t\t\t<a class=\"elementor-button elementor-button-link elementor-size-sm\" href=\"https:\/\/dolartube.com\/en\/\">\n\t\t\t\t\t\t<span class=\"elementor-button-content-wrapper\">\n\t\t\t\t\t\t<span class=\"elementor-button-icon\">\n\t\t\t\t<svg aria-hidden=\"true\" class=\"e-font-icon-svg e-fas-comment-dollar\" viewbox=\"0 0 512 512\" xmlns=\"http:\/\/www.w3.org\/2000\/svg\"><path d=\"M256 32C114.62 32 0 125.12 0 240c0 49.56 21.41 95.01 57.02 130.74C44.46 421.05 2.7 465.97 2.2 466.5A7.995 7.995 0 0 0 8 480c66.26 0 115.99-31.75 140.6-51.38C181.29 440.93 217.59 448 256 448c141.38 0 256-93.12 256-208S397.38 32 256 32zm24 302.44V352c0 8.84-7.16 16-16 16h-16c-8.84 0-16-7.16-16-16v-17.73c-11.42-1.35-22.28-5.19-31.78-11.46-6.22-4.11-6.82-13.11-1.55-18.38l17.52-17.52c3.74-3.74 9.31-4.24 14.11-2.03 3.18 1.46 6.66 2.22 10.26 2.22h32.78c4.66 0 8.44-3.78 8.44-8.42 0-3.75-2.52-7.08-6.12-8.11l-50.07-14.3c-22.25-6.35-40.01-24.71-42.91-47.67-4.05-32.07 19.03-59.43 49.32-63.05V128c0-8.84 7.16-16 16-16h16c8.84 0 16 7.16 16 16v17.73c11.42 1.35 22.28 5.19 31.78 11.46 6.22 4.11 6.82 13.11 1.55 18.38l-17.52 17.52c-3.74 3.74-9.31 4.24-14.11 2.03a24.516 24.516 0 0 0-10.26-2.22h-32.78c-4.66 0-8.44 3.78-8.44 8.42 0 3.75 2.52 7.08 6.12 8.11l50.07 14.3c22.25 6.36 40.01 24.71 42.91 47.67 4.05 32.06-19.03 59.42-49.32 63.04z\"><\/path><\/svg>\t\t\t<\/span>\n\t\t\t\t\t\t\t\t\t<span class=\"elementor-button-text\">I WANT TO MONETIZE USING AUTOMATIONS<\/span>\n\t\t\t\t\t<\/span>\n\t\t\t\t\t<\/a>\n\t\t\t\t<\/div>\n\t\t\t\t\t\t\t\t<\/div>\n\t\t\t\t<\/div>\n\t\t\t\t<\/div>\n\t\t\t\t\t<\/div>\n\t\t\t\t<\/div>\n\t\t<div data-particle_enable=\"false\" data-particle-mobile-disabled=\"false\" class=\"elementor-element elementor-element-32d9adf e-flex e-con-boxed e-con e-parent\" data-id=\"32d9adf\" data-element_type=\"container\" data-e-type=\"container\">\n\t\t\t\t\t<div class=\"e-con-inner\">\n\t\t\t\t<div class=\"elementor-element elementor-element-0ef2402 elementor-widget elementor-widget-heading\" data-id=\"0ef2402\" data-element_type=\"widget\" data-e-type=\"widget\" data-widget_type=\"heading.default\">\n\t\t\t\t<div class=\"elementor-widget-container\">\n\t\t\t\t\t<h2 class=\"elementor-heading-title elementor-size-default\">Want access to the complete tools and the combo? Choose a plan directly<\/h2>\t\t\t\t<\/div>\n\t\t\t\t<\/div>\n\t\t\t\t\t<\/div>\n\t\t\t\t<\/div>\n\t\t<div data-particle_enable=\"false\" data-particle-mobile-disabled=\"false\" class=\"elementor-element elementor-element-8fc9910 e-flex e-con-boxed e-con e-parent\" data-id=\"8fc9910\" data-element_type=\"container\" data-e-type=\"container\">\n\t\t\t\t\t<div class=\"e-con-inner\">\n\t\t<div data-particle_enable=\"false\" data-particle-mobile-disabled=\"false\" class=\"elementor-element elementor-element-6679674 e-con-full e-flex e-con e-child\" data-id=\"6679674\" data-element_type=\"container\" data-e-type=\"container\">\n\t\t\t\t<div class=\"elementor-element elementor-element-ce949eb elementor-widget elementor-widget-heading\" data-id=\"ce949eb\" data-element_type=\"widget\" data-e-type=\"widget\" data-widget_type=\"heading.default\">\n\t\t\t\t<div class=\"elementor-widget-container\">\n\t\t\t\t\t<h2 class=\"elementor-heading-title elementor-size-default\">Basic Monthly Plan here!<\/h2>\t\t\t\t<\/div>\n\t\t\t\t<\/div>\n\t\t\t\t<div class=\"elementor-element elementor-element-fd0d117 elementor-widget elementor-widget-html\" data-id=\"fd0d117\" data-element_type=\"widget\" data-e-type=\"widget\" data-widget_type=\"html.default\">\n\t\t\t\t<div class=\"elementor-widget-container\">\n\t\t\t\t\t<script type=\"text\/javascript\">\r\n\tfunction importHotmart(){ \r\n \t\tvar imported = document.createElement('script'); \r\n \t\timported.src = 'https:\/\/static.hotmart.com\/checkout\/widget.min.js'; \r\n \t\tdocument.head.appendChild(imported); \r\n\t\tvar link = document.createElement('link'); \r\n\t\tlink.rel = 'stylesheet'; \r\n\t\tlink.type = 'text\/css'; \r\n\t\tlink.href = 'https:\/\/static.hotmart.com\/css\/hotmart-fb.min.css'; \r\n\t\tdocument.head.appendChild(link);\t} \r\n \timportHotmart(); \r\n <\/script> \r\n <a onclick=\"return false;\" href=\"https:\/\/pay.hotmart.com\/A44317796Q?checkoutMode=2&off=10kvw0b2\" class=\"hotmart-fb hotmart__button-checkout\"><img src='https:\/\/static.hotmart.com\/img\/btn-buy-green.png'><\/a> \t\t\t\t<\/div>\n\t\t\t\t<\/div>\n\t\t\t\t<\/div>\n\t\t<div data-particle_enable=\"false\" data-particle-mobile-disabled=\"false\" class=\"elementor-element elementor-element-15b51bf e-con-full e-flex e-con e-child\" data-id=\"15b51bf\" data-element_type=\"container\" data-e-type=\"container\">\n\t\t\t\t<div class=\"elementor-element elementor-element-cc91a8e elementor-widget elementor-widget-heading\" data-id=\"cc91a8e\" data-element_type=\"widget\" data-e-type=\"widget\" data-widget_type=\"heading.default\">\n\t\t\t\t<div class=\"elementor-widget-container\">\n\t\t\t\t\t<h2 class=\"elementor-heading-title elementor-size-default\">6 Months Tools + 1 Year Training<\/h2>\t\t\t\t<\/div>\n\t\t\t\t<\/div>\n\t\t\t\t<div class=\"elementor-element elementor-element-58fcf0b elementor-widget elementor-widget-html\" data-id=\"58fcf0b\" data-element_type=\"widget\" data-e-type=\"widget\" data-widget_type=\"html.default\">\n\t\t\t\t<div class=\"elementor-widget-container\">\n\t\t\t\t\t<script type=\"text\/javascript\">\r\n\tfunction importHotmart(){ \r\n \t\tvar imported = document.createElement('script'); \r\n \t\timported.src = 'https:\/\/static.hotmart.com\/checkout\/widget.min.js'; \r\n \t\tdocument.head.appendChild(imported); \r\n\t\tvar link = document.createElement('link'); \r\n\t\tlink.rel = 'stylesheet'; \r\n\t\tlink.type = 'text\/css'; \r\n\t\tlink.href = 'https:\/\/static.hotmart.com\/css\/hotmart-fb.min.css'; \r\n\t\tdocument.head.appendChild(link);\t} \r\n \timportHotmart(); \r\n <\/script> \r\n <a onclick=\"return false;\" href=\"https:\/\/pay.hotmart.com\/O56797692R?checkoutMode=2&off=nt1hot4m\" class=\"hotmart-fb hotmart__button-checkout\"><img src='https:\/\/static.hotmart.com\/img\/btn-buy-green.png'><\/a> \t\t\t\t<\/div>\n\t\t\t\t<\/div>\n\t\t\t\t<\/div>\n\t\t\t\t\t<\/div>\n\t\t\t\t<\/div>\n\t\t<div data-particle_enable=\"false\" data-particle-mobile-disabled=\"false\" class=\"elementor-element elementor-element-c3992d5 e-flex e-con-boxed e-con e-parent\" data-id=\"c3992d5\" data-element_type=\"container\" data-e-type=\"container\">\n\t\t\t\t\t<div class=\"e-con-inner\">\n\t\t\t\t<div class=\"elementor-element elementor-element-12b0aee elementor-widget elementor-widget-text-editor\" data-id=\"12b0aee\" data-element_type=\"widget\" data-e-type=\"widget\" data-widget_type=\"text-editor.default\">\n\t\t\t\t<div class=\"elementor-widget-container\">\n\t\t\t\t\t\t\t\t\t<p><span style=\"color: #ffffff;\"><a style=\"color: #ffffff;\" href=\"https:\/\/dolartube.com\/en\/politicas\/\" target=\"_blank\" rel=\"noopener\">Privacy policies<\/a> | <a style=\"color: #ffffff;\" href=\"https:\/\/dolartube.com\/en\/termos\/\" target=\"_blank\" rel=\"noopener\">Terms of Use<\/a> | <a style=\"color: #ffffff;\" href=\"https:\/\/dolartube.com\/en\/\">Dollar Tube<\/a> | <a style=\"color: #ffffff;\" href=\"https:\/\/dolartube.com\/en\/sobre\/\" target=\"_blank\" rel=\"noopener\">About Us<\/a> | <a style=\"color: #ffffff;\" href=\"https:\/\/dolartube.com\/en\/contato\/\">Contact\u00a0<\/a><\/span><\/p>\t\t\t\t\t\t\t\t<\/div>\n\t\t\t\t<\/div>\n\t\t\t\t<div class=\"elementor-element elementor-element-92cce06 elementor-widget elementor-widget-html\" data-id=\"92cce06\" data-element_type=\"widget\" data-e-type=\"widget\" data-widget_type=\"html.default\">\n\t\t\t\t<div class=\"elementor-widget-container\">\n\t\t\t\t\t<!-- Google tag (gtag.js) -->\r\n<script async src=\"https:\/\/www.googletagmanager.com\/gtag\/js?id=AW-381014773\"><\/script>\r\n<script>\r\n  window.dataLayer = window.dataLayer || [];\r\n  function gtag(){dataLayer.push(arguments);}\r\n  gtag('js', new Date());\r\n\r\n  gtag('config', 'AW-381014773');\r\n<\/script>\r\n\t\t\t\t<\/div>\n\t\t\t\t<\/div>\n\t\t\t\t\t<\/div>\n\t\t\t\t<\/div>\n\t\t\t\t<\/div>","protected":false},"excerpt":{"rendered":"<p>Veja AGORA como n\u00f3s estamos Monetizando Dezenas De canais GRINGOS aqui mesmo do Brasil Apenas Utilizando estas Automa\u00e7\u00f5es de Cria\u00e7ao de conte\u00fados Simples dentro do YOUTUBE Seu v\u00eddeo j\u00e1 come\u00e7ou! Clique aqui para ativar o som Play Pause QUERO ACESSO AS FERRAMENTAS DE AUTOMA\u00c7\u00c3O EU QUERO MONETIZAR USANDO AUTOMA\u00c7\u00d5ES Quer ter Acesso as ferramentas completas [&hellip;]<\/p>","protected":false},"author":1,"featured_media":0,"parent":0,"menu_order":0,"comment_status":"closed","ping_status":"closed","template":"elementor_canvas","meta":{"footnotes":""},"class_list":["post-141","page","type-page","status-publish","hentry"],"_links":{"self":[{"href":"https:\/\/dolartube.com\/en\/wp-json\/wp\/v2\/pages\/141","targetHints":{"allow":["GET"]}}],"collection":[{"href":"https:\/\/dolartube.com\/en\/wp-json\/wp\/v2\/pages"}],"about":[{"href":"https:\/\/dolartube.com\/en\/wp-json\/wp\/v2\/types\/page"}],"author":[{"embeddable":true,"href":"https:\/\/dolartube.com\/en\/wp-json\/wp\/v2\/users\/1"}],"replies":[{"embeddable":true,"href":"https:\/\/dolartube.com\/en\/wp-json\/wp\/v2\/comments?post=141"}],"version-history":[{"count":43,"href":"https:\/\/dolartube.com\/en\/wp-json\/wp\/v2\/pages\/141\/revisions"}],"predecessor-version":[{"id":469,"href":"https:\/\/dolartube.com\/en\/wp-json\/wp\/v2\/pages\/141\/revisions\/469"}],"wp:attachment":[{"href":"https:\/\/dolartube.com\/en\/wp-json\/wp\/v2\/media?parent=141"}],"curies":[{"name":"wp","href":"https:\/\/api.w.org\/{rel}","templated":true}]}}