{"id":3,"date":"2024-12-12T14:16:16","date_gmt":"2024-12-12T14:16:16","guid":{"rendered":"http:\/\/dolartube.com\/?page_id=3"},"modified":"2024-12-12T17:48:23","modified_gmt":"2024-12-12T17:48:23","slug":"politicas","status":"publish","type":"page","link":"https:\/\/dolartube.com\/de\/politicas\/","title":{"rendered":"Datenschutzrichtlinien"},"content":{"rendered":"<h2><span style=\"color: #444444;\">Datenschutzrichtlinie<\/span><\/h2>\n<p><span style=\"color: #444444;\">Ihre Privatsph\u00e4re ist uns wichtig. Es ist die Politik von Dolar Tube Monetiza\u00e7\u00e3o Americana, Ihre Privatsph\u00e4re in Bezug auf alle Informationen zu respektieren, die wir auf der Website von Ihnen erfassen. <a href=\"https:\/\/dolartube.com\/de\/\">Amerikanischer Monetarisierungs-Tube-Dollar<\/a>, und andere Websites, die wir besitzen und betreiben.<\/span><\/p>\n<p><span style=\"color: #444444;\">Wir fragen nur dann nach pers\u00f6nlichen Informationen, wenn wir diese wirklich ben\u00f6tigen, um Ihnen einen Service zu bieten. Wir tun dies auf faire und rechtm\u00e4\u00dfige Weise und mit Ihrem Wissen und Ihrer Zustimmung. Wir teilen Ihnen auch mit, warum wir diese Daten erfassen und wie sie verwendet werden.<\/span><\/p>\n<p><span style=\"color: #444444;\">Wir bewahren die erfassten Informationen nur so lange auf, wie es f\u00fcr die Bereitstellung des von Ihnen gew\u00fcnschten Dienstes erforderlich ist. Die von uns gespeicherten Daten sch\u00fctzen wir mit kommerziell vertretbaren Mitteln, um Verlust und Diebstahl sowie unbefugten Zugriff, Offenlegung, Kopieren, Verwendung oder \u00c4nderung zu verhindern.<\/span><\/p>\n<p><span style=\"color: #444444;\">Wir geben keine personenbezogenen Daten \u00f6ffentlich oder an Dritte weiter, es sei denn, wir sind gesetzlich dazu verpflichtet.<\/span><\/p>\n<p><span style=\"color: #444444;\">Unsere Website kann Links zu externen Websites enthalten, die nicht von uns betrieben werden. Bitte beachten Sie, dass wir keine Kontrolle \u00fcber den Inhalt und die Praktiken dieser Websites haben und keine Verantwortung f\u00fcr deren jeweilige\u00a0<\/span><a style=\"background-color: transparent; color: #444444;\" href=\"https:\/\/politicaprivacidade.com\/\" target=\"_blank\" rel=\"noopener noreferrer\">Datenschutzrichtlinien<\/a><span style=\"color: #444444;\">.<\/span><\/p>\n<p><span style=\"color: #444444;\">Es steht Ihnen frei, unsere Anfrage nach Ihren pers\u00f6nlichen Daten abzulehnen, allerdings mit dem Verst\u00e4ndnis, dass wir Ihnen dann m\u00f6glicherweise einige der von Ihnen gew\u00fcnschten Dienste nicht zur Verf\u00fcgung stellen k\u00f6nnen.<\/span><\/p>\n<p><span style=\"color: #444444;\">Ihre fortgesetzte Nutzung unserer Website gilt als Zustimmung zu unseren Praktiken in Bezug auf Datenschutz und personenbezogene Daten. Wenn Sie Fragen zu unserem Umgang mit Benutzerdaten und pers\u00f6nlichen Informationen haben, kontaktieren Sie uns bitte.<\/span><\/p>\n<ul>\n<li><span style=\"color: #444444;\">Der von uns zur Schaltung von Werbung verwendete Google AdSense-Dienst verwendet ein DoubleClick-Cookie, um im gesamten Web relevantere Anzeigen zu schalten und die H\u00e4ufigkeit zu begrenzen, mit der Ihnen eine bestimmte Anzeige angezeigt wird.<\/span><\/li>\n<li><span style=\"color: #444444;\">Weitere Informationen zu Google AdSense finden Sie in den offiziellen FAQs zum Datenschutz bei Google AdSense.<\/span><\/li>\n<li><span style=\"color: #444444;\">Wir verwenden Anzeigen, um die Kosten f\u00fcr den Betrieb dieser Website zu decken und die Finanzierung der zuk\u00fcnftigen Entwicklung sicherzustellen. Die von dieser Site verwendeten Cookies f\u00fcr verhaltensbasierte Werbung sollen sicherstellen, dass wir Ihnen m\u00f6glichst relevante Werbung bereitstellen, indem wir Ihre Interessen anonym verfolgen und Ihnen \u00e4hnliche Dinge pr\u00e4sentieren, die f\u00fcr Sie von Interesse sein k\u00f6nnten.<\/span><\/li>\n<li><span style=\"color: #444444;\">Mehrere Partner werben in unserem Namen und mithilfe von Affiliate-Tracking-Cookies k\u00f6nnen wir einfach feststellen, ob unsere Kunden \u00fcber eine unserer Partner-Sites auf die Site gelangt sind, sodass wir ihnen den entsprechenden Betrag gutschreiben und unseren Affiliate-Partnern gegebenenfalls erm\u00f6glichen k\u00f6nnen, Ihnen einen Bonus f\u00fcr einen Einkauf zu gew\u00e4hren.<\/span><\/li>\n<\/ul>\n<p>&nbsp;<\/p>\n<h3><span style=\"color: #444444;\">Benutzerverpflichtung<\/span><\/h3>\n<p><span style=\"color: #444444;\">Der Benutzer verpflichtet sich, die Inhalte und Informationen, die Dolar Tube Monetiza\u00e7\u00e3o Americana auf der Website anbietet, angemessen zu nutzen, und zwar beispielsweise, aber nicht beschr\u00e4nkt auf:<\/span><\/p>\n<ul>\n<li><span style=\"color: #444444;\">A) sich nicht an Aktivit\u00e4ten zu beteiligen, die illegal sind oder gegen Treu und Glauben und die \u00f6ffentliche Ordnung versto\u00dfen;<\/span><\/li>\n<li><span style=\"color: #444444;\">B) Verbreiten Sie keine Propaganda oder Inhalte rassistischer, fremdenfeindlicher Natur, <\/span><span style=\"color: #212529;\"><a style=\"color: inherit !important; text-decoration: none !important; font-size: inherit !important;\" href=\"https:\/\/bbebbet.br.com\">bbbbet<\/a><\/span><span style=\"color: #444444;\"> oder Ungl\u00fcck, jede Art illegaler Pornografie, zur Unterst\u00fctzung des Terrorismus oder gegen die Menschenrechte;<\/span><\/li>\n<li><span style=\"color: #444444;\">C) Keine Sch\u00e4den an den physischen (Hardware) und logischen (Software) Systemen von Dolar Tube Monetiza\u00e7\u00e3o Americana, seinen Lieferanten oder Dritten zu verursachen, keine Computerviren oder andere Hardware- oder Softwaresysteme einzuf\u00fchren oder zu verbreiten, die die oben genannten Sch\u00e4den verursachen k\u00f6nnen.<\/span><\/li>\n<\/ul>\n<h3><span style=\"color: #444444;\">Weitere Informationen<\/span><\/h3>\n<p><span style=\"color: #444444;\">Hoffentlich hat das die Dinge f\u00fcr Sie gekl\u00e4rt, und wie bereits erw\u00e4hnt, ist es normalerweise sicherer, Cookies aktiviert zu lassen, falls sie mit einer der Funktionen interagieren, die Sie auf unserer Site verwenden, wenn Sie sich nicht sicher sind, ob Sie etwas ben\u00f6tigen oder nicht.<\/span><\/p>\n<p><span style=\"color: #444444;\">Diese Richtlinie ist ab dem 12. Dezember 2024 um 17:48 Uhr g\u00fcltig.<\/span><\/p>","protected":false},"excerpt":{"rendered":"<p>Pol\u00edtica Privacidade A sua privacidade \u00e9 importante para n\u00f3s. \u00c9 pol\u00edtica do Dolar Tube Monetiza\u00e7\u00e3o Americana respeitar a sua privacidade em rela\u00e7\u00e3o a qualquer informa\u00e7\u00e3o sua que possamos coletar no site Dolar Tube Monetiza\u00e7\u00e3o Americana, e outros sites que possu\u00edmos e operamos. Solicitamos informa\u00e7\u00f5es pessoais apenas quando realmente precisamos delas para lhe fornecer um servi\u00e7o. [&hellip;]<\/p>","protected":false},"author":1,"featured_media":0,"parent":0,"menu_order":0,"comment_status":"closed","ping_status":"open","template":"","meta":{"footnotes":""},"class_list":["post-3","page","type-page","status-publish","hentry"],"_links":{"self":[{"href":"https:\/\/dolartube.com\/de\/wp-json\/wp\/v2\/pages\/3","targetHints":{"allow":["GET"]}}],"collection":[{"href":"https:\/\/dolartube.com\/de\/wp-json\/wp\/v2\/pages"}],"about":[{"href":"https:\/\/dolartube.com\/de\/wp-json\/wp\/v2\/types\/page"}],"author":[{"embeddable":true,"href":"https:\/\/dolartube.com\/de\/wp-json\/wp\/v2\/users\/1"}],"replies":[{"embeddable":true,"href":"https:\/\/dolartube.com\/de\/wp-json\/wp\/v2\/comments?post=3"}],"version-history":[{"count":3,"href":"https:\/\/dolartube.com\/de\/wp-json\/wp\/v2\/pages\/3\/revisions"}],"predecessor-version":[{"id":178,"href":"https:\/\/dolartube.com\/de\/wp-json\/wp\/v2\/pages\/3\/revisions\/178"}],"wp:attachment":[{"href":"https:\/\/dolartube.com\/de\/wp-json\/wp\/v2\/media?parent=3"}],"curies":[{"name":"wp","href":"https:\/\/api.w.org\/{rel}","templated":true}]}}