{"id":183,"date":"2024-12-12T17:53:57","date_gmt":"2024-12-12T17:53:57","guid":{"rendered":"https:\/\/dolartube.com\/?page_id=183"},"modified":"2024-12-12T17:53:57","modified_gmt":"2024-12-12T17:53:57","slug":"contato","status":"publish","type":"page","link":"https:\/\/dolartube.com\/de\/contato\/","title":{"rendered":"Kontakt"},"content":{"rendered":"<p><strong>Kontaktseite<\/strong><\/p>\n<p>Haben Sie Fragen, Anregungen oder m\u00f6chten Sie mehr \u00fcber unsere Produkte und Dienstleistungen erfahren? Dann kontaktieren Sie uns! Wir helfen Ihnen gerne weiter und sorgen daf\u00fcr, dass Sie die bestm\u00f6gliche Erfahrung machen.<\/p>\n<h3>Kontaktmethoden:<\/h3>\n<p><strong>\ud83d\udce7 E-Mail: eriveltoncgui2017@gmail.com<\/strong><br \/>\n<strong>\ud83d\udcde Telefon:<\/strong> +55 (35) 9 9965-3990<br \/>\n<strong>\ud83d\udcf1 WhatsApp:<\/strong> Klicken Sie auf den untenstehenden Link, um direkt \u00fcber WhatsApp mit uns zu sprechen:<\/p>\n<p><a href=\"https:\/\/wa.me\/5535999653990\"><strong>Anrufen \u00fcber WhatsApp<\/strong><\/a><\/p>\n<p>Unser Kundenservice ist montags bis freitags von 9:00 bis 18:00 Uhr (Brasilia-Zeit) erreichbar. Sollten Sie uns au\u00dferhalb unserer Gesch\u00e4ftszeiten kontaktieren, melden wir uns schnellstm\u00f6glich bei Ihnen.<\/p>\n<p>Wir freuen uns auf Ihre Kontaktaufnahme!<\/p>","protected":false},"excerpt":{"rendered":"<p>P\u00e1gina de Contato Se voc\u00ea tem d\u00favidas, sugest\u00f5es ou gostaria de saber mais sobre nossos produtos e servi\u00e7os, entre em contato conosco! Estamos prontos para ajudar e garantir que voc\u00ea tenha a melhor experi\u00eancia poss\u00edvel. Formas de contato: \ud83d\udce7 E-mail: eriveltoncgui2017@gmail.com \ud83d\udcde Telefone: +55 (35) 9 9965-3990 \ud83d\udcf1 WhatsApp: Clique no link abaixo para falar [&hellip;]<\/p>","protected":false},"author":1,"featured_media":0,"parent":0,"menu_order":0,"comment_status":"closed","ping_status":"closed","template":"","meta":{"footnotes":""},"class_list":["post-183","page","type-page","status-publish","hentry"],"_links":{"self":[{"href":"https:\/\/dolartube.com\/de\/wp-json\/wp\/v2\/pages\/183","targetHints":{"allow":["GET"]}}],"collection":[{"href":"https:\/\/dolartube.com\/de\/wp-json\/wp\/v2\/pages"}],"about":[{"href":"https:\/\/dolartube.com\/de\/wp-json\/wp\/v2\/types\/page"}],"author":[{"embeddable":true,"href":"https:\/\/dolartube.com\/de\/wp-json\/wp\/v2\/users\/1"}],"replies":[{"embeddable":true,"href":"https:\/\/dolartube.com\/de\/wp-json\/wp\/v2\/comments?post=183"}],"version-history":[{"count":1,"href":"https:\/\/dolartube.com\/de\/wp-json\/wp\/v2\/pages\/183\/revisions"}],"predecessor-version":[{"id":185,"href":"https:\/\/dolartube.com\/de\/wp-json\/wp\/v2\/pages\/183\/revisions\/185"}],"wp:attachment":[{"href":"https:\/\/dolartube.com\/de\/wp-json\/wp\/v2\/media?parent=183"}],"curies":[{"name":"wp","href":"https:\/\/api.w.org\/{rel}","templated":true}]}}