{"id":181,"date":"2024-12-12T17:50:22","date_gmt":"2024-12-12T17:50:22","guid":{"rendered":"https:\/\/dolartube.com\/?page_id=181"},"modified":"2024-12-12T17:50:31","modified_gmt":"2024-12-12T17:50:31","slug":"sobre","status":"publish","type":"page","link":"https:\/\/dolartube.com\/de\/sobre\/","title":{"rendered":"\u00dcber uns"},"content":{"rendered":"<p><strong>\u00dcber uns \u2013 Entdecken Sie die Macht der Dollar Tube &amp; Like-Punkte<\/strong><\/p>\n<p>Willkommen bei <strong>Like-Punkte<\/strong>, die Plattform, die in der digitalen Welt das Unm\u00f6gliche Wirklichkeit werden l\u00e4sst. Wir sind davon \u00fcberzeugt, dass jeder mit der richtigen Strategie und den richtigen Tools im Internet finanzielle Unabh\u00e4ngigkeit erreichen und echte Ergebnisse erzielen kann. Dabei spielt es keine Rolle, ob Sie bei Null anfangen oder bereits Erfahrung haben: Hier geschieht die Magie.<\/p>\n<h3><strong>Unsere Mission<\/strong><\/h3>\n<p>Unsere Mission ist klar: Wir m\u00f6chten Sie mit praktischem Wissen, exklusiven Tools und innovativen Hacks ausstatten, die Sie direkt zum Erfolg f\u00fchren. Wir wissen, dass die Online-Welt voller leerer Versprechungen ist, aber bei Like Points erfahren Sie das \u201eWie\u201c und \u201eWarum\u201c jedes Schritts, bevor Sie ihn in die Praxis umsetzen. Keine vagen Theorien oder unbegr\u00fcndeten Tricks \u2013 nur erprobte und bew\u00e4hrte Strategien.<\/p>\n<h3><strong>Was uns einzigartig macht<\/strong><\/h3>\n<ul>\n<li><strong>Nichts ausgeben, nur verdienen:<\/strong> Hier lernen Sie Methoden kennen, die keine Anfangsinvestition erfordern. Alles, was Sie brauchen, sind die Kenntnisse und Werkzeuge, die wir Ihnen zur Verf\u00fcgung stellen, um mit der Erzielung von Gewinnen zu beginnen.<\/li>\n<li><strong>Nachgewiesene Ergebnisse:<\/strong> Mit \u00fcber 4 Jahren Erfahrung und Tausenden genutzten Kan\u00e4len wird unsere Methodik st\u00e4ndig aktualisiert, um mit dem Schritt zu halten, was wirklich funktioniert.<\/li>\n<li><strong>Automatisierung und Intelligenz:<\/strong> Werkzeuge wie <em>Dark Like Tools<\/em> und die <em>SEO-Auszug<\/em> Verschaffen Sie sich einen Vorsprung vor der Konkurrenz, optimieren Sie Prozesse und sparen Sie Zeit.<\/li>\n<li><strong>Exklusives soziales Netzwerk:<\/strong> Eine interne Community von Entwicklern, die wertvolle Erfahrungen, Tipps und Erkenntnisse austauschen, sodass Sie von denen lernen k\u00f6nnen, die bereits erfolgreich waren.<\/li>\n<li><strong>Ohne erscheinen zu m\u00fcssen:<\/strong> Unsere L\u00f6sungen mit humanisierten Erz\u00e4hlern und anonymen Erstellungsressourcen sind ideal f\u00fcr alle, die Gewinn erzielen m\u00f6chten, ohne ihre Identit\u00e4t preiszugeben.<\/li>\n<\/ul>\n<h3><strong>Was Sie hier finden<\/strong><\/h3>\n<ol>\n<li><strong>Komplette und schrittweise Kurse:<\/strong> Erfahren Sie, wie Sie einen YouTube-Kanal erstellen und professionalisieren, auch wenn Sie ein absoluter Anf\u00e4nger sind.<\/li>\n<li><strong>Exklusive Tools:<\/strong>\n<ul>\n<li>Erstellung von Titeln, Thumbnails und Skripten mit k\u00fcnstlicher Intelligenz.<\/li>\n<li>Massenweise Gr\u00f6\u00dfen\u00e4nderung von Bildern.<\/li>\n<li>SEO-Extraktor f\u00fcr Videos von Wettbewerbern.<\/li>\n<\/ul>\n<\/li>\n<li><strong>Maximale Produktivit\u00e4t:<\/strong> Software zum Organisieren von Projekten, Automatisieren von Prozessen und Erleichtern der Erstellung von Inhalten auf intuitive Weise.<\/li>\n<li><strong>K\u00fcnstliche Intelligenz der n\u00e4chsten Generation:<\/strong> Entdecken Sie die KIs, die die Produktion digitaler Inhalte revolutionieren, und erfahren Sie, wie Sie sie nutzen k\u00f6nnen, um konkrete Ergebnisse zu erzielen.<\/li>\n<\/ol>\n<h3><strong>Warum Like Points w\u00e4hlen?<\/strong><\/h3>\n<p>Wir liefern mehr als nur Werkzeuge \u2013 wir liefern die Chance, Ihr Leben zu ver\u00e4ndern. Unser praktischer, direkter Ansatz stellt sicher, dass Sie das Beste aus digitalen Plattformen herausholen. Ob Sie Dark Channels erstellen, profitable Nischen entdecken oder einfach Ihre Strategie verfeinern, Sie sind immer einen Schritt voraus.<\/p>\n<p><strong>Sind Sie bereit, Ihre Reise zum Erfolg zu beginnen? Like Points ist Ihre Grundlage f\u00fcr den Aufbau der Zukunft, die Sie verdienen.<\/strong><\/p>","protected":false},"excerpt":{"rendered":"<p>Sobre N\u00f3s \u2013 Descubra o Poder do D\u00f3lar Tube &amp; Like points Bem-vindo ao Like Points, a plataforma que transforma o imposs\u00edvel em realidade no mundo digital. Aqui, acreditamos que qualquer pessoa, com a estrat\u00e9gia certa e as ferramentas adequadas, pode conquistar independ\u00eancia financeira na internet e alcan\u00e7ar resultados reais. N\u00e3o importa se voc\u00ea est\u00e1 [&hellip;]<\/p>","protected":false},"author":1,"featured_media":0,"parent":0,"menu_order":0,"comment_status":"closed","ping_status":"closed","template":"","meta":{"footnotes":""},"class_list":["post-181","page","type-page","status-publish","hentry"],"_links":{"self":[{"href":"https:\/\/dolartube.com\/de\/wp-json\/wp\/v2\/pages\/181","targetHints":{"allow":["GET"]}}],"collection":[{"href":"https:\/\/dolartube.com\/de\/wp-json\/wp\/v2\/pages"}],"about":[{"href":"https:\/\/dolartube.com\/de\/wp-json\/wp\/v2\/types\/page"}],"author":[{"embeddable":true,"href":"https:\/\/dolartube.com\/de\/wp-json\/wp\/v2\/users\/1"}],"replies":[{"embeddable":true,"href":"https:\/\/dolartube.com\/de\/wp-json\/wp\/v2\/comments?post=181"}],"version-history":[{"count":1,"href":"https:\/\/dolartube.com\/de\/wp-json\/wp\/v2\/pages\/181\/revisions"}],"predecessor-version":[{"id":182,"href":"https:\/\/dolartube.com\/de\/wp-json\/wp\/v2\/pages\/181\/revisions\/182"}],"wp:attachment":[{"href":"https:\/\/dolartube.com\/de\/wp-json\/wp\/v2\/media?parent=181"}],"curies":[{"name":"wp","href":"https:\/\/api.w.org\/{rel}","templated":true}]}}