{"id":179,"date":"2024-12-12T17:48:37","date_gmt":"2024-12-12T17:48:37","guid":{"rendered":"https:\/\/dolartube.com\/?page_id=179"},"modified":"2024-12-12T17:48:43","modified_gmt":"2024-12-12T17:48:43","slug":"termos","status":"publish","type":"page","link":"https:\/\/dolartube.com\/de\/termos\/","title":{"rendered":"Nutzungsbedingungen"},"content":{"rendered":"<h2><span style=\"color: rgb(68, 68, 68);\">1. Bedingungen<\/span><\/h2>\n<p><span style=\"color: rgb(68, 68, 68);\">Beim Zugriff auf die Website <a href=\"https:\/\/dolartube.com\/de\/\">Amerikanischer Monetarisierungs-Tube-Dollar<\/a>, erkl\u00e4ren Sie sich damit einverstanden, diese Servicebedingungen sowie alle geltenden Gesetze und Vorschriften einzuhalten, und stimmen zu, dass Sie f\u00fcr die Einhaltung aller geltenden lokalen Gesetze verantwortlich sind. Wenn Sie mit diesen Bedingungen nicht einverstanden sind, ist Ihnen die Nutzung oder der Zugriff auf diese Site untersagt. Die auf dieser Website enthaltenen Materialien sind durch geltendes Urheber- und Markenrecht gesch\u00fctzt.<\/span><\/p>\n<h2><span style=\"color: rgb(68, 68, 68);\">2. Nutzungslizenz<\/span><\/h2>\n<p><span style=\"color: rgb(68, 68, 68);\">Es wird die Erlaubnis erteilt, vor\u00fcbergehend eine Kopie der Materialien (Informationen oder Software) auf der Website von Dolar Tube Monetiza\u00e7\u00e3o Americana herunterzuladen, und zwar ausschlie\u00dflich f\u00fcr die pers\u00f6nliche, nicht kommerzielle, vor\u00fcbergehende Ansicht. Es handelt sich hierbei um die Gew\u00e4hrung einer Lizenz und nicht um eine \u00dcbertragung des Eigentumsrechts. Im Rahmen dieser Lizenz d\u00fcrfen Sie nicht:&nbsp;<\/span><\/p>\n<ol>\n<li><span style=\"color: rgb(68, 68, 68);\">die Materialien ver\u00e4ndern oder kopieren;&nbsp;<\/span><\/li>\n<li><span style=\"color: rgb(68, 68, 68);\">die Materialien f\u00fcr kommerzielle Zwecke oder f\u00fcr eine \u00f6ffentliche Darstellung (kommerziell oder nicht kommerziell) zu verwenden;&nbsp;<\/span><\/li>\n<li><span style=\"color: rgb(68, 68, 68);\">versuchen, Software auf der Website Dolar Tube Monetiza\u00e7\u00e3o Americana zu dekompilieren oder zur\u00fcckzuentwickeln;&nbsp;<\/span><\/li>\n<li><span style=\"color: rgb(68, 68, 68);\">jegliche Urheberrechts- oder sonstige Eigentumsvermerke aus den Materialien entfernen; oder&nbsp;<\/span><\/li>\n<li><span style=\"color: rgb(68, 68, 68);\">die Materialien an eine andere Person \u00fcbertragen oder die Materialien auf einem anderen Server \u201espiegeln\u201c.<\/span><\/li>\n<\/ol>\n<p><span style=\"color: rgb(68, 68, 68);\">Diese Lizenz erlischt automatisch, wenn Sie gegen eine dieser Einschr\u00e4nkungen versto\u00dfen, und kann von Dolar Tube Monetiza\u00e7\u00e3o Americana jederzeit gek\u00fcndigt werden. Wenn Sie die Anzeige dieser Materialien beenden oder diese Lizenz erlischt, m\u00fcssen Sie s\u00e4mtliche heruntergeladenen Materialien in Ihrem Besitz vernichten, unabh\u00e4ngig davon, ob sie in elektronischer oder gedruckter Form vorliegen.<\/span><\/p>\n<h2><span style=\"color: rgb(68, 68, 68);\">3. Haftungsausschluss<\/span><\/h2>\n<ol>\n<li><span style=\"color: rgb(68, 68, 68);\">Die Materialien auf der Website von Dolar Tube Monetiza\u00e7\u00e3o Americana werden \u201ewie besehen\u201c bereitgestellt. Dolar Tube Monetiza\u00e7\u00e3o Americana \u00fcbernimmt keine ausdr\u00fccklichen oder stillschweigenden Garantien und schlie\u00dft hiermit alle anderen Garantien aus, einschlie\u00dflich, aber nicht beschr\u00e4nkt auf stillschweigende Garantien oder Bedingungen hinsichtlich der Marktg\u00e4ngigkeit, Eignung f\u00fcr einen bestimmten Zweck oder Nichtverletzung von geistigem Eigentum oder sonstige Rechtsverletzungen.<\/span><\/li>\n<li><span style=\"color: rgb(68, 68, 68);\">Dar\u00fcber hinaus \u00fcbernimmt Dolar Tube Monetiza\u00e7\u00e3o Americana keine Garantie oder Zusicherung hinsichtlich der Genauigkeit, der wahrscheinlichen Ergebnisse oder der Zuverl\u00e4ssigkeit der Verwendung der Materialien auf seiner Website oder in sonstiger Weise in Bezug auf diese Materialien oder auf Websites, die mit dieser Website verlinkt sind.<\/span><\/li>\n<\/ol>\n<h2><span style=\"color: rgb(68, 68, 68);\">4. Einschr\u00e4nkungen<\/span><\/h2>\n<p><span style=\"color: rgb(68, 68, 68);\">Dolar Tube Monetiza\u00e7\u00e3o Americana oder seine Lieferanten haften in keinem Fall f\u00fcr Sch\u00e4den (einschlie\u00dflich, aber nicht beschr\u00e4nkt auf Sch\u00e4den durch Datenverlust oder entgangenen Gewinn oder aufgrund von Gesch\u00e4ftsunterbrechung), die aus der Nutzung oder der Unm\u00f6glichkeit der Nutzung der Materialien auf der Internet-Site von Dolar Tube Monetiza\u00e7\u00e3o Americana entstehen, selbst wenn Dolar Tube Monetiza\u00e7\u00e3o Americana oder ein autorisierter Vertreter von Dolar Tube Monetiza\u00e7\u00e3o Americana m\u00fcndlich oder schriftlich \u00fcber die M\u00f6glichkeit derartiger Sch\u00e4den informiert wurde. Da in einigen Rechtsgebieten die Einschr\u00e4nkung stillschweigender Garantien oder die Haftung f\u00fcr Folge- oder Nebensch\u00e4den nicht zul\u00e4ssig ist, gelten diese Einschr\u00e4nkungen m\u00f6glicherweise nicht f\u00fcr Sie.<\/span><\/p>\n<h2><span style=\"color: rgb(68, 68, 68);\">5. Genauigkeit der Materialien<\/span><\/h2>\n<p><span style=\"color: rgb(68, 68, 68);\">Die auf der Website Dolar Tube Monetiza\u00e7\u00e3o Americana angezeigten Materialien k\u00f6nnen technische, typografische oder fotografische Fehler enthalten. Dolar Tube Monetiza\u00e7\u00e3o Americana \u00fcbernimmt keine Gew\u00e4hr f\u00fcr die Richtigkeit, Vollst\u00e4ndigkeit oder Aktualit\u00e4t der Materialien auf seiner Website. Dolar Tube Monetiza\u00e7\u00e3o Americana kann jederzeit und ohne vorherige Ank\u00fcndigung \u00c4nderungen an den auf seiner Website enthaltenen Materialien vornehmen. Dolar Tube Monetiza\u00e7\u00e3o Americana verpflichtet sich jedoch nicht, die Materialien zu aktualisieren.<\/span><\/p>\n<h2><span style=\"color: rgb(68, 68, 68);\">6. Links<\/span><\/h2>\n<p><span style=\"color: rgb(68, 68, 68);\">Dolar Tube Monetiza\u00e7\u00e3o Americana hat nicht alle mit seiner Website verkn\u00fcpften Sites \u00fcberpr\u00fcft und ist nicht f\u00fcr den Inhalt solcher verkn\u00fcpften Sites verantwortlich. Die Aufnahme eines Links bedeutet nicht, dass Dolar Tube Monetiza\u00e7\u00e3o Americana die Website bef\u00fcrwortet. Die Nutzung aller verlinkten Websites erfolgt auf eigene Gefahr des Benutzers.<\/span><\/p>\n<p><\/p>\n<h3><span style=\"color: rgb(68, 68, 68);\">\u00c4nderungen<\/span><\/h3>\n<p><span style=\"color: rgb(68, 68, 68);\">Dolar Tube Monetiza\u00e7\u00e3o Americana kann diese Servicebedingungen f\u00fcr seine Website jederzeit und ohne Vorank\u00fcndigung \u00e4ndern. Durch die Nutzung dieser Website erkl\u00e4ren Sie sich mit der jeweils aktuellen Version dieser Servicebedingungen einverstanden.<\/span><\/p>\n<h3><span style=\"color: rgb(68, 68, 68);\">Geltendes Recht<\/span><\/h3>\n<p><span style=\"color: rgb(68, 68, 68);\">Diese Gesch\u00e4ftsbedingungen unterliegen den Gesetzen von Dolar Tube Monetiza\u00e7\u00e3o Americana und werden entsprechend ausgelegt. Sie unterwerfen sich unwiderruflich der ausschlie\u00dflichen Zust\u00e4ndigkeit der Gerichte dieses Staates oder Ortes.<\/span><\/p>","protected":false},"excerpt":{"rendered":"<p>1. Termos Ao acessar ao site Dolar Tube Monetiza\u00e7\u00e3o Americana, concorda em cumprir estes termos de servi\u00e7o, todas as leis e regulamentos aplic\u00e1veis \u200b\u200be concorda que \u00e9 respons\u00e1vel pelo cumprimento de todas as leis locais aplic\u00e1veis. Se voc\u00ea n\u00e3o concordar com algum desses termos, est\u00e1 proibido de usar ou acessar este site. Os materiais contidos [&hellip;]<\/p>","protected":false},"author":1,"featured_media":0,"parent":0,"menu_order":0,"comment_status":"closed","ping_status":"closed","template":"","meta":{"footnotes":""},"class_list":["post-179","page","type-page","status-publish","hentry"],"_links":{"self":[{"href":"https:\/\/dolartube.com\/de\/wp-json\/wp\/v2\/pages\/179","targetHints":{"allow":["GET"]}}],"collection":[{"href":"https:\/\/dolartube.com\/de\/wp-json\/wp\/v2\/pages"}],"about":[{"href":"https:\/\/dolartube.com\/de\/wp-json\/wp\/v2\/types\/page"}],"author":[{"embeddable":true,"href":"https:\/\/dolartube.com\/de\/wp-json\/wp\/v2\/users\/1"}],"replies":[{"embeddable":true,"href":"https:\/\/dolartube.com\/de\/wp-json\/wp\/v2\/comments?post=179"}],"version-history":[{"count":1,"href":"https:\/\/dolartube.com\/de\/wp-json\/wp\/v2\/pages\/179\/revisions"}],"predecessor-version":[{"id":180,"href":"https:\/\/dolartube.com\/de\/wp-json\/wp\/v2\/pages\/179\/revisions\/180"}],"wp:attachment":[{"href":"https:\/\/dolartube.com\/de\/wp-json\/wp\/v2\/media?parent=179"}],"curies":[{"name":"wp","href":"https:\/\/api.w.org\/{rel}","templated":true}]}}